{"id":74745,"date":"2025-11-26T12:44:09","date_gmt":"2025-11-26T12:44:09","guid":{"rendered":"https:\/\/www.padaworks.com\/product\/ceramic-glazed-sardines-ceramic-sardine-traditional-sardine-ceramic-hanging-sardine-sardine-art-sardine-gifts-ceramic-art\/"},"modified":"2026-05-08T11:45:45","modified_gmt":"2026-05-08T10:45:45","slug":"sardinhas-esmaltadas-em-ceramica-2","status":"publish","type":"product","link":"https:\/\/www.padaworks.com\/pt\/product\/sardinhas-esmaltadas-em-ceramica-2\/","title":{"rendered":"Sardinhas de cer\u00e2mica vidradas"},"content":{"rendered":"<p>Sardinhas de cer\u00e2mica vidradas<\/p>\n<p>Sardinhas em cer\u00e2mica, feitas \u00e0 m\u00e3o com um acabamento vidrado que lhes confere cores vibrantes. Perfeitas para decorar a sua casa, para oferecer ou simplesmente para ter sempre por perto e recordar Portugal.<br \/>\nPequenas irregularidades comprovam um trabalho artesanal 100% e pe\u00e7as \u00fanicas!<\/p>\n<p>Feito \u00e0 m\u00e3o<br \/>\nFabricado em Portugal<\/p>\n<p>Dimens\u00f5es:<br \/>\nTamanho pequeno<br \/>\nC - 15 cm, L - 2,5 cm, A - 3,5 cm<br \/>\nC - 5,9 pol., L - 1,0 pol., A - 1,4 pol.<\/p>\n<p>Tamanho m\u00e9dio<br \/>\nC - 16 cm, L - 2,5 cm, A - 4 cm<br \/>\nC - 6,3 pol., L - 1,0 pol., A - 1,6 pol.<\/p>\n<p>Tamanho grande<br \/>\nC - 20 cm, L - 3 cm, A - 5 cm<br \/>\nC - 7,9 pol., L - 1,2 pol., A - 2,0 pol.<\/p>\n<p>T\u00eam uma abertura na parte de tr\u00e1s para serem pendurados na parede.<\/p>\n<p>O acabamento vidrado pode, por vezes, apresentar pequenas linhas e deforma\u00e7\u00f5es normais do processo de produ\u00e7\u00e3o manual.<\/p>\n<p>As dimens\u00f5es podem variar ligeiramente.<\/p>","protected":false},"excerpt":{"rendered":"<p>Ceramic Glazed Sardines Ceramic sardines, handmade with a glazed finish that gives them vibrant colors. Perfect for decorating your home, as a gift, or simply to keep close by and remind you of Portugal. Small irregularities prove a 100% handmade work and unique pieces! Artisan Made Made in Portugal Dimensions: Small Size L &#8211; 15 [&hellip;]<\/p>","protected":false},"featured_media":74746,"comment_status":"closed","ping_status":"closed","template":"","meta":{"_acf_changed":false},"product_brand":[],"product_cat":[1551],"product_tag":[492,395,1008,494,1685,1684,396,479,544,1508,493,491,1124],"class_list":{"0":"post-74745","1":"product","2":"type-product","3":"status-publish","4":"has-post-thumbnail","6":"product_cat-fishes","7":"product_tag-ceramic-fish","8":"product_tag-ceramic-painted","9":"product_tag-ceramic-wall-art","10":"product_tag-ceramic-wall-hanging","11":"product_tag-fish-art","12":"product_tag-fish-decor","13":"product_tag-fish-wall-hanging","14":"product_tag-gift-for-her","15":"product_tag-gift-from-portugal","16":"product_tag-kitchen-wall-hanging","17":"product_tag-outdoor-wall-decor","18":"product_tag-sardine-wall-hanging","19":"product_tag-vintage-ceramic","20":"product_shipping_class-small-package","22":"first","23":"instock","24":"taxable","25":"shipping-taxable","26":"purchasable","27":"product-type-variable","28":"has-default-attributes","29":"wvs-archive-product-wrapper"},"acf":[],"gallery_images":[101823,74748,74749,74750,74751,74752,74753,74754,74755],"_links":{"self":[{"href":"https:\/\/www.padaworks.com\/pt\/wp-json\/wp\/v2\/product\/74745","targetHints":{"allow":["GET"]}}],"collection":[{"href":"https:\/\/www.padaworks.com\/pt\/wp-json\/wp\/v2\/product"}],"about":[{"href":"https:\/\/www.padaworks.com\/pt\/wp-json\/wp\/v2\/types\/product"}],"replies":[{"embeddable":true,"href":"https:\/\/www.padaworks.com\/pt\/wp-json\/wp\/v2\/comments?post=74745"}],"wp:featuredmedia":[{"embeddable":true,"href":"https:\/\/www.padaworks.com\/pt\/wp-json\/wp\/v2\/media\/74746"}],"wp:attachment":[{"href":"https:\/\/www.padaworks.com\/pt\/wp-json\/wp\/v2\/media?parent=74745"}],"wp:term":[{"taxonomy":"product_brand","embeddable":true,"href":"https:\/\/www.padaworks.com\/pt\/wp-json\/wp\/v2\/product_brand?post=74745"},{"taxonomy":"product_cat","embeddable":true,"href":"https:\/\/www.padaworks.com\/pt\/wp-json\/wp\/v2\/product_cat?post=74745"},{"taxonomy":"product_tag","embeddable":true,"href":"https:\/\/www.padaworks.com\/pt\/wp-json\/wp\/v2\/product_tag?post=74745"}],"curies":[{"name":"wp","href":"https:\/\/api.w.org\/{rel}","templated":true}]}}