{"id":74440,"date":"2025-11-18T16:54:41","date_gmt":"2025-11-18T16:54:41","guid":{"rendered":"https:\/\/www.padaworks.com\/product\/medium-cream-and-orange-rug-70x140cm-striped-rug-cotton-rug-bedside-rug-bathroom-rug-cute-rug-bath-mat-modern-rug-rug-decor\/"},"modified":"2026-04-19T09:47:37","modified_gmt":"2026-04-19T09:47:37","slug":"tapete-medio-creme-e-laranja-70x140cm-tapete-com-linha-circular","status":"publish","type":"product","link":"https:\/\/www.padaworks.com\/pt\/product\/tapete-medio-creme-e-laranja-70x140cm-tapete-com-linha-circular\/","title":{"rendered":"Tapete m\u00e9dio creme e laranja \u2013 70 x 140 cm \u2013 Tapete Ring Line"},"content":{"rendered":"<p>Tapete m\u00e9dio creme e laranja 70 x 140 cm<br \/>\n(terracota + laranja sangu\u00ednea + cores laranja)<\/p>\n<p>Este tapete \u00e9 tecido num tear manual com tecidos reutilizados.<br \/>\nOs nossos tapetes s\u00e3o robustos, leves e podem ser lavados regularmente \u00e0 m\u00e3o ou \u00e0 m\u00e1quina.<br \/>\n\u00c9 ecol\u00f3gico porque reutiliza a mat\u00e9ria-prima desperdi\u00e7ada pela ind\u00fastria t\u00eaxtil.<br \/>\nRecomendamos a lavagem a frio ou a 30\u00b0C.<br \/>\nUma vez que este tapete \u00e9 fabricado com produtos reciclados das ind\u00fastrias t\u00eaxteis, pode haver ligeiras varia\u00e7\u00f5es de cor.<\/p>\n<p>Feito \u00e0 m\u00e3o<br \/>\nFabricado em Portugal<\/p>\n<p>Dimens\u00f5es:<br \/>\nC - 140 cm, L - 70 cm<br \/>\nC - 55,1 pol., L - 27,6 pol.<br \/>\nC - 4,6 p\u00e9s, L - 2,3 p\u00e9s<br \/>\nEspessura - cerca de 0,8 cm; 0,3 in<\/p>\n<p>As dimens\u00f5es podem variar ligeiramente.<\/p>","protected":false},"excerpt":{"rendered":"<p>Medium Cream and Orange Rug 70x140cm (terracotta + blood orange + orange colors) This rug is woven in a manual loom with fabrics reused. Our rugs are robust, light, and can be regularly washed by hand or machine. It is ecological because they reuse raw material wasted by the textil industry. We recommend cold washing [&hellip;]<\/p>","protected":false},"featured_media":74441,"comment_status":"closed","ping_status":"closed","template":"","meta":{"_acf_changed":false},"product_brand":[],"product_cat":[2729],"product_tag":[731,465,478,585,1812,2428,1229,1077,476,482,2776,623,620],"class_list":{"0":"post-74440","1":"product","2":"type-product","3":"status-publish","4":"has-post-thumbnail","6":"product_cat-ring-line","7":"product_tag-2x5-rug","8":"product_tag-bedroom-rug","9":"product_tag-boho-rug","10":"product_tag-entryway-rug","11":"product_tag-irregular-rug","12":"product_tag-medium-rug","13":"product_tag-new-home-gift","14":"product_tag-orange-rug","15":"product_tag-recycled-rugs","16":"product_tag-rugs-for-bedroom","17":"product_tag-sustainable-decor","18":"product_tag-vintage-rug","19":"product_tag-woven-rug","20":"product_shipping_class-small-package","22":"first","23":"instock","24":"sale","25":"taxable","26":"shipping-taxable","27":"purchasable","28":"product-type-simple"},"acf":[],"gallery_images":[74442,74443,74444,74445,74446,74447],"_links":{"self":[{"href":"https:\/\/www.padaworks.com\/pt\/wp-json\/wp\/v2\/product\/74440","targetHints":{"allow":["GET"]}}],"collection":[{"href":"https:\/\/www.padaworks.com\/pt\/wp-json\/wp\/v2\/product"}],"about":[{"href":"https:\/\/www.padaworks.com\/pt\/wp-json\/wp\/v2\/types\/product"}],"replies":[{"embeddable":true,"href":"https:\/\/www.padaworks.com\/pt\/wp-json\/wp\/v2\/comments?post=74440"}],"wp:featuredmedia":[{"embeddable":true,"href":"https:\/\/www.padaworks.com\/pt\/wp-json\/wp\/v2\/media\/74441"}],"wp:attachment":[{"href":"https:\/\/www.padaworks.com\/pt\/wp-json\/wp\/v2\/media?parent=74440"}],"wp:term":[{"taxonomy":"product_brand","embeddable":true,"href":"https:\/\/www.padaworks.com\/pt\/wp-json\/wp\/v2\/product_brand?post=74440"},{"taxonomy":"product_cat","embeddable":true,"href":"https:\/\/www.padaworks.com\/pt\/wp-json\/wp\/v2\/product_cat?post=74440"},{"taxonomy":"product_tag","embeddable":true,"href":"https:\/\/www.padaworks.com\/pt\/wp-json\/wp\/v2\/product_tag?post=74440"}],"curies":[{"name":"wp","href":"https:\/\/api.w.org\/{rel}","templated":true}]}}