{"id":74428,"date":"2025-11-18T16:53:53","date_gmt":"2025-11-18T16:53:53","guid":{"rendered":"https:\/\/www.padaworks.com\/product\/mini-blue-and-white-rug-bathroom-rug-bedside-rug-cotton-rug-soft-rug-washable-rug-rugs-for-bedroom-striped-rug-entryway-rug\/"},"modified":"2026-04-13T03:33:22","modified_gmt":"2026-04-13T03:33:22","slug":"mini-tapete-azul-e-branco-50x80cm-tapete-com-linha-circular","status":"publish","type":"product","link":"https:\/\/www.padaworks.com\/pt\/product\/mini-tapete-azul-e-branco-50x80cm-tapete-com-linha-circular\/","title":{"rendered":"Mini tapete azul e branco \u2013 50 x 80 cm \u2013 Tapete Ring Line"},"content":{"rendered":"<p>Mini tapete azul e branco<\/p>\n<p>Este tapete \u00e9 tecido num tear manual com tecidos reutilizados.<br \/>\nOs nossos tapetes s\u00e3o robustos, leves e podem ser lavados regularmente \u00e0 m\u00e3o ou \u00e0 m\u00e1quina.<br \/>\n\u00c9 ecol\u00f3gico porque reutiliza a mat\u00e9ria-prima desperdi\u00e7ada pela ind\u00fastria t\u00eaxtil.<br \/>\nRecomendamos a lavagem a frio ou a 30\u00b0C.<br \/>\nUma vez que este tapete \u00e9 fabricado com produtos reciclados das ind\u00fastrias t\u00eaxteis, pode haver ligeiras varia\u00e7\u00f5es de cor.<\/p>\n<p>Feito \u00e0 m\u00e3o<br \/>\nFabricado em Portugal<\/p>\n<p>Dimens\u00f5es:<br \/>\nC - 80 cm, L - 50 cm<br \/>\nC - 31,5 pol., L - 19,7 pol.<br \/>\nC - 2,6 p\u00e9s, L - 1,6 p\u00e9s<br \/>\nEspessura - cerca de 0,8 cm; 0,3 in<\/p>\n<p>As dimens\u00f5es podem variar ligeiramente.<\/p>","protected":false},"excerpt":{"rendered":"<p>Mini Blue and White Rug This rug is woven in a manual loom with fabrics reused. Our rugs are robust, light, and can be regularly washed by hand or machine. It is ecological because they reuse raw material wasted by the textil industry. We recommend cold washing or to 30\u00b0C. Since this rug is made [&hellip;]<\/p>","protected":false},"featured_media":74429,"comment_status":"closed","ping_status":"closed","template":"","meta":{"_acf_changed":false},"product_brand":[],"product_cat":[2729],"product_tag":[618,589,465,2529,597,1076,596,420,1812,1007,817,1655,623],"class_list":{"0":"post-74428","1":"product","2":"type-product","3":"status-publish","4":"has-post-thumbnail","6":"product_cat-ring-line","7":"product_tag-bath-mat","8":"product_tag-bath-rug","9":"product_tag-bedroom-rug","10":"product_tag-blue-and-white-rug","11":"product_tag-blue-rug","12":"product_tag-bohemian-rug","13":"product_tag-hallway-rug","14":"product_tag-handmade-rug","15":"product_tag-irregular-rug","16":"product_tag-mini-rug","17":"product_tag-shower-mat","18":"product_tag-small-area-rug","19":"product_tag-vintage-rug","20":"product_shipping_class-small-package","22":"first","23":"instock","24":"taxable","25":"shipping-taxable","26":"purchasable","27":"product-type-variable","28":"has-default-attributes","29":"wvs-archive-product-wrapper"},"acf":[],"gallery_images":[74430,74431,74432,74433,74434,74435,74436,74437],"_links":{"self":[{"href":"https:\/\/www.padaworks.com\/pt\/wp-json\/wp\/v2\/product\/74428","targetHints":{"allow":["GET"]}}],"collection":[{"href":"https:\/\/www.padaworks.com\/pt\/wp-json\/wp\/v2\/product"}],"about":[{"href":"https:\/\/www.padaworks.com\/pt\/wp-json\/wp\/v2\/types\/product"}],"replies":[{"embeddable":true,"href":"https:\/\/www.padaworks.com\/pt\/wp-json\/wp\/v2\/comments?post=74428"}],"wp:featuredmedia":[{"embeddable":true,"href":"https:\/\/www.padaworks.com\/pt\/wp-json\/wp\/v2\/media\/74429"}],"wp:attachment":[{"href":"https:\/\/www.padaworks.com\/pt\/wp-json\/wp\/v2\/media?parent=74428"}],"wp:term":[{"taxonomy":"product_brand","embeddable":true,"href":"https:\/\/www.padaworks.com\/pt\/wp-json\/wp\/v2\/product_brand?post=74428"},{"taxonomy":"product_cat","embeddable":true,"href":"https:\/\/www.padaworks.com\/pt\/wp-json\/wp\/v2\/product_cat?post=74428"},{"taxonomy":"product_tag","embeddable":true,"href":"https:\/\/www.padaworks.com\/pt\/wp-json\/wp\/v2\/product_tag?post=74428"}],"curies":[{"name":"wp","href":"https:\/\/api.w.org\/{rel}","templated":true}]}}