{"id":74404,"date":"2025-11-18T16:52:11","date_gmt":"2025-11-18T16:52:11","guid":{"rendered":"https:\/\/www.padaworks.com\/product\/round-palm-basket-with-lid-20cm-handcrafted-basket-storage-basket-gift-basket-woven-basket-farmhouse-kitchen-new-home-gift\/"},"modified":"2025-12-17T15:57:23","modified_gmt":"2025-12-17T15:57:23","slug":"cesto-de-palma-redondo-com-tampa-20cm","status":"publish","type":"product","link":"https:\/\/www.padaworks.com\/pt\/product\/cesto-de-palma-redondo-com-tampa-20cm\/","title":{"rendered":"Cesto redondo de palma com tampa 20 cm"},"content":{"rendered":"<p>Cesto redondo de palma com tampa 20 cm<\/p>\n<p>Cesto de arruma\u00e7\u00e3o decorativo feito de palma, uma planta natural, feito \u00e0 m\u00e3o. Sustent\u00e1vel e vegan.<br \/>\nIdeal para guardar pequenos objectos que utiliza frequentemente e que quer ter sempre \u00e0 m\u00e3o. Tamb\u00e9m pode ser utilizado para guardar p\u00e3o, frutas e legumes.<br \/>\nUma vez que \u00e9 fabricado a partir de um produto natural, pode haver varia\u00e7\u00f5es naturais na cor.<\/p>\n<p>Dimens\u00f5es:<br \/>\nPequeno<br \/>\n\u00d8 - 17 cm, H - 13 cm<br \/>\n\u00d8 - 6,7 in, H - 5,1 in<\/p>\n<p>M\u00e9dio<br \/>\n\u00d8 - 20 cm, H - 13 cm<br \/>\n\u00d8 - 7,9 in, H - 5,1 in<\/p>\n<p>As dimens\u00f5es podem variar ligeiramente<\/p>","protected":false},"excerpt":{"rendered":"<p>Round Palm Basket with Lid 20cm Decorative storage basket made from palm, a natural plant, handmade. Sustainable and vegan. Ideal for storing small items you use frequently and want to always have on hand. It can also be used to store bread, fruits, and vegetables. Because it is made from a natural product, there may [&hellip;]<\/p>","protected":false},"featured_media":74405,"comment_status":"closed","ping_status":"closed","template":"","meta":{"_acf_changed":false},"product_brand":[],"product_cat":[2721],"product_tag":[524,300,728,2116,654,445,642,2118,1514,2119,2120,2117,1033],"class_list":{"0":"post-74404","1":"product","2":"type-product","3":"status-publish","4":"has-post-thumbnail","6":"product_cat-decorative","7":"product_tag-basket-with-lid","8":"product_tag-bathroom-basket","9":"product_tag-boho-decor","10":"product_tag-decorative-basket","11":"product_tag-easter-basket","12":"product_tag-gift-basket","13":"product_tag-laundry-basket","14":"product_tag-nursery-storage","15":"product_tag-organizer-basket","16":"product_tag-small-basket","17":"product_tag-storage-organization","18":"product_tag-toy-storage","19":"product_tag-toys-basket","20":"product_shipping_class-small-package","22":"first","23":"instock","24":"taxable","25":"shipping-taxable","26":"purchasable","27":"product-type-variable","28":"has-default-attributes","29":"wvs-archive-product-wrapper"},"acf":[],"gallery_images":[74406,74407,74408,74409,74410,74411,74412,74413],"_links":{"self":[{"href":"https:\/\/www.padaworks.com\/pt\/wp-json\/wp\/v2\/product\/74404","targetHints":{"allow":["GET"]}}],"collection":[{"href":"https:\/\/www.padaworks.com\/pt\/wp-json\/wp\/v2\/product"}],"about":[{"href":"https:\/\/www.padaworks.com\/pt\/wp-json\/wp\/v2\/types\/product"}],"replies":[{"embeddable":true,"href":"https:\/\/www.padaworks.com\/pt\/wp-json\/wp\/v2\/comments?post=74404"}],"wp:featuredmedia":[{"embeddable":true,"href":"https:\/\/www.padaworks.com\/pt\/wp-json\/wp\/v2\/media\/74405"}],"wp:attachment":[{"href":"https:\/\/www.padaworks.com\/pt\/wp-json\/wp\/v2\/media?parent=74404"}],"wp:term":[{"taxonomy":"product_brand","embeddable":true,"href":"https:\/\/www.padaworks.com\/pt\/wp-json\/wp\/v2\/product_brand?post=74404"},{"taxonomy":"product_cat","embeddable":true,"href":"https:\/\/www.padaworks.com\/pt\/wp-json\/wp\/v2\/product_cat?post=74404"},{"taxonomy":"product_tag","embeddable":true,"href":"https:\/\/www.padaworks.com\/pt\/wp-json\/wp\/v2\/product_tag?post=74404"}],"curies":[{"name":"wp","href":"https:\/\/api.w.org\/{rel}","templated":true}]}}