{"id":74393,"date":"2025-11-18T16:37:42","date_gmt":"2025-11-18T16:37:42","guid":{"rendered":"https:\/\/www.padaworks.com\/product\/oval-wicker-basket-with-handle-wicker-basket-handcrafted-basket-mushroom-basket-market-basket-cute-basket-easter-basket\/"},"modified":"2026-04-21T12:17:25","modified_gmt":"2026-04-21T12:17:25","slug":"cesto-de-vime-oval-com-pega","status":"publish","type":"product","link":"https:\/\/www.padaworks.com\/pt\/product\/cesto-de-vime-oval-com-pega\/","title":{"rendered":"Cesto oval de vime com pega"},"content":{"rendered":"<p>Cesto oval de vime com pega<\/p>\n<p>Perfeito para um piquenique com a fam\u00edlia e os amigos.<br \/>\nPr\u00e1tico para transportar alimentos para a praia, jardins ou campo.<br \/>\nOu perfeito para o seu dia na quinta ou nos mercados de agricultores.<br \/>\n\u00c9 um produto totalmente feito \u00e0 m\u00e3o, amigo do ambiente e sustent\u00e1vel!<\/p>\n<p>Feito \u00e0 m\u00e3o<br \/>\nFabricado em Portugal<\/p>\n<p>Dimens\u00f5es:<br \/>\nPEQUENO<br \/>\nC - 40 cm, L - 26 cm, A - 14 cm, A com pega - 29 cm<br \/>\nC - 15,7 pol., L - 10,2 pol., A - 5,5 pol., A com pega - 11,4 pol.<\/p>\n<p>M\u00c9DIO<br \/>\nC - 46 cm, L - 30 cm, A - 17 cm, A com pega - 33 cm<br \/>\nC - 18,1 pol., L - 11,8 pol., A - 6,7 pol., A com pega - 13,0 pol.<\/p>\n<p>As dimens\u00f5es podem variar ligeiramente<\/p>","protected":false},"excerpt":{"rendered":"<p>Oval Wicker Basket with Handle Perfect for a picnic with family and friends. Practical for transporting food to the beach, gardens or countryside. Or perfect for your day at the farm or at the farmers markets. It is an all handmade product, environmentally friendly and sustainable! Artisan Made Made in Portugal Dimensions: SMALL L &#8211; [&hellip;]<\/p>","protected":false},"featured_media":74394,"comment_status":"closed","ping_status":"closed","template":"","meta":{"_acf_changed":false},"product_brand":[],"product_cat":[1915],"product_tag":[1197,1182,676,1147,309,442,445,1541,336,1958,529,312,446],"class_list":{"0":"post-74393","1":"product","2":"type-product","3":"status-publish","4":"has-post-thumbnail","6":"product_cat-market-baskets","7":"product_tag-baby-shower-basket","8":"product_tag-basket-with-handle","9":"product_tag-farmhouse-basket","10":"product_tag-flowers-basket","11":"product_tag-fruit-basket","12":"product_tag-garden-basket","13":"product_tag-gift-basket","14":"product_tag-handwoven-basket","15":"product_tag-picnic-basket","16":"product_tag-recycled-basket","17":"product_tag-round-basket","18":"product_tag-storage-basket","19":"product_tag-wedding-basket","21":"first","22":"instock","23":"taxable","24":"shipping-taxable","25":"purchasable","26":"product-type-variable","27":"has-default-attributes","28":"wvs-archive-product-wrapper"},"acf":[],"gallery_images":[74395,74396,74397,74398,74399,74400,74401],"_links":{"self":[{"href":"https:\/\/www.padaworks.com\/pt\/wp-json\/wp\/v2\/product\/74393","targetHints":{"allow":["GET"]}}],"collection":[{"href":"https:\/\/www.padaworks.com\/pt\/wp-json\/wp\/v2\/product"}],"about":[{"href":"https:\/\/www.padaworks.com\/pt\/wp-json\/wp\/v2\/types\/product"}],"replies":[{"embeddable":true,"href":"https:\/\/www.padaworks.com\/pt\/wp-json\/wp\/v2\/comments?post=74393"}],"wp:featuredmedia":[{"embeddable":true,"href":"https:\/\/www.padaworks.com\/pt\/wp-json\/wp\/v2\/media\/74394"}],"wp:attachment":[{"href":"https:\/\/www.padaworks.com\/pt\/wp-json\/wp\/v2\/media?parent=74393"}],"wp:term":[{"taxonomy":"product_brand","embeddable":true,"href":"https:\/\/www.padaworks.com\/pt\/wp-json\/wp\/v2\/product_brand?post=74393"},{"taxonomy":"product_cat","embeddable":true,"href":"https:\/\/www.padaworks.com\/pt\/wp-json\/wp\/v2\/product_cat?post=74393"},{"taxonomy":"product_tag","embeddable":true,"href":"https:\/\/www.padaworks.com\/pt\/wp-json\/wp\/v2\/product_tag?post=74393"}],"curies":[{"name":"wp","href":"https:\/\/api.w.org\/{rel}","templated":true}]}}