{"id":74381,"date":"2025-11-18T16:37:09","date_gmt":"2025-11-18T16:37:09","guid":{"rendered":"https:\/\/www.padaworks.com\/product\/rectangular-palm-basket-35x23x8cm-straw-basket-nursery-basket-storage-basket-boho-basket-decorative-basket-shelf-basket\/"},"modified":"2026-01-09T19:42:52","modified_gmt":"2026-01-09T19:42:52","slug":"cesto-de-palma-retangular-35x23x8cm","status":"publish","type":"product","link":"https:\/\/www.padaworks.com\/pt\/product\/cesto-de-palma-retangular-35x23x8cm\/","title":{"rendered":"Cesto de palma retangular 35x23x8cm"},"content":{"rendered":"<p>Cesto de palma retangular 35x23x8cm<\/p>\n<p>Cesto de arruma\u00e7\u00e3o decorativo feito de palma, uma planta natural, feito \u00e0 m\u00e3o. Sustent\u00e1vel e vegan.<br \/>\nIdeal para guardar pequenos objectos que utiliza frequentemente e que quer ter sempre \u00e0 m\u00e3o. Tamb\u00e9m pode ser utilizado para guardar p\u00e3o, frutas e legumes.<br \/>\nUma vez que \u00e9 fabricado a partir de um produto natural, pode haver varia\u00e7\u00f5es naturais na cor.<\/p>\n<p>Dimens\u00f5es:<br \/>\nC - 35 cm, L - 23 cm, A - 8 cm<br \/>\nC - 13,8 pol., L - 9,1 pol., A - 3,1 pol.<\/p>\n<p>As dimens\u00f5es podem variar ligeiramente<\/p>","protected":false},"excerpt":{"rendered":"<p>Rectangular Palm Basket 35x23x8cm Decorative storage basket made from palm, a natural plant, handmade. Sustainable and vegan. Ideal for storing small items you use frequently and want to always have on hand. It can also be used to store bread, fruits, and vegetables. Because it is made from a natural product, there may be natural [&hellip;]<\/p>","protected":false},"featured_media":74382,"comment_status":"closed","ping_status":"closed","template":"","meta":{"_acf_changed":false},"product_brand":[],"product_cat":[2721],"product_tag":[2125,2124,885,654,1511,2114,1001,308,642,2126,2123,2120,2117],"class_list":{"0":"post-74381","1":"product","2":"type-product","3":"status-publish","4":"has-post-thumbnail","6":"product_cat-decorative","7":"product_tag-basket-decor","8":"product_tag-basket-weaving","9":"product_tag-bathroom-decor","10":"product_tag-easter-basket","11":"product_tag-entry-way-decor","12":"product_tag-fall-decor","13":"product_tag-farmhouse-kitchen","14":"product_tag-kitchen-basket","15":"product_tag-laundry-basket","16":"product_tag-palm-basket","17":"product_tag-storage-bins","18":"product_tag-storage-organization","19":"product_tag-toy-storage","20":"product_shipping_class-small-package","22":"first","23":"instock","24":"taxable","25":"shipping-taxable","26":"purchasable","27":"product-type-simple"},"acf":[],"gallery_images":[74383,74384,74385,74386,74387,74388,74389,74390,74391,74392],"_links":{"self":[{"href":"https:\/\/www.padaworks.com\/pt\/wp-json\/wp\/v2\/product\/74381","targetHints":{"allow":["GET"]}}],"collection":[{"href":"https:\/\/www.padaworks.com\/pt\/wp-json\/wp\/v2\/product"}],"about":[{"href":"https:\/\/www.padaworks.com\/pt\/wp-json\/wp\/v2\/types\/product"}],"replies":[{"embeddable":true,"href":"https:\/\/www.padaworks.com\/pt\/wp-json\/wp\/v2\/comments?post=74381"}],"wp:featuredmedia":[{"embeddable":true,"href":"https:\/\/www.padaworks.com\/pt\/wp-json\/wp\/v2\/media\/74382"}],"wp:attachment":[{"href":"https:\/\/www.padaworks.com\/pt\/wp-json\/wp\/v2\/media?parent=74381"}],"wp:term":[{"taxonomy":"product_brand","embeddable":true,"href":"https:\/\/www.padaworks.com\/pt\/wp-json\/wp\/v2\/product_brand?post=74381"},{"taxonomy":"product_cat","embeddable":true,"href":"https:\/\/www.padaworks.com\/pt\/wp-json\/wp\/v2\/product_cat?post=74381"},{"taxonomy":"product_tag","embeddable":true,"href":"https:\/\/www.padaworks.com\/pt\/wp-json\/wp\/v2\/product_tag?post=74381"}],"curies":[{"name":"wp","href":"https:\/\/api.w.org\/{rel}","templated":true}]}}