{"id":74373,"date":"2025-11-18T15:52:44","date_gmt":"2025-11-18T15:52:44","guid":{"rendered":"https:\/\/www.padaworks.com\/product\/extra-large-ceramic-fish-blue-and-green-fish-handmade-fish-fish-figurine-traditional-fish-ceramic-hanging-fish-vintage-ceramic\/"},"modified":"2026-03-20T00:02:34","modified_gmt":"2026-03-20T00:02:34","slug":"peixe-ceramico-extragrande-azul-e-verde","status":"publish","type":"product","link":"https:\/\/www.padaworks.com\/pt\/product\/peixe-ceramico-extragrande-azul-e-verde\/","title":{"rendered":"Peixe cer\u00e2mico extragrande \u2013 Peixe azul e verde"},"content":{"rendered":"<p>Peixe cer\u00e2mico extragrande<\/p>\n<p>Estas pe\u00e7as de cer\u00e2mica s\u00e3o \u00fanicas!<br \/>\nDesde o trabalho de extra\u00e7\u00e3o, a prepara\u00e7\u00e3o e a moldagem do barro s\u00e3o feitas \u00e0 m\u00e3o. A pintura \u00e9 tamb\u00e9m efectuada \u00e0 m\u00e3o.<br \/>\nUma pe\u00e7a de arte \u00fanica, perfeita para a decora\u00e7\u00e3o que procura.<\/p>\n<p>Feito \u00e0 m\u00e3o<br \/>\nFabricado em Portugal<\/p>\n<p>Dimens\u00f5es:<br \/>\nC \u2013 27 cm, L \u2013 18 cm, A \u2013 1 cm<br \/>\nL \u2013 27 cm, L \u2013 18 cm, A \u2013 1 cm<\/p>\n<p>T\u00eam um orif\u00edcio para pendurar na parede.<br \/>\nAs dimens\u00f5es podem variar ligeiramente.<\/p>","protected":false},"excerpt":{"rendered":"<p>Extra Large Ceramic Fish These ceramic pieces are unique! From the extraction work, preparation and molding of the clay are done by hand. The painting is also done by hand. A unique piece of art perfect for the decor you are looking for. Artisan Made Made in Portugal Dimensions: L &#8211; 27 cm, W &#8211; [&hellip;]<\/p>","protected":false},"featured_media":74374,"comment_status":"closed","ping_status":"closed","template":"","meta":{"_acf_changed":false},"product_brand":[],"product_cat":[1551],"product_tag":[495,395,1008,494,1685,1684,2055,396,1466,493,491,2061,2335],"class_list":{"0":"post-74373","1":"product","2":"type-product","3":"status-publish","4":"has-post-thumbnail","6":"product_cat-fishes","7":"product_tag-ceramic-art","8":"product_tag-ceramic-painted","9":"product_tag-ceramic-wall-art","10":"product_tag-ceramic-wall-hanging","11":"product_tag-fish-art","12":"product_tag-fish-decor","13":"product_tag-fish-ornament","14":"product_tag-fish-wall-hanging","15":"product_tag-handmade-ceramic","16":"product_tag-outdoor-wall-decor","17":"product_tag-sardine-wall-hanging","18":"product_tag-tropical-fish","19":"product_tag-vintage-fish","20":"product_shipping_class-small-package","22":"first","23":"instock","24":"sale","25":"taxable","26":"shipping-taxable","27":"purchasable","28":"product-type-simple"},"acf":[],"gallery_images":[74375,74376,74377,74378,74379,74380],"_links":{"self":[{"href":"https:\/\/www.padaworks.com\/pt\/wp-json\/wp\/v2\/product\/74373","targetHints":{"allow":["GET"]}}],"collection":[{"href":"https:\/\/www.padaworks.com\/pt\/wp-json\/wp\/v2\/product"}],"about":[{"href":"https:\/\/www.padaworks.com\/pt\/wp-json\/wp\/v2\/types\/product"}],"replies":[{"embeddable":true,"href":"https:\/\/www.padaworks.com\/pt\/wp-json\/wp\/v2\/comments?post=74373"}],"wp:featuredmedia":[{"embeddable":true,"href":"https:\/\/www.padaworks.com\/pt\/wp-json\/wp\/v2\/media\/74374"}],"wp:attachment":[{"href":"https:\/\/www.padaworks.com\/pt\/wp-json\/wp\/v2\/media?parent=74373"}],"wp:term":[{"taxonomy":"product_brand","embeddable":true,"href":"https:\/\/www.padaworks.com\/pt\/wp-json\/wp\/v2\/product_brand?post=74373"},{"taxonomy":"product_cat","embeddable":true,"href":"https:\/\/www.padaworks.com\/pt\/wp-json\/wp\/v2\/product_cat?post=74373"},{"taxonomy":"product_tag","embeddable":true,"href":"https:\/\/www.padaworks.com\/pt\/wp-json\/wp\/v2\/product_tag?post=74373"}],"curies":[{"name":"wp","href":"https:\/\/api.w.org\/{rel}","templated":true}]}}