{"id":74361,"date":"2025-11-18T15:52:09","date_gmt":"2025-11-18T15:52:09","guid":{"rendered":"https:\/\/www.padaworks.com\/product\/ceramic-tile-hanging-handmade-ceramics-ceramic-tiles-traditional-ceramic-ceramic-wall-hanging-ceramic-art-unique-tile-tile-art\/"},"modified":"2026-03-20T00:02:29","modified_gmt":"2026-03-20T00:02:29","slug":"azulejo-de-ceramica-suspenso-com-flores-pretas-125x125cm","status":"publish","type":"product","link":"https:\/\/www.padaworks.com\/pt\/product\/azulejo-de-ceramica-suspenso-com-flores-pretas-125x125cm\/","title":{"rendered":"Azulejo cer\u00e2mico com flores pretas 12,5\u00d712,5 cm"},"content":{"rendered":"<p>Pendurar azulejos de cer\u00e2mica<\/p>\n<p>Estas pe\u00e7as de cer\u00e2mica s\u00e3o \u00fanicas!<br \/>\nDesde o trabalho de extra\u00e7\u00e3o, a prepara\u00e7\u00e3o e a moldagem do barro s\u00e3o feitas \u00e0 m\u00e3o. A pintura \u00e9 tamb\u00e9m efectuada \u00e0 m\u00e3o.<br \/>\nUma pe\u00e7a de arte \u00fanica, perfeita para a decora\u00e7\u00e3o que procura.<\/p>\n<p>Feito \u00e0 m\u00e3o<br \/>\nFabricado em Portugal<\/p>\n<p>Dimens\u00f5es:<br \/>\nC - 12,5 cm, L - 12,5 cm, A - 1 cm<br \/>\nC - 4,9 pol., L - 4,9 pol., A - 0,4 pol.<\/p>\n<p>T\u00eam um orif\u00edcio para pendurar na parede.<br \/>\nAs dimens\u00f5es podem variar ligeiramente.<\/p>","protected":false},"excerpt":{"rendered":"<p>Ceramic Tile Hanging These ceramic pieces are unique! From the extraction work, preparation and molding of the clay are done by hand. The painting is also done by hand. A unique piece of art perfect for the decor you are looking for. Artisan Made Made in Portugal Dimensions: L &#8211; 12,5 cm, W &#8211; 12,5 [&hellip;]<\/p>","protected":false},"featured_media":74362,"comment_status":"closed","ping_status":"closed","template":"","meta":{"_acf_changed":false},"product_brand":[],"product_cat":[2727],"product_tag":[2300,1165,1994,1008,1679,494,1998,1993,493,2301,1992,1124,572],"class_list":{"0":"post-74361","1":"product","2":"type-product","3":"status-publish","4":"has-post-thumbnail","6":"product_cat-tiles","7":"product_tag-azulejo","8":"product_tag-black-and-white","9":"product_tag-ceramic-tiles-art","10":"product_tag-ceramic-wall-art","11":"product_tag-ceramic-wall-decor","12":"product_tag-ceramic-wall-hanging","13":"product_tag-ceramic-wall-tiles","14":"product_tag-handmade-tiles","15":"product_tag-outdoor-wall-decor","16":"product_tag-tile-decor","17":"product_tag-tiles-decor","18":"product_tag-vintage-ceramic","19":"product_tag-vintage-decor","20":"product_shipping_class-small-package","22":"first","23":"instock","24":"sale","25":"taxable","26":"shipping-taxable","27":"purchasable","28":"product-type-simple"},"acf":[],"gallery_images":[74363,74364,74365,74366],"_links":{"self":[{"href":"https:\/\/www.padaworks.com\/pt\/wp-json\/wp\/v2\/product\/74361","targetHints":{"allow":["GET"]}}],"collection":[{"href":"https:\/\/www.padaworks.com\/pt\/wp-json\/wp\/v2\/product"}],"about":[{"href":"https:\/\/www.padaworks.com\/pt\/wp-json\/wp\/v2\/types\/product"}],"replies":[{"embeddable":true,"href":"https:\/\/www.padaworks.com\/pt\/wp-json\/wp\/v2\/comments?post=74361"}],"wp:featuredmedia":[{"embeddable":true,"href":"https:\/\/www.padaworks.com\/pt\/wp-json\/wp\/v2\/media\/74362"}],"wp:attachment":[{"href":"https:\/\/www.padaworks.com\/pt\/wp-json\/wp\/v2\/media?parent=74361"}],"wp:term":[{"taxonomy":"product_brand","embeddable":true,"href":"https:\/\/www.padaworks.com\/pt\/wp-json\/wp\/v2\/product_brand?post=74361"},{"taxonomy":"product_cat","embeddable":true,"href":"https:\/\/www.padaworks.com\/pt\/wp-json\/wp\/v2\/product_cat?post=74361"},{"taxonomy":"product_tag","embeddable":true,"href":"https:\/\/www.padaworks.com\/pt\/wp-json\/wp\/v2\/product_tag?post=74361"}],"curies":[{"name":"wp","href":"https:\/\/api.w.org\/{rel}","templated":true}]}}