{"id":74351,"date":"2025-11-18T15:22:33","date_gmt":"2025-11-18T15:22:33","guid":{"rendered":"https:\/\/www.padaworks.com\/product\/small-ceramic-fish-plate-fish-shaped-made-in-portugal-portuguese-fish-plates-vintage-fish-plate-large-majolica-plates-fish-decor\/"},"modified":"2025-12-17T15:50:40","modified_gmt":"2025-12-17T15:50:40","slug":"pequeno-prato-de-ceramica-em-forma-de-peixe","status":"publish","type":"product","link":"https:\/\/www.padaworks.com\/pt\/product\/pequeno-prato-de-ceramica-em-forma-de-peixe\/","title":{"rendered":"Prato pequeno de cer\u00e2mica em forma de peixe"},"content":{"rendered":"<p>Prato pequeno de cer\u00e2mica para peixes<\/p>\n<p>Fabricado em Portugal, este prato de servir em forma de peixe \u00e9 de excelente qualidade, com um acabamento vidrado e um design vintage.<br \/>\nPode ser utilizado como prato de servir ou como objeto de decora\u00e7\u00e3o.<br \/>\nIdeal para quem gosta de loi\u00e7a tradicional portuguesa.<br \/>\nPode ser lavado \u00e0 m\u00e3o ou na m\u00e1quina de lavar lou\u00e7a.<br \/>\nPequenas irregularidades comprovam um trabalho artesanal 100% e pe\u00e7as \u00fanicas.<\/p>\n<p>Feito \u00e0 m\u00e3o<br \/>\nFabricado em Portugal<\/p>\n<p>Dimens\u00f5es:<br \/>\nC - 17 cm, L - 16 cm, A - 2 cm<br \/>\nC - 6,7 pol., L - 6,3 pol., A - 0,8 pol.<\/p>\n<p>As dimens\u00f5es podem variar ligeiramente.<\/p>","protected":false},"excerpt":{"rendered":"<p>Small Ceramic Fish Plate Made in Portugal, this fish shaped serving plate is of excellent quality, with a glazed finish and vintage design. It can be used as a serving dish or as a decorative item. Ideal for those who enjoy traditional portuguese tableware. Hand- or dishwasher-safe. Small irregularities prove a 100% handmade work and [&hellip;]<\/p>","protected":false},"featured_media":74352,"comment_status":"closed","ping_status":"closed","template":"","meta":{"_acf_changed":false},"product_brand":[],"product_cat":[1767,1799],"product_tag":[3156,1642,1618,3157,3158,3159,2949,2951,1229,2953,3161,3162,3163],"class_list":{"0":"post-74351","1":"product","2":"type-product","3":"status-publish","4":"has-post-thumbnail","6":"product_cat-kitchenware","7":"product_cat-little-treasoures","8":"product_tag-blue-fish","9":"product_tag-ceramic-dish","10":"product_tag-ceramic-fish-decor","11":"product_tag-fish-dish","12":"product_tag-fish-lovers","13":"product_tag-fish-tray","14":"product_tag-majolica","15":"product_tag-majolica-pottery","16":"product_tag-new-home-gift","17":"product_tag-olfaire-pottery","18":"product_tag-portugal-fish-dish","19":"product_tag-serving-dish","20":"product_tag-vintage-majolica","21":"product_shipping_class-small-package","23":"first","24":"instock","25":"taxable","26":"shipping-taxable","27":"purchasable","28":"product-type-variable","29":"has-default-attributes","30":"wvs-archive-product-wrapper"},"acf":[],"gallery_images":[74353,74354,74355,74356,74357],"_links":{"self":[{"href":"https:\/\/www.padaworks.com\/pt\/wp-json\/wp\/v2\/product\/74351","targetHints":{"allow":["GET"]}}],"collection":[{"href":"https:\/\/www.padaworks.com\/pt\/wp-json\/wp\/v2\/product"}],"about":[{"href":"https:\/\/www.padaworks.com\/pt\/wp-json\/wp\/v2\/types\/product"}],"replies":[{"embeddable":true,"href":"https:\/\/www.padaworks.com\/pt\/wp-json\/wp\/v2\/comments?post=74351"}],"wp:featuredmedia":[{"embeddable":true,"href":"https:\/\/www.padaworks.com\/pt\/wp-json\/wp\/v2\/media\/74352"}],"wp:attachment":[{"href":"https:\/\/www.padaworks.com\/pt\/wp-json\/wp\/v2\/media?parent=74351"}],"wp:term":[{"taxonomy":"product_brand","embeddable":true,"href":"https:\/\/www.padaworks.com\/pt\/wp-json\/wp\/v2\/product_brand?post=74351"},{"taxonomy":"product_cat","embeddable":true,"href":"https:\/\/www.padaworks.com\/pt\/wp-json\/wp\/v2\/product_cat?post=74351"},{"taxonomy":"product_tag","embeddable":true,"href":"https:\/\/www.padaworks.com\/pt\/wp-json\/wp\/v2\/product_tag?post=74351"}],"curies":[{"name":"wp","href":"https:\/\/api.w.org\/{rel}","templated":true}]}}