{"id":74338,"date":"2025-11-18T15:22:10","date_gmt":"2025-11-18T15:22:10","guid":{"rendered":"https:\/\/www.padaworks.com\/product\/ceramic-leaf-bowl-portuguese-pottery-ceramic-bowl-leaf-plate-ceramic-majolica-serving-dish-leaf-decor-made-in-portugal\/"},"modified":"2026-04-11T21:02:16","modified_gmt":"2026-04-11T21:02:16","slug":"taca-pequena-de-ceramica-para-folhas","status":"publish","type":"product","link":"https:\/\/www.padaworks.com\/pt\/product\/taca-pequena-de-ceramica-para-folhas\/","title":{"rendered":"Pequena tigela de cer\u00e2mica em forma de folha"},"content":{"rendered":"<p>Pequena tigela de cer\u00e2mica em forma de folha<\/p>\n<p>Fabricada em Portugal, esta ta\u00e7a em forma de folha \u00e9 de excelente qualidade, com um acabamento vidrado e um design vintage.<br \/>\nPode ser utilizado como prato de servir ou como objeto de decora\u00e7\u00e3o.<br \/>\nIdeal para quem gosta de loi\u00e7a tradicional portuguesa.<br \/>\nPode ser lavado \u00e0 m\u00e3o ou na m\u00e1quina de lavar lou\u00e7a.<br \/>\nPequenas irregularidades comprovam um trabalho artesanal 100% e pe\u00e7as \u00fanicas.<\/p>\n<p>Feito \u00e0 m\u00e3o<br \/>\nFabricado em Portugal<\/p>\n<p>Dimens\u00f5es:<br \/>\n\u00d8 - 12,5 cm, H - 4 cm<br \/>\n\u00d8 - 4,9 in, H - 1,6 in<\/p>\n<p>As dimens\u00f5es podem variar ligeiramente.<\/p>","protected":false},"excerpt":{"rendered":"<p>Small Ceramic Leaf Bowl Made in Portugal, this leaf shaped bowl is of excellent quality, with a glazed finish and vintage design. It can be used as a serving dish or as a decorative item. Ideal for those who enjoy traditional portuguese tableware. Hand- or dishwasher-safe. Small irregularities prove a 100% handmade work and unique [&hellip;]<\/p>","protected":false},"featured_media":74339,"comment_status":"closed","ping_status":"closed","template":"","meta":{"_acf_changed":false},"product_brand":[],"product_cat":[1767],"product_tag":[3245,2945,2946,2947,3244,2939,2941,2949,2950,2951,2952,2953,2944],"class_list":{"0":"post-74338","1":"product","2":"type-product","3":"status-publish","4":"has-post-thumbnail","6":"product_cat-kitchenware","7":"product_tag-cute-bowl","8":"product_tag-green-leaf-plate","9":"product_tag-green-majolica","10":"product_tag-green-plate","11":"product_tag-leaf-bowl","12":"product_tag-leaf-dish","13":"product_tag-leaf-pottery-plate","14":"product_tag-majolica","15":"product_tag-majolica-plate","16":"product_tag-majolica-pottery","17":"product_tag-olfaire-majolica","18":"product_tag-olfaire-pottery","19":"product_tag-portugal-leaf-plate","20":"product_shipping_class-small-package","22":"first","23":"instock","24":"taxable","25":"shipping-taxable","26":"purchasable","27":"product-type-variable","28":"has-default-attributes","29":"wvs-archive-product-wrapper"},"acf":[],"gallery_images":[74340,74341,74342,74343,74344,74345,74346],"_links":{"self":[{"href":"https:\/\/www.padaworks.com\/pt\/wp-json\/wp\/v2\/product\/74338","targetHints":{"allow":["GET"]}}],"collection":[{"href":"https:\/\/www.padaworks.com\/pt\/wp-json\/wp\/v2\/product"}],"about":[{"href":"https:\/\/www.padaworks.com\/pt\/wp-json\/wp\/v2\/types\/product"}],"replies":[{"embeddable":true,"href":"https:\/\/www.padaworks.com\/pt\/wp-json\/wp\/v2\/comments?post=74338"}],"wp:featuredmedia":[{"embeddable":true,"href":"https:\/\/www.padaworks.com\/pt\/wp-json\/wp\/v2\/media\/74339"}],"wp:attachment":[{"href":"https:\/\/www.padaworks.com\/pt\/wp-json\/wp\/v2\/media?parent=74338"}],"wp:term":[{"taxonomy":"product_brand","embeddable":true,"href":"https:\/\/www.padaworks.com\/pt\/wp-json\/wp\/v2\/product_brand?post=74338"},{"taxonomy":"product_cat","embeddable":true,"href":"https:\/\/www.padaworks.com\/pt\/wp-json\/wp\/v2\/product_cat?post=74338"},{"taxonomy":"product_tag","embeddable":true,"href":"https:\/\/www.padaworks.com\/pt\/wp-json\/wp\/v2\/product_tag?post=74338"}],"curies":[{"name":"wp","href":"https:\/\/api.w.org\/{rel}","templated":true}]}}