{"id":74323,"date":"2025-11-18T15:07:14","date_gmt":"2025-11-18T15:07:14","guid":{"rendered":"https:\/\/www.padaworks.com\/product\/baby-changing-basket-baby-basket-baby-room-nursery-basket-baby-essentials-baby-gift-basket-baby-shower-gift-nursery-decor\/"},"modified":"2026-02-25T15:35:16","modified_gmt":"2026-02-25T15:35:16","slug":"cesto-para-mudar-fraldas-decoracao-quarto-de-bebe","status":"publish","type":"product","link":"https:\/\/www.padaworks.com\/pt\/product\/cesto-para-mudar-fraldas-decoracao-quarto-de-bebe\/","title":{"rendered":"Cesto para mudar fraldas \u2013 Decora\u00e7\u00e3o para o quarto do beb\u00e9"},"content":{"rendered":"<p>Cesto para mudas de beb\u00e9 77x35x12 cm<\/p>\n<p>Trocador feito de palma, uma planta natural, feito \u00e0 m\u00e3o. Sustent\u00e1vel e vegan.<br \/>\nUma vez que \u00e9 fabricado a partir de um produto natural, pode haver varia\u00e7\u00f5es naturais na cor.<\/p>\n<p>Dimens\u00f5es:<br \/>\nC - 77 cm, L - 35 cm, A - 12 cm<br \/>\nC - 30,3 pol., L - 13,8 pol., A - 4,7 pol.<\/p>\n<p>As dimens\u00f5es podem variar ligeiramente<\/p>","protected":false},"excerpt":{"rendered":"<p>Cesto para mudas de beb\u00e9 77x35x12 cm Mudan\u00e7a feita de palma, uma planta natural, feita \u00e0 m\u00e3o. Sustent\u00e1vel e vegan. Por ser feito de um produto natural, pode haver varia\u00e7\u00f5es naturais de cor. Dimens\u00f5es: C - 77 cm, L - 35 cm, A - 12 cm C - 30,3 in, L - 13,8 in, A - 4,7 [...]<\/p>","protected":false},"featured_media":74324,"comment_status":"closed","ping_status":"closed","template":"","meta":{"_acf_changed":false},"product_brand":[],"product_cat":[2721],"product_tag":[3237,968,3241,3240,3236,3234,3239,2781,3233,3238,2776,3235,538],"class_list":{"0":"post-74323","1":"product","2":"type-product","3":"status-publish","4":"has-post-thumbnail","6":"product_cat-decorative","7":"product_tag-baby-changing-pad","8":"product_tag-baby-gift","9":"product_tag-baby-organization","10":"product_tag-baby-room-decor","11":"product_tag-changing-basket","12":"product_tag-changing-pad","13":"product_tag-doll-basket","14":"product_tag-new-baby-gift","15":"product_tag-newborn-basket","16":"product_tag-newborn-gift-basket","17":"product_tag-sustainable-decor","18":"product_tag-welcome-baby","19":"product_tag-woven-basket","20":"product_shipping_class-small-package","22":"first","23":"instock","24":"sale","25":"taxable","26":"shipping-taxable","27":"purchasable","28":"product-type-simple"},"acf":[],"gallery_images":[74325,74326,74327,74328,74329,74330,74331,74332,74333],"_links":{"self":[{"href":"https:\/\/www.padaworks.com\/pt\/wp-json\/wp\/v2\/product\/74323","targetHints":{"allow":["GET"]}}],"collection":[{"href":"https:\/\/www.padaworks.com\/pt\/wp-json\/wp\/v2\/product"}],"about":[{"href":"https:\/\/www.padaworks.com\/pt\/wp-json\/wp\/v2\/types\/product"}],"replies":[{"embeddable":true,"href":"https:\/\/www.padaworks.com\/pt\/wp-json\/wp\/v2\/comments?post=74323"}],"wp:featuredmedia":[{"embeddable":true,"href":"https:\/\/www.padaworks.com\/pt\/wp-json\/wp\/v2\/media\/74324"}],"wp:attachment":[{"href":"https:\/\/www.padaworks.com\/pt\/wp-json\/wp\/v2\/media?parent=74323"}],"wp:term":[{"taxonomy":"product_brand","embeddable":true,"href":"https:\/\/www.padaworks.com\/pt\/wp-json\/wp\/v2\/product_brand?post=74323"},{"taxonomy":"product_cat","embeddable":true,"href":"https:\/\/www.padaworks.com\/pt\/wp-json\/wp\/v2\/product_cat?post=74323"},{"taxonomy":"product_tag","embeddable":true,"href":"https:\/\/www.padaworks.com\/pt\/wp-json\/wp\/v2\/product_tag?post=74323"}],"curies":[{"name":"wp","href":"https:\/\/api.w.org\/{rel}","templated":true}]}}