{"id":74299,"date":"2025-11-18T14:37:42","date_gmt":"2025-11-18T14:37:42","guid":{"rendered":"https:\/\/www.padaworks.com\/product\/large-rectangular-wooden-cage-rustic-cage-handmade-cage-canary-cage-bird-cage-parakeet-gift-for-pet-outdoor-cage-patio-decor\/"},"modified":"2026-05-01T20:02:07","modified_gmt":"2026-05-01T19:02:07","slug":"grande-gaiola-retangular-de-madeira-feita-de-materiais-reciclados","status":"publish","type":"product","link":"https:\/\/www.padaworks.com\/pt\/product\/grande-gaiola-retangular-de-madeira-feita-de-materiais-reciclados\/","title":{"rendered":"Gaiola grande retangular de madeira feita de materiais reciclados"},"content":{"rendered":"<p>Gaiola de madeira retangular grande<\/p>\n<p>Ofere\u00e7a ao seu ador\u00e1vel p\u00e1ssaro uma gaiola nova e grande, com um design atrativo que pode facilmente acrescentar \u00e0 decora\u00e7\u00e3o da sua casa.<br \/>\nEsta gaiola \u00e9 toda feita \u00e0 m\u00e3o com madeira reutilizada.<br \/>\nEsta madeira \u00e9 recolhida nos centros de res\u00edduos e transformada nesta bela gaiola.<\/p>\n<p>Carater\u00edsticas da gaiola:<br \/>\n- Duas portas de entrada<br \/>\n- Duas portas laterais (para aceder ao ninho)<br \/>\n- Quatro comedouros de pl\u00e1stico<br \/>\n- Duas gavetas de res\u00edduos para facilitar a limpeza do ch\u00e3o das duas partes da gaiola<br \/>\n- Uma parte para dividir a gaiola em 2 gaiolas<\/p>\n<p>Feito \u00e0 m\u00e3o<br \/>\nFabricado em Portugal<\/p>\n<p>Dimens\u00f5es:<br \/>\nC - 93 cm, L - 27,5 cm, A - 38 cm<br \/>\nC - 26,6 pol., L - 10,8 pol., A - 15,0 pol.<\/p>\n<p>Espa\u00e7amento entre fios - 1 cm; 0,4 in<\/p>\n<p>Este produto \u00e9 cuidadosamente embalado para garantir que chega em boas condi\u00e7\u00f5es \u00e0 sua casa.<br \/>\nAs dimens\u00f5es podem variar ligeiramente.<\/p>","protected":false},"excerpt":{"rendered":"<p>Large Rectangular Wooden Cage Give to your lovely bird a new and large cage, with one attractive design that you can easily add in you home decor. This cage is all handmade with reused wood. This wood is collected from waste centers and transformed into this beautiful cage. Features of the cage: &#8211; Two front [&hellip;]<\/p>","protected":false},"featured_media":74300,"comment_status":"closed","ping_status":"closed","template":"","meta":{"_acf_changed":false},"product_brand":[],"product_cat":[132],"product_tag":[570,2046,497,507,755,1110,498,504,571,503,505,1072,499],"class_list":{"0":"post-74299","1":"product","2":"type-product","3":"status-publish","4":"has-post-thumbnail","6":"product_cat-bird-cages","7":"product_tag-antique-bird-cage","8":"product_tag-antique-cage","9":"product_tag-bird-cage","10":"product_tag-bird-cage-decor","11":"product_tag-bird-cage-wooden","12":"product_tag-bird-cages-for-birds","13":"product_tag-bird-home","14":"product_tag-budgie-cage","15":"product_tag-decorative-bird-cage","16":"product_tag-parakeet-cage","17":"product_tag-vintage-bird-cage","18":"product_tag-wooden-aviary","19":"product_tag-wooden-bird-cage","20":"product_shipping_class-large-package","22":"first","23":"onbackorder","24":"sale","25":"taxable","26":"shipping-taxable","27":"purchasable","28":"product-type-simple"},"acf":[],"gallery_images":[74301,74302,74303,74304,74305,74306,74308,74309],"_links":{"self":[{"href":"https:\/\/www.padaworks.com\/pt\/wp-json\/wp\/v2\/product\/74299","targetHints":{"allow":["GET"]}}],"collection":[{"href":"https:\/\/www.padaworks.com\/pt\/wp-json\/wp\/v2\/product"}],"about":[{"href":"https:\/\/www.padaworks.com\/pt\/wp-json\/wp\/v2\/types\/product"}],"replies":[{"embeddable":true,"href":"https:\/\/www.padaworks.com\/pt\/wp-json\/wp\/v2\/comments?post=74299"}],"wp:featuredmedia":[{"embeddable":true,"href":"https:\/\/www.padaworks.com\/pt\/wp-json\/wp\/v2\/media\/74300"}],"wp:attachment":[{"href":"https:\/\/www.padaworks.com\/pt\/wp-json\/wp\/v2\/media?parent=74299"}],"wp:term":[{"taxonomy":"product_brand","embeddable":true,"href":"https:\/\/www.padaworks.com\/pt\/wp-json\/wp\/v2\/product_brand?post=74299"},{"taxonomy":"product_cat","embeddable":true,"href":"https:\/\/www.padaworks.com\/pt\/wp-json\/wp\/v2\/product_cat?post=74299"},{"taxonomy":"product_tag","embeddable":true,"href":"https:\/\/www.padaworks.com\/pt\/wp-json\/wp\/v2\/product_tag?post=74299"}],"curies":[{"name":"wp","href":"https:\/\/api.w.org\/{rel}","templated":true}]}}