{"id":74278,"date":"2025-11-18T12:38:11","date_gmt":"2025-11-18T12:38:11","guid":{"rendered":"https:\/\/www.padaworks.com\/product\/copper-essential-oil-separator-alembic-still-accessories-distiller-accessories-essential-oils-essential-oil-distiller-gift-for-him\/"},"modified":"2026-04-03T11:20:54","modified_gmt":"2026-04-03T11:20:54","slug":"separador-de-oleo-essencial-de-cobre","status":"publish","type":"product","link":"https:\/\/www.padaworks.com\/pt\/product\/separador-de-oleo-essencial-de-cobre\/","title":{"rendered":"Separador de \u00f3leo essencial de cobre"},"content":{"rendered":"<p>Separador de \u00f3leo essencial de cobre<\/p>\n<p>Separador de \u00f3leos essenciais para extrair \u00f3leos essenciais puros e hidrolatos com facilidade e precis\u00e3o. Possui uma base de cobre e um tubo de acr\u00edlico transparente.<\/p>\n<p>Feito \u00e0 m\u00e3o<br \/>\nFabricado em Portugal<\/p>\n<p>Dimens\u00f5es:<br \/>\nC - 17 cm, L - 13 cm, A - 20 cm<br \/>\nC - 6,7 pol., L - 5,1 pol., A - 7,9 pol.<br \/>\nEspessura - cerca de 0,7\/0,8 mm; 0,02\/0,03 in<\/p>\n<p>As dimens\u00f5es podem variar ligeiramente.<\/p>","protected":false},"excerpt":{"rendered":"<p>Copper Essential Oil Separator Essential oil separator for extracting pure essential oils and hydrosols with ease and precision. Features a copper base and a clear acrylic tube. Artisan Made Made in Portugal Dimensions: L &#8211; 17 cm, W &#8211; 13 cm, H &#8211; 20 cm L &#8211; 6,7 in, W &#8211; 5,1 in, H &#8211; [&hellip;]<\/p>","protected":false},"featured_media":74279,"comment_status":"closed","ping_status":"closed","template":"","meta":{"_acf_changed":false},"product_brand":[],"product_cat":[2322],"product_tag":[2248,2250,3221,3225,2249,3223,3222,2251,2257,2101,2255,2256,3224],"class_list":{"0":"post-74278","1":"product","2":"type-product","3":"status-publish","4":"has-post-thumbnail","6":"product_cat-alembics","7":"product_tag-copper","8":"product_tag-copper-distiller","9":"product_tag-copper-parrot-spout","10":"product_tag-copper-still","11":"product_tag-copper-stills","12":"product_tag-distillers-parrot","13":"product_tag-distilling-parrot","14":"product_tag-essential-oil-still","15":"product_tag-handmade-still","16":"product_tag-made-in-portugal","17":"product_tag-oil-extractor","18":"product_tag-oils-essences","19":"product_tag-proofing-parrot-head","20":"product_shipping_class-small-package","22":"first","23":"instock","24":"sale","25":"taxable","26":"shipping-taxable","27":"purchasable","28":"product-type-simple"},"acf":[],"gallery_images":[74280,74281],"_links":{"self":[{"href":"https:\/\/www.padaworks.com\/pt\/wp-json\/wp\/v2\/product\/74278","targetHints":{"allow":["GET"]}}],"collection":[{"href":"https:\/\/www.padaworks.com\/pt\/wp-json\/wp\/v2\/product"}],"about":[{"href":"https:\/\/www.padaworks.com\/pt\/wp-json\/wp\/v2\/types\/product"}],"replies":[{"embeddable":true,"href":"https:\/\/www.padaworks.com\/pt\/wp-json\/wp\/v2\/comments?post=74278"}],"wp:featuredmedia":[{"embeddable":true,"href":"https:\/\/www.padaworks.com\/pt\/wp-json\/wp\/v2\/media\/74279"}],"wp:attachment":[{"href":"https:\/\/www.padaworks.com\/pt\/wp-json\/wp\/v2\/media?parent=74278"}],"wp:term":[{"taxonomy":"product_brand","embeddable":true,"href":"https:\/\/www.padaworks.com\/pt\/wp-json\/wp\/v2\/product_brand?post=74278"},{"taxonomy":"product_cat","embeddable":true,"href":"https:\/\/www.padaworks.com\/pt\/wp-json\/wp\/v2\/product_cat?post=74278"},{"taxonomy":"product_tag","embeddable":true,"href":"https:\/\/www.padaworks.com\/pt\/wp-json\/wp\/v2\/product_tag?post=74278"}],"curies":[{"name":"wp","href":"https:\/\/api.w.org\/{rel}","templated":true}]}}