{"id":74268,"date":"2025-11-18T12:22:08","date_gmt":"2025-11-18T12:22:08","guid":{"rendered":"https:\/\/www.padaworks.com\/product\/ceramic-sardine-tin-portuguese-sardine-tin-ceramic-container-ceramic-storage-sardine-lovers-sardines-gifts-sardines-decor\/"},"modified":"2026-04-03T08:17:12","modified_gmt":"2026-04-03T08:17:12","slug":"lata-de-sardinha-em-ceramica","status":"publish","type":"product","link":"https:\/\/www.padaworks.com\/pt\/product\/lata-de-sardinha-em-ceramica\/","title":{"rendered":"Lata de sardinha em cer\u00e2mica"},"content":{"rendered":"<p>Lata de sardinha em cer\u00e2mica<\/p>\n<p>Lata de cer\u00e2mica com sardinhas esmaltadas. Uma lata de cer\u00e2mica \u00fanica e divertida com um design vintage e peixes para a sua cozinha. Uma pe\u00e7a tradicional portuguesa.<br \/>\nA palavra \u201cPortugal\u201d pode ou n\u00e3o aparecer ao lado da imagem de sardinhas.<\/p>\n<p>Feito \u00e0 m\u00e3o<br \/>\nFabricado em Portugal<\/p>\n<p>Dimens\u00f5es:<br \/>\nC \u2013 11 cm, L \u2013 7 cm, A \u2013 3,5 cm<br \/>\nL \u2013 11 cm, L \u2013 7 cm, A \u2013 3,5 cm<\/p>\n<p>As dimens\u00f5es e as ilustra\u00e7\u00f5es podem variar ligeiramente.<\/p>","protected":false},"excerpt":{"rendered":"<p>Ceramic Sardine Tin Ceramic sardines tin with sardines glazed. A unique and fun ceramic tin with a vintage and fish design for your kitchen. A traditional portuguese piece. The word &#8220;Portugal&#8221; may or may not appear alongside the image of sardines. Artisan Made Made in Portugal Dimensions: L &#8211; 11 cm, W &#8211; 7 cm, [&hellip;]<\/p>","protected":false},"featured_media":74269,"comment_status":"closed","ping_status":"closed","template":"","meta":{"_acf_changed":false},"product_brand":[],"product_cat":[1767,1799],"product_tag":[1618,1560,3217,494,2418,1668,328,1229,1682,1404,3218,3220,3219],"class_list":{"0":"post-74268","1":"product","2":"type-product","3":"status-publish","4":"has-post-thumbnail","6":"product_cat-kitchenware","7":"product_cat-little-treasoures","8":"product_tag-ceramic-fish-decor","9":"product_tag-ceramic-sardine","10":"product_tag-ceramic-tin","11":"product_tag-ceramic-wall-hanging","12":"product_tag-glazed-sardines","13":"product_tag-hand-painted-ceramic","14":"product_tag-kitchen-storage","15":"product_tag-new-home-gift","16":"product_tag-portuguese-ceramics","17":"product_tag-portuguese-souvenir","18":"product_tag-portuguese-tin","19":"product_tag-sardine-tin-decor","20":"product_tag-sardines-tin","21":"product_shipping_class-small-package","23":"first","24":"instock","25":"taxable","26":"shipping-taxable","27":"purchasable","28":"product-type-variable","29":"has-default-attributes","30":"wvs-archive-product-wrapper"},"acf":[],"gallery_images":[74270,74271,74272,74273,74274],"_links":{"self":[{"href":"https:\/\/www.padaworks.com\/pt\/wp-json\/wp\/v2\/product\/74268","targetHints":{"allow":["GET"]}}],"collection":[{"href":"https:\/\/www.padaworks.com\/pt\/wp-json\/wp\/v2\/product"}],"about":[{"href":"https:\/\/www.padaworks.com\/pt\/wp-json\/wp\/v2\/types\/product"}],"replies":[{"embeddable":true,"href":"https:\/\/www.padaworks.com\/pt\/wp-json\/wp\/v2\/comments?post=74268"}],"wp:featuredmedia":[{"embeddable":true,"href":"https:\/\/www.padaworks.com\/pt\/wp-json\/wp\/v2\/media\/74269"}],"wp:attachment":[{"href":"https:\/\/www.padaworks.com\/pt\/wp-json\/wp\/v2\/media?parent=74268"}],"wp:term":[{"taxonomy":"product_brand","embeddable":true,"href":"https:\/\/www.padaworks.com\/pt\/wp-json\/wp\/v2\/product_brand?post=74268"},{"taxonomy":"product_cat","embeddable":true,"href":"https:\/\/www.padaworks.com\/pt\/wp-json\/wp\/v2\/product_cat?post=74268"},{"taxonomy":"product_tag","embeddable":true,"href":"https:\/\/www.padaworks.com\/pt\/wp-json\/wp\/v2\/product_tag?post=74268"}],"curies":[{"name":"wp","href":"https:\/\/api.w.org\/{rel}","templated":true}]}}