{"id":74201,"date":"2025-11-18T09:52:09","date_gmt":"2025-11-18T09:52:09","guid":{"rendered":"https:\/\/www.padaworks.com\/product\/glazed-ceramic-swallow-with-relief-portuguese-pottery-ceramic-swallows-ceramic-wall-decor-ceramic-bird-bird-art-wall-ceramic-art\/"},"modified":"2026-05-04T06:32:30","modified_gmt":"2026-05-04T05:32:30","slug":"andorinha-em-ceramica-esmaltada-com-relevo","status":"publish","type":"product","link":"https:\/\/www.padaworks.com\/pt\/product\/andorinha-em-ceramica-esmaltada-com-relevo\/","title":{"rendered":"Andorinhas de cer\u00e2mica vidrada com relevo"},"content":{"rendered":"<p>Andorinhas de cer\u00e2mica vidrada com relevo<\/p>\n<p>Fabricado em barro com acabamento vidrado. Dispon\u00edvel em tr\u00eas tamanhos e nove cores.<br \/>\nAs andorinhas s\u00e3o aves migrat\u00f3rias que assinalam a chegada da primavera. Estas aves t\u00eam uma carater\u00edstica que as distingue. Regressam quase sempre ao mesmo local onde fizeram o primeiro ninho e t\u00eam apenas um parceiro durante a viagem!<br \/>\nEm Portugal \u00e9 t\u00edpico ver estas andorinhas penduradas nas paredes das casas! S\u00e3o o s\u00edmbolo do Amor, da Fam\u00edlia, da Lealdade, do Lar e da Fidelidade.<br \/>\nSimbolizam os membros da fam\u00edlia. Os de tamanho grande s\u00e3o os pais, os de tamanho m\u00e9dio s\u00e3o os filhos e os de tamanho pequeno s\u00e3o os netos.<br \/>\nCrie tamb\u00e9m esta bela tradi\u00e7\u00e3o portuguesa na sua casa \ud83d\ude42<\/p>\n<p>Feito \u00e0 m\u00e3o<br \/>\nFeito em Portugal com produtos portugueses, dedica\u00e7\u00e3o e amor!!<\/p>\n<p>Dimens\u00f5es:<br \/>\nPEQUENO<br \/>\nC \u2013 8 cm, L \u2013 11 cm, P \u2013 2 cm<br \/>\nL \u2013 3,1 pol., L \u2013 4,3 pol., P \u2013 0,8 pol.<\/p>\n<p>M\u00c9DIO<br \/>\nC \u2013 10 cm, L \u2013 13 cm, P \u2013 2 cm<br \/>\nL \u2013 3,9 pol., L \u2013 5,1 pol., P \u2013 0,8 pol.<\/p>\n<p>GRANDE<br \/>\nC \u2013 11 cm, L \u2013 16 cm, P \u2013 3,5 cm<br \/>\nL \u2013 10,9 cm, L \u2013 16 cm, P \u2013 3,5 cm<\/p>\n<p>O acabamento vidrado pode, por vezes, apresentar pequenas linhas e deforma\u00e7\u00f5es normais do processo de produ\u00e7\u00e3o manual.<br \/>\nT\u00eam uma abertura na parte de tr\u00e1s para serem pendurados na parede.<\/p>\n<p>As dimens\u00f5es podem variar ligeiramente.<\/p>","protected":false},"excerpt":{"rendered":"<p>Glazed Ceramic Swallows with Relief Made of clay with a glazed finish. Available in three sizes and nine colors. Swallows are migratory birds that indicate the arrival of spring. These birds have a characteristic that sets them apart. They almost always return to the same place where they first made the nest and have only [&hellip;]<\/p>","protected":false},"featured_media":74202,"comment_status":"closed","ping_status":"closed","template":"","meta":{"_acf_changed":false},"product_brand":[],"product_cat":[1550],"product_tag":[700,1740,1739,3214,1038,580,1738,1008,664,1741,1682,667,668],"class_list":{"0":"post-74201","1":"product","2":"type-product","3":"status-publish","4":"has-post-thumbnail","6":"product_cat-birds","7":"product_tag-bird-decor","8":"product_tag-bird-figurines","9":"product_tag-bird-ornament","10":"product_tag-bird-with-relief","11":"product_tag-birds-wall-hanging","12":"product_tag-ceramic-sculpture","13":"product_tag-ceramic-set","14":"product_tag-ceramic-wall-art","15":"product_tag-ceramic-wall-swallow","16":"product_tag-ceramics-handmade","17":"product_tag-portuguese-ceramics","18":"product_tag-portuguese-gift","19":"product_tag-wall-hanging-swallow","21":"first","22":"instock","23":"taxable","24":"shipping-taxable","25":"purchasable","26":"product-type-variable","27":"has-default-attributes","28":"wvs-archive-product-wrapper"},"acf":[],"gallery_images":[74203,74204,74205,74206,74207,74208,74209,74210,74211,74212,74213,74214],"_links":{"self":[{"href":"https:\/\/www.padaworks.com\/pt\/wp-json\/wp\/v2\/product\/74201","targetHints":{"allow":["GET"]}}],"collection":[{"href":"https:\/\/www.padaworks.com\/pt\/wp-json\/wp\/v2\/product"}],"about":[{"href":"https:\/\/www.padaworks.com\/pt\/wp-json\/wp\/v2\/types\/product"}],"replies":[{"embeddable":true,"href":"https:\/\/www.padaworks.com\/pt\/wp-json\/wp\/v2\/comments?post=74201"}],"wp:featuredmedia":[{"embeddable":true,"href":"https:\/\/www.padaworks.com\/pt\/wp-json\/wp\/v2\/media\/74202"}],"wp:attachment":[{"href":"https:\/\/www.padaworks.com\/pt\/wp-json\/wp\/v2\/media?parent=74201"}],"wp:term":[{"taxonomy":"product_brand","embeddable":true,"href":"https:\/\/www.padaworks.com\/pt\/wp-json\/wp\/v2\/product_brand?post=74201"},{"taxonomy":"product_cat","embeddable":true,"href":"https:\/\/www.padaworks.com\/pt\/wp-json\/wp\/v2\/product_cat?post=74201"},{"taxonomy":"product_tag","embeddable":true,"href":"https:\/\/www.padaworks.com\/pt\/wp-json\/wp\/v2\/product_tag?post=74201"}],"curies":[{"name":"wp","href":"https:\/\/api.w.org\/{rel}","templated":true}]}}