{"id":71633,"date":"2025-03-23T18:35:32","date_gmt":"2025-03-23T18:35:32","guid":{"rendered":"https:\/\/www.padaworks.com\/?post_type=product&#038;p=71633"},"modified":"2026-05-13T14:23:30","modified_gmt":"2026-05-13T13:23:30","slug":"tapete-azul-pequeno-50x100cm-tapete-com-nos","status":"publish","type":"product","link":"https:\/\/www.padaworks.com\/pt\/product\/tapete-azul-pequeno-50x100cm-tapete-com-nos\/","title":{"rendered":"Tapete azul pequeno \u2013 50 x 100 cm \u2013 Tapete com n\u00f3s"},"content":{"rendered":"<p>Tapete azul pequeno<\/p>\n<p>Este tapete \u00e9 tecido num tear manual com tecidos reutilizados.<br \/>\nEstes tapetes s\u00e3o robustos, leves e podem ser lavados regularmente \u00e0 m\u00e3o ou \u00e0 m\u00e1quina.<br \/>\n\u00c9 ecol\u00f3gico porque reutiliza a mat\u00e9ria-prima desperdi\u00e7ada pela ind\u00fastria t\u00eaxtil.<br \/>\nRecomendamos a lavagem a frio ou a 30\u00b0C.<br \/>\nUma vez que este tapete \u00e9 fabricado com produtos reciclados das ind\u00fastrias t\u00eaxteis, pode haver ligeiras varia\u00e7\u00f5es de cor.<\/p>\n<p>Feito \u00e0 m\u00e3o<br \/>\nFabricado em Portugal<\/p>\n<p>Dimens\u00f5es:<br \/>\nC - 100 cm, L - 50 cm<br \/>\nC - 39,4 pol., L - 19,7 pol.<br \/>\nC - 3,3 p\u00e9s, L - 1,6 p\u00e9s<br \/>\nEspessura - cerca de 0,5 cm; 0,2 in<\/p>\n<p>As dimens\u00f5es podem variar ligeiramente.<\/p>","protected":false},"excerpt":{"rendered":"<p>Tapete azul pequeno Este tapete \u00e9 tecido num tear manual com tecidos reutilizados. Estes tapetes s\u00e3o robustos, leves e podem ser lavados regularmente \u00e0 m\u00e3o ou \u00e0 m\u00e1quina. \u00c9 ecol\u00f3gico porque reutiliza mat\u00e9ria-prima desperdi\u00e7ada pela ind\u00fastria t\u00eaxtil. Aconselha-se a lavagem a frio ou a 30\u00b0C. Como este tapete \u00e9 feito com tecido reciclado [...]<\/p>","protected":false},"featured_media":71634,"comment_status":"open","ping_status":"closed","template":"","meta":{"_acf_changed":false},"product_brand":[],"product_cat":[2731],"product_tag":[621,589,465,597,619,466,480,296,482,817,1655,592,623],"class_list":{"0":"post-71633","1":"product","2":"type-product","3":"status-publish","4":"has-post-thumbnail","6":"product_cat-knotted","7":"product_tag-2x3-rug","8":"product_tag-bath-rug","9":"product_tag-bedroom-rug","10":"product_tag-blue-rug","11":"product_tag-entry-rug","12":"product_tag-kitchen-mat","13":"product_tag-rag-rug","14":"product_tag-recycled-rug","15":"product_tag-rugs-for-bedroom","16":"product_tag-shower-mat","17":"product_tag-small-area-rug","18":"product_tag-small-rug","19":"product_tag-vintage-rug","20":"product_shipping_class-small-package","22":"first","23":"outofstock","24":"sale","25":"taxable","26":"shipping-taxable","27":"purchasable","28":"product-type-simple"},"acf":[],"gallery_images":[71635,71636,71637,71638,71639,71640],"_links":{"self":[{"href":"https:\/\/www.padaworks.com\/pt\/wp-json\/wp\/v2\/product\/71633","targetHints":{"allow":["GET"]}}],"collection":[{"href":"https:\/\/www.padaworks.com\/pt\/wp-json\/wp\/v2\/product"}],"about":[{"href":"https:\/\/www.padaworks.com\/pt\/wp-json\/wp\/v2\/types\/product"}],"replies":[{"embeddable":true,"href":"https:\/\/www.padaworks.com\/pt\/wp-json\/wp\/v2\/comments?post=71633"}],"wp:featuredmedia":[{"embeddable":true,"href":"https:\/\/www.padaworks.com\/pt\/wp-json\/wp\/v2\/media\/71634"}],"wp:attachment":[{"href":"https:\/\/www.padaworks.com\/pt\/wp-json\/wp\/v2\/media?parent=71633"}],"wp:term":[{"taxonomy":"product_brand","embeddable":true,"href":"https:\/\/www.padaworks.com\/pt\/wp-json\/wp\/v2\/product_brand?post=71633"},{"taxonomy":"product_cat","embeddable":true,"href":"https:\/\/www.padaworks.com\/pt\/wp-json\/wp\/v2\/product_cat?post=71633"},{"taxonomy":"product_tag","embeddable":true,"href":"https:\/\/www.padaworks.com\/pt\/wp-json\/wp\/v2\/product_tag?post=71633"}],"curies":[{"name":"wp","href":"https:\/\/api.w.org\/{rel}","templated":true}]}}