{"id":71172,"date":"2023-10-25T15:03:25","date_gmt":"2023-10-25T15:03:25","guid":{"rendered":"https:\/\/www.padaworks.com\/?post_type=product&#038;p=71172"},"modified":"2026-02-12T14:54:20","modified_gmt":"2026-02-12T14:54:20","slug":"tapete-extra-grande-misto-creme-taupe-tapete-para-sala-de-jantar-tapete-moderno-tapete-para-sala-de-estar-tapete-para-quarto-tapete-estetico-minimalista","status":"publish","type":"product","link":"https:\/\/www.padaworks.com\/pt\/product\/tapete-extra-grande-misto-creme-taupe-tapete-para-sala-de-jantar-tapete-moderno-tapete-para-sala-de-estar-tapete-para-quarto-tapete-estetico-minimalista\/","title":{"rendered":"Tapete extra grande misto creme e taupe - 200x300cm - Tapete macio"},"content":{"rendered":"<p>Tapete extra grande misto de creme e taupe<\/p>\n<p>Este tapete \u00e9 tecido num tear manual com tecidos reutilizados.<br \/>\nEstes tapetes s\u00e3o robustos, leves e podem ser lavados regularmente \u00e0 m\u00e3o ou \u00e0 m\u00e1quina.<br \/>\n\u00c9 ecol\u00f3gico porque reutiliza a mat\u00e9ria-prima desperdi\u00e7ada pela ind\u00fastria t\u00eaxtil.<br \/>\nRecomendamos a lavagem a frio ou a 30\u00b0C.<br \/>\nUma vez que este tapete \u00e9 fabricado com produtos reciclados das ind\u00fastrias t\u00eaxteis, pode haver ligeiras varia\u00e7\u00f5es de cor.<\/p>\n<p>Feito \u00e0 m\u00e3o<br \/>\nFabricado em Portugal<\/p>\n<p>Dimens\u00f5es:<br \/>\nC - 300 cm, L - 200 cm<br \/>\nC - 118,1 pol., L - 78,7 pol.<br \/>\nC - 9,8 p\u00e9s, L - 6,7 p\u00e9s<br \/>\nEspessura - cerca de 0,5 cm; 0,2 in<\/p>\n<p>As dimens\u00f5es podem variar ligeiramente.<\/p>","protected":false},"excerpt":{"rendered":"<p>Extra Large Mixed Cream Taupe Rug This rug is woven in a manual loom with fabrics reused. These rugs are robust, light, and can be regularly washed by hand or machine. It is ecological because they reuse raw material wasted by the textil industry. We recommend cold washing or to 30\u00b0C. Since this rug is [&hellip;]<\/p>","protected":false},"featured_media":71173,"comment_status":"open","ping_status":"closed","template":"","meta":{"_acf_changed":false},"product_brand":[],"product_cat":[2728,2719],"product_tag":[1266,473,816,477,478,1806,585,581,471,1999,1772,623,595],"class_list":{"0":"post-71172","1":"product","2":"type-product","3":"status-publish","4":"has-post-thumbnail","6":"product_cat-soft","7":"product_cat-special-offers","8":"product_tag-7x10-rug","9":"product_tag-abstract-rug","10":"product_tag-area-rug","11":"product_tag-bedside-rug","12":"product_tag-boho-rug","13":"product_tag-cotton-area-rug","14":"product_tag-entryway-rug","15":"product_tag-living-room-rug","16":"product_tag-off-white-rug","17":"product_tag-taupe-rug","18":"product_tag-unique-rug","19":"product_tag-vintage-rug","20":"product_tag-washable-rug","21":"product_shipping_class-small-package","23":"first","24":"instock","25":"sale","26":"taxable","27":"shipping-taxable","28":"purchasable","29":"product-type-simple"},"acf":[],"gallery_images":[71174,71175,71176,71177,71178,71179,71180,71181,71182],"_links":{"self":[{"href":"https:\/\/www.padaworks.com\/pt\/wp-json\/wp\/v2\/product\/71172","targetHints":{"allow":["GET"]}}],"collection":[{"href":"https:\/\/www.padaworks.com\/pt\/wp-json\/wp\/v2\/product"}],"about":[{"href":"https:\/\/www.padaworks.com\/pt\/wp-json\/wp\/v2\/types\/product"}],"replies":[{"embeddable":true,"href":"https:\/\/www.padaworks.com\/pt\/wp-json\/wp\/v2\/comments?post=71172"}],"wp:featuredmedia":[{"embeddable":true,"href":"https:\/\/www.padaworks.com\/pt\/wp-json\/wp\/v2\/media\/71173"}],"wp:attachment":[{"href":"https:\/\/www.padaworks.com\/pt\/wp-json\/wp\/v2\/media?parent=71172"}],"wp:term":[{"taxonomy":"product_brand","embeddable":true,"href":"https:\/\/www.padaworks.com\/pt\/wp-json\/wp\/v2\/product_brand?post=71172"},{"taxonomy":"product_cat","embeddable":true,"href":"https:\/\/www.padaworks.com\/pt\/wp-json\/wp\/v2\/product_cat?post=71172"},{"taxonomy":"product_tag","embeddable":true,"href":"https:\/\/www.padaworks.com\/pt\/wp-json\/wp\/v2\/product_tag?post=71172"}],"curies":[{"name":"wp","href":"https:\/\/api.w.org\/{rel}","templated":true}]}}