{"id":70317,"date":"2023-02-20T22:32:25","date_gmt":"2023-02-20T22:32:25","guid":{"rendered":"https:\/\/www.padaworks.com\/?post_type=product&#038;p=70317"},"modified":"2026-05-02T02:54:27","modified_gmt":"2026-05-02T01:54:27","slug":"tapete-pequeno-cinzento-claro-50x100cm-tapete-com-nos","status":"publish","type":"product","link":"https:\/\/www.padaworks.com\/pt\/product\/tapete-pequeno-cinzento-claro-50x100cm-tapete-com-nos\/","title":{"rendered":"Tapete pequeno cinza claro \u2013 50 x 100 cm \u2013 Tapete com n\u00f3s"},"content":{"rendered":"<p>Tapete pequeno cinzento claro Este tapete \u00e9 tecido num tear manual com tecidos reutilizados. Estes tapetes s\u00e3o robustos e podem ser lavados regularmente \u00e0 m\u00e3o ou na m\u00e1quina. S\u00e3o ecol\u00f3gicos porque reutilizam mat\u00e9ria-prima desperdi\u00e7ada pela ind\u00fastria t\u00eaxtil. Recomendamos lavar a frio ou a 30 \u00b0C. Acabamento com costura b\u00e1sica. Uma vez que este tapete \u00e9 feito com produtos reciclados da ind\u00fastria t\u00eaxtil, podem existir ligeiras varia\u00e7\u00f5es na cor. Feito \u00e0 m\u00e3o em Portugal Dimens\u00f5es: C \u2013 100 cm, L \u2013 50 cm C \u2013 39,4 pol., L \u2013 19,7 pol. C \u2013 3,3 p\u00e9s, L \u2013 1,6 p\u00e9s As dimens\u00f5es podem variar ligeiramente.<\/p>","protected":false},"excerpt":{"rendered":"<p>Small Light Grey Rug This rug is woven in a manual loom with fabrics reused. These rugs are robust and can be regularly washed by hand or machine. It is ecological because they reuse raw material wasted by the textil industry. We recommend cold washing or to 30\u00b0C. Finished with basic stitching. Since this rug [&hellip;]<\/p>","protected":false},"featured_media":70318,"comment_status":"open","ping_status":"closed","template":"","meta":{"_acf_changed":false},"product_brand":[],"product_cat":[2731],"product_tag":[617,421,1802,465,588,585,590,625,1812,575,817,592,595],"class_list":{"0":"post-70317","1":"product","2":"type-product","3":"status-publish","4":"has-post-thumbnail","6":"product_cat-knotted","7":"product_tag-3x2-rug","8":"product_tag-bathroom-rug","9":"product_tag-bathroom-runner-rug","10":"product_tag-bedroom-rug","11":"product_tag-door-mat","12":"product_tag-entryway-rug","13":"product_tag-floor-mat","14":"product_tag-grey-rug","15":"product_tag-irregular-rug","16":"product_tag-kitchen-rug","17":"product_tag-shower-mat","18":"product_tag-small-rug","19":"product_tag-washable-rug","20":"product_shipping_class-small-package","22":"first","23":"instock","24":"sale","25":"taxable","26":"shipping-taxable","27":"purchasable","28":"product-type-simple"},"acf":[],"gallery_images":[70319,70320,70321,70322,70323,70324,70325,70326],"_links":{"self":[{"href":"https:\/\/www.padaworks.com\/pt\/wp-json\/wp\/v2\/product\/70317","targetHints":{"allow":["GET"]}}],"collection":[{"href":"https:\/\/www.padaworks.com\/pt\/wp-json\/wp\/v2\/product"}],"about":[{"href":"https:\/\/www.padaworks.com\/pt\/wp-json\/wp\/v2\/types\/product"}],"replies":[{"embeddable":true,"href":"https:\/\/www.padaworks.com\/pt\/wp-json\/wp\/v2\/comments?post=70317"}],"wp:featuredmedia":[{"embeddable":true,"href":"https:\/\/www.padaworks.com\/pt\/wp-json\/wp\/v2\/media\/70318"}],"wp:attachment":[{"href":"https:\/\/www.padaworks.com\/pt\/wp-json\/wp\/v2\/media?parent=70317"}],"wp:term":[{"taxonomy":"product_brand","embeddable":true,"href":"https:\/\/www.padaworks.com\/pt\/wp-json\/wp\/v2\/product_brand?post=70317"},{"taxonomy":"product_cat","embeddable":true,"href":"https:\/\/www.padaworks.com\/pt\/wp-json\/wp\/v2\/product_cat?post=70317"},{"taxonomy":"product_tag","embeddable":true,"href":"https:\/\/www.padaworks.com\/pt\/wp-json\/wp\/v2\/product_tag?post=70317"}],"curies":[{"name":"wp","href":"https:\/\/api.w.org\/{rel}","templated":true}]}}