{"id":70255,"date":"2023-02-19T22:03:28","date_gmt":"2023-02-19T22:03:28","guid":{"rendered":"https:\/\/www.padaworks.com\/?post_type=product&#038;p=70255"},"modified":"2026-05-02T02:38:42","modified_gmt":"2026-05-02T01:38:42","slug":"tapete-cinzento-claro-medio-70x140cm-tapete-com-nos","status":"publish","type":"product","link":"https:\/\/www.padaworks.com\/pt\/product\/tapete-cinzento-claro-medio-70x140cm-tapete-com-nos\/","title":{"rendered":"Tapete cinza claro m\u00e9dio \u2013 70 x 140 cm \u2013 Tapete com n\u00f3s"},"content":{"rendered":"<p>Tapete cinzento claro m\u00e9dio Este tapete \u00e9 tecido num tear manual com tecidos reutilizados. Estes tapetes s\u00e3o robustos, leves e podem ser lavados regularmente \u00e0 m\u00e3o ou \u00e0 m\u00e1quina. \u00c9 ecol\u00f3gico porque reutiliza mat\u00e9ria-prima desperdi\u00e7ada pela ind\u00fastria t\u00eaxtil. Aconselha-se a lavagem a frio ou a 30\u00b0C. Como este tapete \u00e9 feito com produtos reciclados da ind\u00fastria t\u00eaxtil, pode haver ligeiras varia\u00e7\u00f5es de cor.  Feito artesanalmente Made in Portugal Dimens\u00f5es: L - 140 cm, W - 70 cm L - 55,1 in, W - 27,6 in L - 4,6 ft, W - 2,3 ft Espessura - cerca de 0,5 cm; 0,2 in As dimens\u00f5es podem variar ligeiramente.<\/p>","protected":false},"excerpt":{"rendered":"<p>Medium Light Grey Rug This rug is woven in a manual loom with fabrics reused. These rugs are robust, light, and can be regularly washed by hand or machine. It is ecological because they reuse raw material wasted by the textil industry. We recommend cold washing or to 30\u00b0C. Since this rug is made with [&hellip;]<\/p>","protected":false},"featured_media":70256,"comment_status":"open","ping_status":"closed","template":"","meta":{"_acf_changed":false},"product_brand":[],"product_cat":[2731],"product_tag":[731,1770,816,618,465,1806,619,625,420,669,594,817,623],"class_list":{"0":"post-70255","1":"product","2":"type-product","3":"status-publish","4":"has-post-thumbnail","6":"product_cat-knotted","7":"product_tag-2x5-rug","8":"product_tag-aesthetic-rug","9":"product_tag-area-rug","10":"product_tag-bath-mat","11":"product_tag-bedroom-rug","12":"product_tag-cotton-area-rug","13":"product_tag-entry-rug","14":"product_tag-grey-rug","15":"product_tag-handmade-rug","16":"product_tag-minimalist-rug","17":"product_tag-rug-for-living-room","18":"product_tag-shower-mat","19":"product_tag-vintage-rug","20":"product_shipping_class-small-package","22":"first","23":"instock","24":"sale","25":"taxable","26":"shipping-taxable","27":"purchasable","28":"product-type-simple"},"acf":[],"gallery_images":[70257,70258,70259,70260,70261,70262,70263,70264],"_links":{"self":[{"href":"https:\/\/www.padaworks.com\/pt\/wp-json\/wp\/v2\/product\/70255","targetHints":{"allow":["GET"]}}],"collection":[{"href":"https:\/\/www.padaworks.com\/pt\/wp-json\/wp\/v2\/product"}],"about":[{"href":"https:\/\/www.padaworks.com\/pt\/wp-json\/wp\/v2\/types\/product"}],"replies":[{"embeddable":true,"href":"https:\/\/www.padaworks.com\/pt\/wp-json\/wp\/v2\/comments?post=70255"}],"wp:featuredmedia":[{"embeddable":true,"href":"https:\/\/www.padaworks.com\/pt\/wp-json\/wp\/v2\/media\/70256"}],"wp:attachment":[{"href":"https:\/\/www.padaworks.com\/pt\/wp-json\/wp\/v2\/media?parent=70255"}],"wp:term":[{"taxonomy":"product_brand","embeddable":true,"href":"https:\/\/www.padaworks.com\/pt\/wp-json\/wp\/v2\/product_brand?post=70255"},{"taxonomy":"product_cat","embeddable":true,"href":"https:\/\/www.padaworks.com\/pt\/wp-json\/wp\/v2\/product_cat?post=70255"},{"taxonomy":"product_tag","embeddable":true,"href":"https:\/\/www.padaworks.com\/pt\/wp-json\/wp\/v2\/product_tag?post=70255"}],"curies":[{"name":"wp","href":"https:\/\/api.w.org\/{rel}","templated":true}]}}