{"id":67615,"date":"2025-09-24T23:41:24","date_gmt":"2025-09-24T23:41:24","guid":{"rendered":"https:\/\/www.padaworks.com\/product\/large-white-pink-beige-rug-150x200cm-traditional-rug\/"},"modified":"2025-11-19T09:14:10","modified_gmt":"2025-11-19T09:14:10","slug":"tapete-grande-branco-rosa-bege-150x200cm-tapete-tradicional","status":"publish","type":"product","link":"https:\/\/www.padaworks.com\/pt\/product\/tapete-grande-branco-rosa-bege-150x200cm-tapete-tradicional\/","title":{"rendered":"Tapete Grande Branco Rosa Bege - 150x200cm - Tapete Tradicional"},"content":{"rendered":"<p>Tapete grande branco rosa bege 150 x 200 cm<\/p>\n<p>Este tapete \u00e9 tecido num tear manual com tecidos reutilizados.<br \/>Os nossos tapetes s\u00e3o robustos, leves e podem ser lavados regularmente \u00e0 m\u00e3o ou \u00e0 m\u00e1quina.<br \/>\u00c9 ecol\u00f3gico porque reutiliza a mat\u00e9ria-prima desperdi\u00e7ada pela ind\u00fastria t\u00eaxtil.<br \/>Recomendamos a lavagem a frio ou a 30\u00b0C.<br \/>Uma vez que este tapete \u00e9 fabricado com produtos reciclados das ind\u00fastrias t\u00eaxteis, pode haver ligeiras varia\u00e7\u00f5es de cor.<\/p>\n<p>Feito \u00e0 m\u00e3o<br \/>Fabricado em Portugal<\/p>\n<p>Dimens\u00f5es:<br \/>C - 200 cm, L - 150 cm<br \/>C - 78,7 pol., L - 59,1 pol.<br \/>C - 6,6 p\u00e9s, L - 4,9 p\u00e9s<br \/>Espessura - cerca de 0,5 cm; 0,2 in<\/p>\n<p>As dimens\u00f5es podem variar ligeiramente.<\/p>","protected":false},"excerpt":{"rendered":"<p>Large White Pink Beige Rug 150x200cm This rug is woven in a manual loom with fabrics reused.Our rugs are robust, light, and can be regularly washed by hand or machine.It is ecological because they reuse raw material wasted by the textil industry.We recommend cold washing or to 30\u00b0C.Since this rug is made with recycled products [&hellip;]<\/p>","protected":false},"featured_media":67616,"comment_status":"open","ping_status":"open","template":"","meta":{"_acf_changed":false},"product_brand":[],"product_cat":[2730],"product_tag":[655,465,477,582,591,590,420,2384,581,2162,593,482,2844],"class_list":{"0":"post-67615","1":"product","2":"type-product","3":"status-publish","4":"has-post-thumbnail","6":"product_cat-traditional","7":"product_tag-5x7-rug","8":"product_tag-bedroom-rug","9":"product_tag-bedside-rug","10":"product_tag-cotton-carpet","11":"product_tag-farmhouse-rug","12":"product_tag-floor-mat","13":"product_tag-handmade-rug","14":"product_tag-high-quality-carpet","15":"product_tag-living-room-rug","16":"product_tag-pink-area-rug","17":"product_tag-pink-rug","18":"product_tag-rugs-for-bedroom","19":"product_tag-striped-cotton-rug","20":"product_shipping_class-small-package","22":"first","23":"instock","24":"taxable","25":"shipping-taxable","26":"purchasable","27":"product-type-simple"},"acf":[],"gallery_images":[67617,67618,67619,67620,67621,67622],"_links":{"self":[{"href":"https:\/\/www.padaworks.com\/pt\/wp-json\/wp\/v2\/product\/67615","targetHints":{"allow":["GET"]}}],"collection":[{"href":"https:\/\/www.padaworks.com\/pt\/wp-json\/wp\/v2\/product"}],"about":[{"href":"https:\/\/www.padaworks.com\/pt\/wp-json\/wp\/v2\/types\/product"}],"replies":[{"embeddable":true,"href":"https:\/\/www.padaworks.com\/pt\/wp-json\/wp\/v2\/comments?post=67615"}],"wp:featuredmedia":[{"embeddable":true,"href":"https:\/\/www.padaworks.com\/pt\/wp-json\/wp\/v2\/media\/67616"}],"wp:attachment":[{"href":"https:\/\/www.padaworks.com\/pt\/wp-json\/wp\/v2\/media?parent=67615"}],"wp:term":[{"taxonomy":"product_brand","embeddable":true,"href":"https:\/\/www.padaworks.com\/pt\/wp-json\/wp\/v2\/product_brand?post=67615"},{"taxonomy":"product_cat","embeddable":true,"href":"https:\/\/www.padaworks.com\/pt\/wp-json\/wp\/v2\/product_cat?post=67615"},{"taxonomy":"product_tag","embeddable":true,"href":"https:\/\/www.padaworks.com\/pt\/wp-json\/wp\/v2\/product_tag?post=67615"}],"curies":[{"name":"wp","href":"https:\/\/api.w.org\/{rel}","templated":true}]}}