{"id":67553,"date":"2025-09-12T12:17:36","date_gmt":"2025-09-12T12:17:36","guid":{"rendered":"https:\/\/www.padaworks.com\/product\/round-wicker-picnic-basket\/"},"modified":"2025-11-19T09:14:17","modified_gmt":"2025-11-19T09:14:17","slug":"cesto-de-piquenique-redondo-de-vime","status":"publish","type":"product","link":"https:\/\/www.padaworks.com\/pt\/product\/cesto-de-piquenique-redondo-de-vime\/","title":{"rendered":"Cesto de piquenique redondo de vime"},"content":{"rendered":"<p>Cesto de piquenique redondo<\/p>\n<p>Perfeito para um piquenique com a fam\u00edlia e os amigos.<br \/>Pr\u00e1tico para transportar alimentos para a praia, jardins ou campo.<br \/>\u00c9 um produto totalmente feito \u00e0 m\u00e3o, amigo do ambiente e sustent\u00e1vel!<\/p>\n<p>Feito \u00e0 m\u00e3o<br \/>Fabricado em Portugal<\/p>\n<p>Dimens\u00f5es:<br \/>C - 38 cm, L - 34 cm, A - 18 cm, A com pega - 31 cm<br \/>C - 15,0 pol., L - 13,4 pol., A - 7,1 pol., A com pega - 12,2 pol.<\/p>\n<p>As dimens\u00f5es podem variar ligeiramente<\/p>","protected":false},"excerpt":{"rendered":"<p>Round Picnic Basket Perfect for a picnic with family and friends.Practical for transporting food to the beach, gardens or countryside.It is an all handmade product, environmentally friendly and sustainable! Artisan MadeMade in Portugal Dimensions:L &#8211; 38 cm, W &#8211; 34 cm, H &#8211; 18 cm, H with handle &#8211; 31 cmL &#8211; 15,0 in, W [&hellip;]<\/p>","protected":false},"featured_media":67554,"comment_status":"open","ping_status":"open","template":"","meta":{"_acf_changed":false},"product_brand":[],"product_cat":[448],"product_tag":[524,652,309,443,445,1541,1503,2954,2955,529,1256,440,521],"class_list":{"0":"post-67553","1":"product","2":"type-product","3":"status-publish","4":"has-post-thumbnail","6":"product_cat-picnic","7":"product_tag-basket-with-lid","8":"product_tag-cute-picnic-basket","9":"product_tag-fruit-basket","10":"product_tag-gathering-basket","11":"product_tag-gift-basket","12":"product_tag-handwoven-basket","13":"product_tag-harvest-basket","14":"product_tag-lidded-picnic-basket","15":"product_tag-outdoor-meal","16":"product_tag-round-basket","17":"product_tag-sewing-basket","18":"product_tag-vintage-picnic","19":"product_tag-wicker-picnic-basket","20":"product_shipping_class-small-package","22":"first","23":"instock","24":"taxable","25":"shipping-taxable","26":"purchasable","27":"product-type-simple"},"acf":[],"gallery_images":[67555,67556,67557,67558,67559,67560],"_links":{"self":[{"href":"https:\/\/www.padaworks.com\/pt\/wp-json\/wp\/v2\/product\/67553","targetHints":{"allow":["GET"]}}],"collection":[{"href":"https:\/\/www.padaworks.com\/pt\/wp-json\/wp\/v2\/product"}],"about":[{"href":"https:\/\/www.padaworks.com\/pt\/wp-json\/wp\/v2\/types\/product"}],"replies":[{"embeddable":true,"href":"https:\/\/www.padaworks.com\/pt\/wp-json\/wp\/v2\/comments?post=67553"}],"wp:featuredmedia":[{"embeddable":true,"href":"https:\/\/www.padaworks.com\/pt\/wp-json\/wp\/v2\/media\/67554"}],"wp:attachment":[{"href":"https:\/\/www.padaworks.com\/pt\/wp-json\/wp\/v2\/media?parent=67553"}],"wp:term":[{"taxonomy":"product_brand","embeddable":true,"href":"https:\/\/www.padaworks.com\/pt\/wp-json\/wp\/v2\/product_brand?post=67553"},{"taxonomy":"product_cat","embeddable":true,"href":"https:\/\/www.padaworks.com\/pt\/wp-json\/wp\/v2\/product_cat?post=67553"},{"taxonomy":"product_tag","embeddable":true,"href":"https:\/\/www.padaworks.com\/pt\/wp-json\/wp\/v2\/product_tag?post=67553"}],"curies":[{"name":"wp","href":"https:\/\/api.w.org\/{rel}","templated":true}]}}