{"id":67518,"date":"2025-09-11T15:24:52","date_gmt":"2025-09-11T15:24:52","guid":{"rendered":"https:\/\/www.padaworks.com\/product\/glazed-ceramic-flowers-8-5-cm\/"},"modified":"2026-04-30T16:02:19","modified_gmt":"2026-04-30T16:02:19","slug":"flores-de-ceramica-vidrada-8-5-cm","status":"publish","type":"product","link":"https:\/\/www.padaworks.com\/pt\/product\/flores-de-ceramica-vidrada-8-5-cm\/","title":{"rendered":"Flores em cer\u00e2mica vidrada 8,5 cm"},"content":{"rendered":"<p>Flores em cer\u00e2mica vidrada<\/p>\n<p>Flores em cer\u00e2mica, feitas \u00e0 m\u00e3o com um acabamento vidrado que lhes confere cores vibrantes.<br \/>Perfeitas para decorar a sua casa, o seu alpendre ou para oferecer como presente. Tamb\u00e9m podem ser utilizados para decorar os seus vasos, no interior ou no exterior. Assim, o seu jardim ficar\u00e1 sempre encantado e florido!<br \/>Com uma reentr\u00e2ncia na parte de tr\u00e1s para pendurar na parede ou pode utilizar a outra reentr\u00e2ncia para colocar uma pequena estaca.<\/p>\n<p>Feito \u00e0 m\u00e3o<br \/>Pequenas irregularidades comprovam um trabalho artesanal 100% e pe\u00e7as \u00fanicas!<br \/>O acabamento vidrado pode, por vezes, apresentar pequenas linhas e deforma\u00e7\u00f5es normais do processo de produ\u00e7\u00e3o manual.<br \/>Fabricado em Portugal<\/p>\n<p>Dimens\u00f5es:<br \/>\u00d8 - 8,5 cm, H - 2 cm<br \/>\u00d8 - 3,3 in, H - 0,8 in<\/p>\n<p>As dimens\u00f5es podem variar ligeiramente.<\/p>","protected":false},"excerpt":{"rendered":"<p>Glazed Ceramic Flowers Ceramic flowers, handmade with a glazed finish that gives them vibrant colors.Perfect for decorating your home, porch, or as a gift. They can also be used to decorate your pots, indoors or outdoors. This way, your garden will always be enchanted and blooming!With a recess on the back to hang on the [&hellip;]<\/p>","protected":false},"featured_media":67519,"comment_status":"open","ping_status":"closed","template":"","meta":{"_acf_changed":false},"product_brand":[],"product_cat":[1799],"product_tag":[3170,3171,3172,1008,494,2928,3173,3174,3175,544,3176,2962,1124],"class_list":{"0":"post-67518","1":"product","2":"type-product","3":"status-publish","4":"has-post-thumbnail","6":"product_cat-little-treasoures","7":"product_tag-blue-flower","8":"product_tag-ceramic-flower","9":"product_tag-ceramic-flower-pots","10":"product_tag-ceramic-wall-art","11":"product_tag-ceramic-wall-hanging","12":"product_tag-cottagecore-decor","13":"product_tag-decorative-pottery","14":"product_tag-flower-wall-hanging","15":"product_tag-flowers-decor","16":"product_tag-gift-from-portugal","17":"product_tag-handmade-flowers","18":"product_tag-porch-decor","19":"product_tag-vintage-ceramic","20":"product_shipping_class-small-package","22":"first","23":"instock","24":"taxable","25":"shipping-taxable","26":"purchasable","27":"product-type-variable","28":"has-default-attributes","29":"wvs-archive-product-wrapper"},"acf":[],"gallery_images":[67520,67521,67522,67523,67524,67525,67526,67527,67528,67529,67530,67531,67532],"_links":{"self":[{"href":"https:\/\/www.padaworks.com\/pt\/wp-json\/wp\/v2\/product\/67518","targetHints":{"allow":["GET"]}}],"collection":[{"href":"https:\/\/www.padaworks.com\/pt\/wp-json\/wp\/v2\/product"}],"about":[{"href":"https:\/\/www.padaworks.com\/pt\/wp-json\/wp\/v2\/types\/product"}],"replies":[{"embeddable":true,"href":"https:\/\/www.padaworks.com\/pt\/wp-json\/wp\/v2\/comments?post=67518"}],"wp:featuredmedia":[{"embeddable":true,"href":"https:\/\/www.padaworks.com\/pt\/wp-json\/wp\/v2\/media\/67519"}],"wp:attachment":[{"href":"https:\/\/www.padaworks.com\/pt\/wp-json\/wp\/v2\/media?parent=67518"}],"wp:term":[{"taxonomy":"product_brand","embeddable":true,"href":"https:\/\/www.padaworks.com\/pt\/wp-json\/wp\/v2\/product_brand?post=67518"},{"taxonomy":"product_cat","embeddable":true,"href":"https:\/\/www.padaworks.com\/pt\/wp-json\/wp\/v2\/product_cat?post=67518"},{"taxonomy":"product_tag","embeddable":true,"href":"https:\/\/www.padaworks.com\/pt\/wp-json\/wp\/v2\/product_tag?post=67518"}],"curies":[{"name":"wp","href":"https:\/\/api.w.org\/{rel}","templated":true}]}}