{"id":67487,"date":"2025-09-10T18:00:17","date_gmt":"2025-09-10T18:00:17","guid":{"rendered":"https:\/\/www.padaworks.com\/product\/ceramic-salt-cellar-sardines-with-lid\/"},"modified":"2026-04-02T22:21:10","modified_gmt":"2026-04-02T22:21:10","slug":"saleiro-de-ceramica-sardinhas-com-tampa","status":"publish","type":"product","link":"https:\/\/www.padaworks.com\/pt\/product\/saleiro-de-ceramica-sardinhas-com-tampa\/","title":{"rendered":"Saleiro de cer\u00e2mica Sardinhas com tampa"},"content":{"rendered":"<p>Saleiro em cer\u00e2mica Sardinhas<\/p>\n<p>Saleiro em cer\u00e2mica com sardinhas vidradas. Um saleiro \u00fanico e divertido com um design vintage e de peixe para a sua cozinha. Uma pe\u00e7a tradicional portuguesa.<br \/>\nA palavra \u201cPortugal\u201d pode ou n\u00e3o aparecer ao lado da imagem de sardinhas.<\/p>\n<p>Feito \u00e0 m\u00e3o<br \/>\nFabricado em Portugal<\/p>\n<p>Dimens\u00f5es:<br \/>\nC - 10 cm, L - 10 cm, A - 10 cm<br \/>\nC - 3,9 pol., L - 3,9 pol., A - 3,9 pol.<\/p>\n<p>As dimens\u00f5es e as ilustra\u00e7\u00f5es podem variar ligeiramente.<\/p>","protected":false},"excerpt":{"rendered":"<p>Ceramic Salt Cellar Sardines Ceramic salt cellar with sardines glazed. A unique and fun salt cellar with a vintage and fish design for your kitchen. A traditional portuguese piece. The word \u201cPortugal\u201d may or may not appear alongside the image of sardines. Artisan Made Made in Portugal Dimensions: L \u2013 10 cm, W \u2013 10 [&hellip;]<\/p>","protected":false},"featured_media":67488,"comment_status":"open","ping_status":"closed","template":"","meta":{"_acf_changed":false},"product_brand":[],"product_cat":[1767],"product_tag":[3164,2093,328,1229,3165,1682,1627,3166,3167,1629,3168,3169,1628],"class_list":{"0":"post-67487","1":"product","2":"type-product","3":"status-publish","4":"has-post-thumbnail","6":"product_cat-kitchenware","7":"product_tag-ceramic-salt-shaker","8":"product_tag-handmade-pottery","9":"product_tag-kitchen-storage","10":"product_tag-new-home-gift","11":"product_tag-portugal-salt-cellar","12":"product_tag-portuguese-ceramics","13":"product_tag-salt-box","14":"product_tag-salt-box-with-lid","15":"product_tag-salt-cellar-ceramic","16":"product_tag-salt-cellar-with-lid","17":"product_tag-salt-holder","18":"product_tag-salt-jar","19":"product_tag-salt-pinch-pot","20":"product_shipping_class-small-package","22":"first","23":"instock","24":"taxable","25":"shipping-taxable","26":"purchasable","27":"product-type-variable","28":"has-default-attributes","29":"wvs-archive-product-wrapper"},"acf":[],"gallery_images":[67489,67490,67491,67492,67493,67494,67495],"_links":{"self":[{"href":"https:\/\/www.padaworks.com\/pt\/wp-json\/wp\/v2\/product\/67487","targetHints":{"allow":["GET"]}}],"collection":[{"href":"https:\/\/www.padaworks.com\/pt\/wp-json\/wp\/v2\/product"}],"about":[{"href":"https:\/\/www.padaworks.com\/pt\/wp-json\/wp\/v2\/types\/product"}],"replies":[{"embeddable":true,"href":"https:\/\/www.padaworks.com\/pt\/wp-json\/wp\/v2\/comments?post=67487"}],"wp:featuredmedia":[{"embeddable":true,"href":"https:\/\/www.padaworks.com\/pt\/wp-json\/wp\/v2\/media\/67488"}],"wp:attachment":[{"href":"https:\/\/www.padaworks.com\/pt\/wp-json\/wp\/v2\/media?parent=67487"}],"wp:term":[{"taxonomy":"product_brand","embeddable":true,"href":"https:\/\/www.padaworks.com\/pt\/wp-json\/wp\/v2\/product_brand?post=67487"},{"taxonomy":"product_cat","embeddable":true,"href":"https:\/\/www.padaworks.com\/pt\/wp-json\/wp\/v2\/product_cat?post=67487"},{"taxonomy":"product_tag","embeddable":true,"href":"https:\/\/www.padaworks.com\/pt\/wp-json\/wp\/v2\/product_tag?post=67487"}],"curies":[{"name":"wp","href":"https:\/\/api.w.org\/{rel}","templated":true}]}}