{"id":67473,"date":"2025-09-10T17:15:07","date_gmt":"2025-09-10T17:15:07","guid":{"rendered":"https:\/\/www.padaworks.com\/product\/ceramic-fish-shaped-serving-plate-majolica-pottery\/"},"modified":"2026-04-29T13:27:54","modified_gmt":"2026-04-29T13:27:54","slug":"prato-de-servir-em-forma-de-peixe-em-ceramica-ceramica-majolica","status":"publish","type":"product","link":"https:\/\/www.padaworks.com\/pt\/product\/prato-de-servir-em-forma-de-peixe-em-ceramica-ceramica-majolica\/","title":{"rendered":"Prato de servir em forma de peixe em cer\u00e2mica Cer\u00e2mica Maj\u00f3lica"},"content":{"rendered":"<p>Prato de servir em forma de peixe em cer\u00e2mica<\/p>\n<p>Fabricado em Portugal, este prato de servir em forma de peixe \u00e9 de excelente qualidade, com um acabamento vidrado e um design vintage.<br \/>Pode ser utilizado como prato de servir ou como objeto de decora\u00e7\u00e3o.<br \/>Ideal para quem gosta de loi\u00e7a tradicional portuguesa.<br \/>Pode ser lavado \u00e0 m\u00e3o ou na m\u00e1quina de lavar lou\u00e7a.<br \/>Pequenas irregularidades comprovam um trabalho artesanal 100% e pe\u00e7as \u00fanicas.<\/p>\n<p>Feito \u00e0 m\u00e3o<br \/>Fabricado em Portugal<\/p>\n<p>Dimens\u00f5es:<br \/>C - 27 cm, L - 24 cm, A - 3 cm<br \/>C - 10,6 pol., L - 9,4 pol., A - 1,2 pol.<\/p>\n<p>As dimens\u00f5es podem variar ligeiramente.<\/p>","protected":false},"excerpt":{"rendered":"<p>Ceramic Fish Shaped Serving Plate Made in Portugal, this fish shaped serving plate is of excellent quality, with a glazed finish and vintage design.It can be used as a serving dish or as a decorative item.Ideal for those who enjoy traditional portuguese tableware.Hand- or dishwasher-safe.Small irregularities prove a 100% handmade work and unique pieces. Artisan [&hellip;]<\/p>","protected":false},"featured_media":67474,"comment_status":"open","ping_status":"open","template":"","meta":{"_acf_changed":false},"product_brand":[],"product_cat":[402,1767],"product_tag":[3156,1642,3157,3158,3159,3160,2946,2949,2951,2953,3161,3162,3163],"class_list":{"0":"post-67473","1":"product","2":"type-product","3":"status-publish","4":"has-post-thumbnail","6":"product_cat-pottery","7":"product_cat-kitchenware","8":"product_tag-blue-fish","9":"product_tag-ceramic-dish","10":"product_tag-fish-dish","11":"product_tag-fish-lovers","12":"product_tag-fish-tray","13":"product_tag-green-fish","14":"product_tag-green-majolica","15":"product_tag-majolica","16":"product_tag-majolica-pottery","17":"product_tag-olfaire-pottery","18":"product_tag-portugal-fish-dish","19":"product_tag-serving-dish","20":"product_tag-vintage-majolica","21":"product_shipping_class-small-package","23":"first","24":"instock","25":"taxable","26":"shipping-taxable","27":"purchasable","28":"product-type-variable","29":"has-default-attributes","30":"wvs-archive-product-wrapper"},"acf":[],"gallery_images":[67475,67476,67477,67478,67479,67480],"_links":{"self":[{"href":"https:\/\/www.padaworks.com\/pt\/wp-json\/wp\/v2\/product\/67473","targetHints":{"allow":["GET"]}}],"collection":[{"href":"https:\/\/www.padaworks.com\/pt\/wp-json\/wp\/v2\/product"}],"about":[{"href":"https:\/\/www.padaworks.com\/pt\/wp-json\/wp\/v2\/types\/product"}],"replies":[{"embeddable":true,"href":"https:\/\/www.padaworks.com\/pt\/wp-json\/wp\/v2\/comments?post=67473"}],"wp:featuredmedia":[{"embeddable":true,"href":"https:\/\/www.padaworks.com\/pt\/wp-json\/wp\/v2\/media\/67474"}],"wp:attachment":[{"href":"https:\/\/www.padaworks.com\/pt\/wp-json\/wp\/v2\/media?parent=67473"}],"wp:term":[{"taxonomy":"product_brand","embeddable":true,"href":"https:\/\/www.padaworks.com\/pt\/wp-json\/wp\/v2\/product_brand?post=67473"},{"taxonomy":"product_cat","embeddable":true,"href":"https:\/\/www.padaworks.com\/pt\/wp-json\/wp\/v2\/product_cat?post=67473"},{"taxonomy":"product_tag","embeddable":true,"href":"https:\/\/www.padaworks.com\/pt\/wp-json\/wp\/v2\/product_tag?post=67473"}],"curies":[{"name":"wp","href":"https:\/\/api.w.org\/{rel}","templated":true}]}}