{"id":67466,"date":"2025-09-10T16:28:50","date_gmt":"2025-09-10T16:28:50","guid":{"rendered":"https:\/\/www.padaworks.com\/product\/large-portugal-leaf-plate\/"},"modified":"2026-04-29T14:31:30","modified_gmt":"2026-04-29T14:31:30","slug":"prato-grande-com-folha-de-portugal","status":"publish","type":"product","link":"https:\/\/www.padaworks.com\/pt\/product\/prato-grande-com-folha-de-portugal\/","title":{"rendered":"Prato grande com folha de Portugal"},"content":{"rendered":"<p>Prato grande com folha de Portugal<\/p>\n<p>Fabricado em Portugal, este prato em forma de folha verde \u00e9 de excelente qualidade, com um acabamento vidrado e um design vintage.<br \/>Pode ser utilizado como prato de servir ou como objeto de decora\u00e7\u00e3o.<br \/>Ideal para quem gosta de loi\u00e7a tradicional portuguesa.<br \/>Pode ser lavado \u00e0 m\u00e3o ou na m\u00e1quina de lavar lou\u00e7a.<br \/>Pequenas irregularidades comprovam um trabalho artesanal 100% e pe\u00e7as \u00fanicas.<\/p>\n<p>Feito \u00e0 m\u00e3o<br \/>Fabricado em Portugal<\/p>\n<p>Dimens\u00f5es:<br \/>C - 25 cm, L - 25 cm, A - 4 cm<br \/>C - 9,8 pol., L - 9,8 pol., A - 1,6 pol.<\/p>\n<p>As dimens\u00f5es podem variar ligeiramente.<\/p>","protected":false},"excerpt":{"rendered":"<p>Large Portugal Leaf Plate Made in Portugal, this green leaf shaped plate is of excellent quality, with a glazed finish and vintage design.It can be used as a serving dish or as a decorative item.Ideal for those who enjoy traditional portuguese tableware.Hand- or dishwasher-safe.Small irregularities prove a 100% handmade work and unique pieces. Artisan MadeMade [&hellip;]<\/p>","protected":false},"featured_media":67467,"comment_status":"open","ping_status":"closed","template":"","meta":{"_acf_changed":false},"product_brand":[],"product_cat":[402,1767],"product_tag":[2945,2946,2947,2948,2939,2941,2942,2949,2950,2951,2952,2953,2944],"class_list":{"0":"post-67466","1":"product","2":"type-product","3":"status-publish","4":"has-post-thumbnail","6":"product_cat-pottery","7":"product_cat-kitchenware","8":"product_tag-green-leaf-plate","9":"product_tag-green-majolica","10":"product_tag-green-plate","11":"product_tag-large-green-plate","12":"product_tag-leaf-dish","13":"product_tag-leaf-pottery-plate","14":"product_tag-leaf-tray","15":"product_tag-majolica","16":"product_tag-majolica-plate","17":"product_tag-majolica-pottery","18":"product_tag-olfaire-majolica","19":"product_tag-olfaire-pottery","20":"product_tag-portugal-leaf-plate","21":"product_shipping_class-small-package","23":"first","24":"instock","25":"sale","26":"taxable","27":"shipping-taxable","28":"purchasable","29":"product-type-simple"},"acf":[],"gallery_images":[67468,67469,67470,67471,67472],"_links":{"self":[{"href":"https:\/\/www.padaworks.com\/pt\/wp-json\/wp\/v2\/product\/67466","targetHints":{"allow":["GET"]}}],"collection":[{"href":"https:\/\/www.padaworks.com\/pt\/wp-json\/wp\/v2\/product"}],"about":[{"href":"https:\/\/www.padaworks.com\/pt\/wp-json\/wp\/v2\/types\/product"}],"replies":[{"embeddable":true,"href":"https:\/\/www.padaworks.com\/pt\/wp-json\/wp\/v2\/comments?post=67466"}],"wp:featuredmedia":[{"embeddable":true,"href":"https:\/\/www.padaworks.com\/pt\/wp-json\/wp\/v2\/media\/67467"}],"wp:attachment":[{"href":"https:\/\/www.padaworks.com\/pt\/wp-json\/wp\/v2\/media?parent=67466"}],"wp:term":[{"taxonomy":"product_brand","embeddable":true,"href":"https:\/\/www.padaworks.com\/pt\/wp-json\/wp\/v2\/product_brand?post=67466"},{"taxonomy":"product_cat","embeddable":true,"href":"https:\/\/www.padaworks.com\/pt\/wp-json\/wp\/v2\/product_cat?post=67466"},{"taxonomy":"product_tag","embeddable":true,"href":"https:\/\/www.padaworks.com\/pt\/wp-json\/wp\/v2\/product_tag?post=67466"}],"curies":[{"name":"wp","href":"https:\/\/api.w.org\/{rel}","templated":true}]}}