{"id":67460,"date":"2025-09-10T15:30:29","date_gmt":"2025-09-10T15:30:29","guid":{"rendered":"https:\/\/www.padaworks.com\/product\/vintage-leaf-plate-portugal\/"},"modified":"2025-11-19T09:14:19","modified_gmt":"2025-11-19T09:14:19","slug":"prato-de-folha-vintage-portugal","status":"publish","type":"product","link":"https:\/\/www.padaworks.com\/pt\/product\/prato-de-folha-vintage-portugal\/","title":{"rendered":"Prato Vintage com Folhas Portugal"},"content":{"rendered":"<p>Prato Vintage com Folhas Portugal <\/p>\n<p>Travessa em forma de folha vidrada com frases de namorados em portugu\u00eas.<br \/>Perfeito para decorar a sua casa. Tamb\u00e9m pode ser utilizado como prato de servir<br \/>Pode ser lavado \u00e0 m\u00e3o ou na m\u00e1quina de lavar lou\u00e7a.<br \/>A mensagem de amor e as ilustra\u00e7\u00f5es em portugu\u00eas podem variar de pe\u00e7a para pe\u00e7a.<\/p>\n<p>Feito \u00e0 m\u00e3o<br \/>Fabricado em Portugal<\/p>\n<p>Dimens\u00f5es:<br \/>C - 20 cm, L - 14 cm, A - 4 cm<br \/>C - 7,9 pol., L - 5,5 pol., A - 1,6 pol.<\/p>\n<p>As dimens\u00f5es podem variar ligeiramente.<\/p>","protected":false},"excerpt":{"rendered":"<p>Vintage Leaf Plate Portugal Glazed leaf shaped platter with boyfriends phrases in portuguese.Perfect for decorating your home. Can also be used as a serving dishHand- or dishwasher-safe.The portuguese message of love and illustrations may vary from piece to piece. Artisan MadeMade in Portugal Dimensions:L &#8211; 20 cm, W &#8211; 14 cm, H &#8211; 4 cmL [&hellip;]<\/p>","protected":false},"featured_media":67461,"comment_status":"open","ping_status":"open","template":"","meta":{"_acf_changed":false},"product_brand":[],"product_cat":[402,1767],"product_tag":[1621,2938,2886,2887,2939,2940,2941,2942,2943,1797,2944,1632,2891],"class_list":{"0":"post-67460","1":"product","2":"type-product","3":"status-publish","4":"has-post-thumbnail","6":"product_cat-pottery","7":"product_cat-kitchenware","8":"product_tag-ceramic-dinnerware","9":"product_tag-ceramic-plates","10":"product_tag-decorative-tray","11":"product_tag-handmade-plate","12":"product_tag-leaf-dish","13":"product_tag-leaf-platter","14":"product_tag-leaf-pottery-plate","15":"product_tag-leaf-tray","16":"product_tag-porcelain-tray","17":"product_tag-portugal-gifts","18":"product_tag-portugal-leaf-plate","19":"product_tag-serving-plates","20":"product_tag-stoneware-plate","21":"product_shipping_class-small-package","23":"first","24":"instock","25":"sale","26":"taxable","27":"shipping-taxable","28":"purchasable","29":"product-type-simple"},"acf":[],"gallery_images":[67462,67463,67464,67465],"_links":{"self":[{"href":"https:\/\/www.padaworks.com\/pt\/wp-json\/wp\/v2\/product\/67460","targetHints":{"allow":["GET"]}}],"collection":[{"href":"https:\/\/www.padaworks.com\/pt\/wp-json\/wp\/v2\/product"}],"about":[{"href":"https:\/\/www.padaworks.com\/pt\/wp-json\/wp\/v2\/types\/product"}],"replies":[{"embeddable":true,"href":"https:\/\/www.padaworks.com\/pt\/wp-json\/wp\/v2\/comments?post=67460"}],"wp:featuredmedia":[{"embeddable":true,"href":"https:\/\/www.padaworks.com\/pt\/wp-json\/wp\/v2\/media\/67461"}],"wp:attachment":[{"href":"https:\/\/www.padaworks.com\/pt\/wp-json\/wp\/v2\/media?parent=67460"}],"wp:term":[{"taxonomy":"product_brand","embeddable":true,"href":"https:\/\/www.padaworks.com\/pt\/wp-json\/wp\/v2\/product_brand?post=67460"},{"taxonomy":"product_cat","embeddable":true,"href":"https:\/\/www.padaworks.com\/pt\/wp-json\/wp\/v2\/product_cat?post=67460"},{"taxonomy":"product_tag","embeddable":true,"href":"https:\/\/www.padaworks.com\/pt\/wp-json\/wp\/v2\/product_tag?post=67460"}],"curies":[{"name":"wp","href":"https:\/\/api.w.org\/{rel}","templated":true}]}}