{"id":67455,"date":"2025-09-10T14:40:04","date_gmt":"2025-09-10T14:40:04","guid":{"rendered":"https:\/\/www.padaworks.com\/product\/porcelain-appetizer-plate-divided-into-three\/"},"modified":"2025-11-19T09:14:20","modified_gmt":"2025-11-19T09:14:20","slug":"prato-de-porcelana-para-aperitivos-dividido-em-tres-partes","status":"publish","type":"product","link":"https:\/\/www.padaworks.com\/pt\/product\/prato-de-porcelana-para-aperitivos-dividido-em-tres-partes\/","title":{"rendered":"Prato de porcelana para aperitivos dividido em tr\u00eas partes"},"content":{"rendered":"<p>Prato de porcelana para aperitivos dividido em tr\u00eas partes<\/p>\n<p>Prato de aperitivos com mensagens de amor portuguesas e ilustra\u00e7\u00e3o.<br \/>Perfeito para apresentar os seus aperitivos favoritos num jantar com a fam\u00edlia ou amigos. As tr\u00eas divis\u00f3rias permitem-lhe colocar tr\u00eas aperitivos diferentes.<br \/>Pode ser lavado \u00e0 m\u00e3o ou na m\u00e1quina de lavar lou\u00e7a.<br \/>A mensagem de amor e as ilustra\u00e7\u00f5es em portugu\u00eas podem variar de pe\u00e7a para pe\u00e7a.<\/p>\n<p>Feito \u00e0 m\u00e3o<br \/>Fabricado em Portugal<\/p>\n<p>Dimens\u00f5es:<br \/>C \u2013 24 cm, L \u2013 7 cm, A \u2013 4 cm<br \/>L \u2013 24 cm, L \u2013 7 cm, A \u2013 4 cm<\/p>\n<p>As dimens\u00f5es podem variar ligeiramente.<\/p>","protected":false},"excerpt":{"rendered":"<p>Porcelain Appetizer Plate Divided into Three Appetizer plate with portuguese love messages and illustration.Perfect for displaying your favorite appetizers for a family or friends dinner. The three dividers allow you to place three different appetizers.Hand- or dishwasher-safe.The portuguese message of love and illustrations may vary from piece to piece. Artisan MadeMade in Portugal Dimensions:L &#8211; [&hellip;]<\/p>","protected":false},"featured_media":67456,"comment_status":"open","ping_status":"open","template":"","meta":{"_acf_changed":false},"product_brand":[],"product_cat":[402,1767],"product_tag":[2932,2933,1621,1643,2934,2887,2935,2929,390,1632,2936,2937,2891],"class_list":{"0":"post-67455","1":"product","2":"type-product","3":"status-publish","4":"has-post-thumbnail","6":"product_cat-pottery","7":"product_cat-kitchenware","8":"product_tag-appetizer-plate","9":"product_tag-butter-dish","10":"product_tag-ceramic-dinnerware","11":"product_tag-ceramic-platter","12":"product_tag-divided-plate","13":"product_tag-handmade-plate","14":"product_tag-olive-plate","15":"product_tag-porcelain-dinnerware","16":"product_tag-portuguese-ceramic","17":"product_tag-serving-plates","18":"product_tag-small-plate","19":"product_tag-snack-plate","20":"product_tag-stoneware-plate","21":"product_shipping_class-small-package","23":"first","24":"instock","25":"sale","26":"taxable","27":"shipping-taxable","28":"purchasable","29":"product-type-simple"},"acf":[],"gallery_images":[67457,67458,67459],"_links":{"self":[{"href":"https:\/\/www.padaworks.com\/pt\/wp-json\/wp\/v2\/product\/67455","targetHints":{"allow":["GET"]}}],"collection":[{"href":"https:\/\/www.padaworks.com\/pt\/wp-json\/wp\/v2\/product"}],"about":[{"href":"https:\/\/www.padaworks.com\/pt\/wp-json\/wp\/v2\/types\/product"}],"replies":[{"embeddable":true,"href":"https:\/\/www.padaworks.com\/pt\/wp-json\/wp\/v2\/comments?post=67455"}],"wp:featuredmedia":[{"embeddable":true,"href":"https:\/\/www.padaworks.com\/pt\/wp-json\/wp\/v2\/media\/67456"}],"wp:attachment":[{"href":"https:\/\/www.padaworks.com\/pt\/wp-json\/wp\/v2\/media?parent=67455"}],"wp:term":[{"taxonomy":"product_brand","embeddable":true,"href":"https:\/\/www.padaworks.com\/pt\/wp-json\/wp\/v2\/product_brand?post=67455"},{"taxonomy":"product_cat","embeddable":true,"href":"https:\/\/www.padaworks.com\/pt\/wp-json\/wp\/v2\/product_cat?post=67455"},{"taxonomy":"product_tag","embeddable":true,"href":"https:\/\/www.padaworks.com\/pt\/wp-json\/wp\/v2\/product_tag?post=67455"}],"curies":[{"name":"wp","href":"https:\/\/api.w.org\/{rel}","templated":true}]}}