{"id":67449,"date":"2025-09-10T14:08:25","date_gmt":"2025-09-10T14:08:25","guid":{"rendered":"https:\/\/www.padaworks.com\/product\/porcelain-kitchen-spoon-base\/"},"modified":"2025-11-19T09:14:21","modified_gmt":"2025-11-19T09:14:21","slug":"base-de-colher-de-cozinha-em-porcelana","status":"publish","type":"product","link":"https:\/\/www.padaworks.com\/pt\/product\/base-de-colher-de-cozinha-em-porcelana\/","title":{"rendered":"Base de colher de cozinha em porcelana"},"content":{"rendered":"<p>Base de colher de cozinha em porcelana<\/p>\n<p>Base de colher de cozinha em porcelana com mensagens de amor portuguesas. Uma pe\u00e7a tradicional portuguesa com hist\u00f3ria portuguesa.<br \/>Ideal para repousar os seus utens\u00edlios de cozinha, mantendo-os organizados e evitando uma bancada desarrumada.<br \/>\u00c9 tamb\u00e9m uma \u00f3ptima pe\u00e7a para colocar na mesa quando se serve uma refei\u00e7\u00e3o.<br \/>Pode ser lavado \u00e0 m\u00e3o ou na m\u00e1quina de lavar lou\u00e7a.<br \/>A mensagem de amor e as ilustra\u00e7\u00f5es em portugu\u00eas podem variar de pe\u00e7a para pe\u00e7a.<\/p>\n<p>Feito \u00e0 m\u00e3o<br \/>Fabricado em Portugal<\/p>\n<p>Dimens\u00f5es:<br \/>C - 23 cm, L - 11,5 cm, A - 5 cm<br \/>C - 9,1 pol., L - 4,5 pol., A - 2,0 pol.<\/p>\n<p>As dimens\u00f5es podem variar ligeiramente.<\/p>","protected":false},"excerpt":{"rendered":"<p>Porcelain Kitchen Spoon Base Porcelain kitchen spoon base with portuguese love messages. A traditional portuguese piece with portuguese history.Ideal for resting your kitchen utensils, keeping them organized and preventing a messy countertop.It&#8217;s also a great piece to place on the table when serving a meal.Hand- or dishwasher-safe.The portuguese message of love and illustrations may vary [&hellip;]<\/p>","protected":false},"featured_media":67450,"comment_status":"open","ping_status":"open","template":"","meta":{"_acf_changed":false},"product_brand":[],"product_cat":[402,1767],"product_tag":[2927,2852,1741,2928,2319,1023,241,2929,2930,2931,2856,2857,2858],"class_list":{"0":"post-67449","1":"product","2":"type-product","3":"status-publish","4":"has-post-thumbnail","6":"product_cat-pottery","7":"product_cat-kitchenware","8":"product_tag-antique-porcelain","9":"product_tag-ceramic-rest","10":"product_tag-ceramics-handmade","11":"product_tag-cottagecore-decor","12":"product_tag-decorative-utensils","13":"product_tag-gift-for-mom","14":"product_tag-kitchen-tools","15":"product_tag-porcelain-dinnerware","16":"product_tag-porcelain-gifts","17":"product_tag-portugal-lovers","18":"product_tag-souvenir-portugal","19":"product_tag-spoon-rest","20":"product_tag-stoneware-pottery","21":"product_shipping_class-small-package","23":"first","24":"instock","25":"sale","26":"taxable","27":"shipping-taxable","28":"purchasable","29":"product-type-simple"},"acf":[],"gallery_images":[67451,67452,67453,67454],"_links":{"self":[{"href":"https:\/\/www.padaworks.com\/pt\/wp-json\/wp\/v2\/product\/67449","targetHints":{"allow":["GET"]}}],"collection":[{"href":"https:\/\/www.padaworks.com\/pt\/wp-json\/wp\/v2\/product"}],"about":[{"href":"https:\/\/www.padaworks.com\/pt\/wp-json\/wp\/v2\/types\/product"}],"replies":[{"embeddable":true,"href":"https:\/\/www.padaworks.com\/pt\/wp-json\/wp\/v2\/comments?post=67449"}],"wp:featuredmedia":[{"embeddable":true,"href":"https:\/\/www.padaworks.com\/pt\/wp-json\/wp\/v2\/media\/67450"}],"wp:attachment":[{"href":"https:\/\/www.padaworks.com\/pt\/wp-json\/wp\/v2\/media?parent=67449"}],"wp:term":[{"taxonomy":"product_brand","embeddable":true,"href":"https:\/\/www.padaworks.com\/pt\/wp-json\/wp\/v2\/product_brand?post=67449"},{"taxonomy":"product_cat","embeddable":true,"href":"https:\/\/www.padaworks.com\/pt\/wp-json\/wp\/v2\/product_cat?post=67449"},{"taxonomy":"product_tag","embeddable":true,"href":"https:\/\/www.padaworks.com\/pt\/wp-json\/wp\/v2\/product_tag?post=67449"}],"curies":[{"name":"wp","href":"https:\/\/api.w.org\/{rel}","templated":true}]}}