{"id":67404,"date":"2025-09-09T16:22:33","date_gmt":"2025-09-09T16:22:33","guid":{"rendered":"https:\/\/www.padaworks.com\/product\/reed-basket-in-beige-green-and-purple-colors\/"},"modified":"2026-01-08T11:12:32","modified_gmt":"2026-01-08T11:12:32","slug":"cesto-de-junco-nas-cores-bege-verde-e-roxo","status":"publish","type":"product","link":"https:\/\/www.padaworks.com\/pt\/product\/cesto-de-junco-nas-cores-bege-verde-e-roxo\/","title":{"rendered":"Cesto de junco nas cores bege, verde e roxo"},"content":{"rendered":"<p>Cesto de junco nas cores bege, verde e roxo<\/p>\n<p>Bolsa tipo cesto feita de junco, um material natural e sustent\u00e1vel, com al\u00e7as de couro e um fecho de tecido no interior. O padr\u00e3o reflete as cores naturais do junco, verde e roxo.<br \/>Bolsa de vime feita \u00e0 m\u00e3o. Dispon\u00edvel em tr\u00eas tamanhos.<\/p>\n<p>Dimens\u00f5es:<br \/>TAMANHO PEQUENO<br \/>C - 35 cm, L - 14 cm, A - 22 cm<br \/>C - 13,8 pol., L - 5,5 pol., A - 8,7 pol.<\/p>\n<p>TAMANHO M\u00c9DIO<br \/>C - 39 cm, L - 16 cm, A - 28 cm<br \/>C - 15,6 pol., L - 6,3 pol., A - 11,0 pol.<\/p>\n<p>TAMANHO GRANDE<br \/>C - 45 cm, L - 20 cm, A - 30 cm<br \/>C - 17,7 pol., L - 7,9 pol., A - 11,8 pol.<\/p>\n<p>As dimens\u00f5es podem variar ligeiramente.<\/p>","protected":false},"excerpt":{"rendered":"<p>Reed Basket in Beige Green and Purple Colors Basket bag made of reed, a natural and sustainable material, with leather handles and a fabric closer inside. The pattern reflects the natural colors of reed, green and purple.Handmade basket bag. Available in three sizes. Dimensions:SMALL SIZEL &#8211; 35 cm, W &#8211; 14 cm, H &#8211; 22 [&hellip;]<\/p>","protected":false},"featured_media":67405,"comment_status":"open","ping_status":"closed","template":"","meta":{"_acf_changed":false},"product_brand":[],"product_cat":[2736],"product_tag":[302,823,1460,1023,359,780,599,336,385,3155,376,1461,846],"class_list":{"0":"post-67404","1":"product","2":"type-product","3":"status-publish","4":"has-post-thumbnail","6":"product_cat-reed-bags","7":"product_tag-basket-bag","8":"product_tag-bohemian-bag","9":"product_tag-ethnic-bag","10":"product_tag-gift-for-mom","11":"product_tag-grocery-bag","12":"product_tag-hand-bag","13":"product_tag-handmade-bag","14":"product_tag-picnic-basket","15":"product_tag-straw-beach-bag","16":"product_tag-tote-handbag","17":"product_tag-vegan-bag","18":"product_tag-weekender-bag","19":"product_tag-women-bag","21":"first","22":"instock","23":"taxable","24":"shipping-taxable","25":"purchasable","26":"product-type-variable","27":"has-default-attributes","28":"wvs-archive-product-wrapper"},"acf":[],"gallery_images":[67406,67407,67408,67409,67410,67411,67412],"_links":{"self":[{"href":"https:\/\/www.padaworks.com\/pt\/wp-json\/wp\/v2\/product\/67404","targetHints":{"allow":["GET"]}}],"collection":[{"href":"https:\/\/www.padaworks.com\/pt\/wp-json\/wp\/v2\/product"}],"about":[{"href":"https:\/\/www.padaworks.com\/pt\/wp-json\/wp\/v2\/types\/product"}],"replies":[{"embeddable":true,"href":"https:\/\/www.padaworks.com\/pt\/wp-json\/wp\/v2\/comments?post=67404"}],"wp:featuredmedia":[{"embeddable":true,"href":"https:\/\/www.padaworks.com\/pt\/wp-json\/wp\/v2\/media\/67405"}],"wp:attachment":[{"href":"https:\/\/www.padaworks.com\/pt\/wp-json\/wp\/v2\/media?parent=67404"}],"wp:term":[{"taxonomy":"product_brand","embeddable":true,"href":"https:\/\/www.padaworks.com\/pt\/wp-json\/wp\/v2\/product_brand?post=67404"},{"taxonomy":"product_cat","embeddable":true,"href":"https:\/\/www.padaworks.com\/pt\/wp-json\/wp\/v2\/product_cat?post=67404"},{"taxonomy":"product_tag","embeddable":true,"href":"https:\/\/www.padaworks.com\/pt\/wp-json\/wp\/v2\/product_tag?post=67404"}],"curies":[{"name":"wp","href":"https:\/\/api.w.org\/{rel}","templated":true}]}}