{"id":67390,"date":"2025-09-09T16:08:04","date_gmt":"2025-09-09T16:08:04","guid":{"rendered":"https:\/\/www.padaworks.com\/product\/reed-basket-bag-with-leather-handle-beige-and-pink\/"},"modified":"2026-01-08T11:12:58","modified_gmt":"2026-01-08T11:12:58","slug":"saco-em-cana-com-pega-em-pele-bege-e-cor-de-rosa","status":"publish","type":"product","link":"https:\/\/www.padaworks.com\/pt\/product\/saco-em-cana-com-pega-em-pele-bege-e-cor-de-rosa\/","title":{"rendered":"Mala de junco com al\u00e7a de couro - Bege e cor-de-rosa"},"content":{"rendered":"<p>Saco de cesto em junco com pega em pele<\/p>\n<p>Saco de cesto feito de junco, um material natural e sustent\u00e1vel, com pegas em pele e um fecho em tecido no interior. O padr\u00e3o reflecte as cores naturais do junco e do rosa.<br \/>Bolsa de vime feita \u00e0 m\u00e3o. Dispon\u00edvel em tr\u00eas tamanhos.<\/p>\n<p>Dimens\u00f5es:<br \/>TAMANHO PEQUENO<br \/>C - 35 cm, L - 14 cm, A - 22 cm<br \/>C - 13,8 pol., L - 5,5 pol., A - 8,7 pol.<\/p>\n<p>TAMANHO M\u00c9DIO<br \/>C - 39 cm, L - 16 cm, A - 28 cm<br \/>C - 15,6 pol., L - 6,3 pol., A - 11,0 pol.<\/p>\n<p>TAMANHO GRANDE<br \/>C - 45 cm, L - 20 cm, A - 30 cm<br \/>C - 17,7 pol., L - 7,9 pol., A - 11,8 pol.<\/p>\n<p>As dimens\u00f5es podem variar ligeiramente.<\/p>","protected":false},"excerpt":{"rendered":"<p>Reed Basket Bag With Leather Handle Basket bag made of reed, a natural and sustainable material, with leather handles and a fabric closer inside. The pattern reflects the natural colors of reed and pink.Handmade basket bag. Available in three sizes. Dimensions:SMALL SIZEL &#8211; 35 cm, W &#8211; 14 cm, H &#8211; 22 cmL &#8211; 13,8 [&hellip;]<\/p>","protected":false},"featured_media":67391,"comment_status":"open","ping_status":"closed","template":"","meta":{"_acf_changed":false},"product_brand":[],"product_cat":[2736],"product_tag":[3154,363,598,359,780,779,781,759,385,346,347,303,376],"class_list":{"0":"post-67390","1":"product","2":"type-product","3":"status-publish","4":"has-post-thumbnail","6":"product_cat-reed-bags","7":"product_tag-basket-for-women","8":"product_tag-beach-bag","9":"product_tag-gift-bag","10":"product_tag-grocery-bag","11":"product_tag-hand-bag","12":"product_tag-market-basket-bag","13":"product_tag-reusable-bag","14":"product_tag-shopping-bag","15":"product_tag-straw-beach-bag","16":"product_tag-straw-handbag","17":"product_tag-straw-purse","18":"product_tag-summer-bag","19":"product_tag-vegan-bag","21":"first","22":"instock","23":"taxable","24":"shipping-taxable","25":"purchasable","26":"product-type-variable","27":"has-default-attributes","28":"wvs-archive-product-wrapper"},"acf":[],"gallery_images":[67392,67393,67394,67395,67396,67397],"_links":{"self":[{"href":"https:\/\/www.padaworks.com\/pt\/wp-json\/wp\/v2\/product\/67390","targetHints":{"allow":["GET"]}}],"collection":[{"href":"https:\/\/www.padaworks.com\/pt\/wp-json\/wp\/v2\/product"}],"about":[{"href":"https:\/\/www.padaworks.com\/pt\/wp-json\/wp\/v2\/types\/product"}],"replies":[{"embeddable":true,"href":"https:\/\/www.padaworks.com\/pt\/wp-json\/wp\/v2\/comments?post=67390"}],"wp:featuredmedia":[{"embeddable":true,"href":"https:\/\/www.padaworks.com\/pt\/wp-json\/wp\/v2\/media\/67391"}],"wp:attachment":[{"href":"https:\/\/www.padaworks.com\/pt\/wp-json\/wp\/v2\/media?parent=67390"}],"wp:term":[{"taxonomy":"product_brand","embeddable":true,"href":"https:\/\/www.padaworks.com\/pt\/wp-json\/wp\/v2\/product_brand?post=67390"},{"taxonomy":"product_cat","embeddable":true,"href":"https:\/\/www.padaworks.com\/pt\/wp-json\/wp\/v2\/product_cat?post=67390"},{"taxonomy":"product_tag","embeddable":true,"href":"https:\/\/www.padaworks.com\/pt\/wp-json\/wp\/v2\/product_tag?post=67390"}],"curies":[{"name":"wp","href":"https:\/\/api.w.org\/{rel}","templated":true}]}}