{"id":67125,"date":"2025-09-03T17:10:17","date_gmt":"2025-09-03T17:10:17","guid":{"rendered":"https:\/\/www.padaworks.com\/product\/ceramic-glazed-butterflies-with-colorful-spots\/"},"modified":"2026-04-07T19:59:26","modified_gmt":"2026-04-07T19:59:26","slug":"borboletas-esmaltadas-em-ceramica-com-manchas-coloridas","status":"publish","type":"product","link":"https:\/\/www.padaworks.com\/pt\/product\/borboletas-esmaltadas-em-ceramica-com-manchas-coloridas\/","title":{"rendered":"Borboletas em cer\u00e2mica vidrada com manchas coloridas"},"content":{"rendered":"<p>Borboletas em cer\u00e2mica vidrada com manchas coloridas<\/p>\n<p>Borboletas em cer\u00e2mica com acabamento esmaltado que lhes confere cores vibrantes. Com manchas coloridas. Borboletas feitas \u00e0 m\u00e3o. Dispon\u00edveis em tamanho pequeno e grande.<br \/>Perfeito para decorar a sua casa, como presente ou at\u00e9 mesmo como presente de casamento.<\/p>\n<p>Feito \u00e0 m\u00e3o<br \/>Pequenas irregularidades comprovam um trabalho artesanal 100% e pe\u00e7as \u00fanicas!<br \/>Fabricado em Portugal<\/p>\n<p>Dimens\u00f5es:<br \/>Tamanho pequeno<br \/>C \u2013 7,5 cm, L \u2013 8,5 cm, P \u2013 2,5 cm<br \/>L \u2013 7,6 cm, L \u2013 8,4 cm, P \u2013 2,5 cm<\/p>\n<p>Tamanho grande<br \/>C \u2013 9,5 cm, L \u2013 11 cm, P \u2013 2,5 cm<br \/>L \u2013 3,7 pol., L \u2013 4,3 pol., P \u2013 1,0 pol.<\/p>\n<p>T\u00eam uma abertura na parte de tr\u00e1s para serem pendurados na parede.<\/p>\n<p>O acabamento vidrado pode, por vezes, apresentar pequenas linhas e deforma\u00e7\u00f5es normais do processo de produ\u00e7\u00e3o manual.<\/p>\n<p>As dimens\u00f5es podem variar ligeiramente.<\/p>","protected":false},"excerpt":{"rendered":"<p>Ceramic Glazed Butterflies With Colorful Spots Ceramic butterflies with a glazed finish that gives them vibrant colors. With colorful spots. Handcrafted butterflies. Available in small and large size.Perfect for decorating your home, as a gift, or even as a wedding gift. Artisan MadeSmall irregularities prove a 100% handmade work and unique pieces!Made in Portugal Dimensions:Small [&hellip;]<\/p>","protected":false},"featured_media":67126,"comment_status":"open","ping_status":"closed","template":"","meta":{"_acf_changed":false},"product_brand":[],"product_cat":[402,2726,1799],"product_tag":[2330,2324,1377,2327,2328,2329,1379,1008,494,2326,3152,3153],"class_list":{"0":"post-67125","1":"product","2":"type-product","3":"status-publish","4":"has-post-thumbnail","6":"product_cat-pottery","7":"product_cat-butterflies","8":"product_cat-little-treasoures","9":"product_tag-butterflies","10":"product_tag-butterfly-gifts","11":"product_tag-butterfly-ornament","12":"product_tag-butterfly-panties","13":"product_tag-butterfly-sculpture","14":"product_tag-butterfly-statue","15":"product_tag-butterfly-wall-decor","16":"product_tag-ceramic-wall-art","17":"product_tag-ceramic-wall-hanging","18":"product_tag-delicate-butterfly","19":"product_tag-purple-butterfly","20":"product_tag-yellow-butterfly","21":"product_shipping_class-small-package","23":"first","24":"instock","25":"taxable","26":"shipping-taxable","27":"purchasable","28":"product-type-variable","29":"has-default-attributes","30":"wvs-archive-product-wrapper"},"acf":[],"gallery_images":[67127,67128,67129,67130,67131,67132,67133,67134,67135,67136,67137,67138],"_links":{"self":[{"href":"https:\/\/www.padaworks.com\/pt\/wp-json\/wp\/v2\/product\/67125","targetHints":{"allow":["GET"]}}],"collection":[{"href":"https:\/\/www.padaworks.com\/pt\/wp-json\/wp\/v2\/product"}],"about":[{"href":"https:\/\/www.padaworks.com\/pt\/wp-json\/wp\/v2\/types\/product"}],"replies":[{"embeddable":true,"href":"https:\/\/www.padaworks.com\/pt\/wp-json\/wp\/v2\/comments?post=67125"}],"wp:featuredmedia":[{"embeddable":true,"href":"https:\/\/www.padaworks.com\/pt\/wp-json\/wp\/v2\/media\/67126"}],"wp:attachment":[{"href":"https:\/\/www.padaworks.com\/pt\/wp-json\/wp\/v2\/media?parent=67125"}],"wp:term":[{"taxonomy":"product_brand","embeddable":true,"href":"https:\/\/www.padaworks.com\/pt\/wp-json\/wp\/v2\/product_brand?post=67125"},{"taxonomy":"product_cat","embeddable":true,"href":"https:\/\/www.padaworks.com\/pt\/wp-json\/wp\/v2\/product_cat?post=67125"},{"taxonomy":"product_tag","embeddable":true,"href":"https:\/\/www.padaworks.com\/pt\/wp-json\/wp\/v2\/product_tag?post=67125"}],"curies":[{"name":"wp","href":"https:\/\/api.w.org\/{rel}","templated":true}]}}