{"id":67083,"date":"2025-09-02T15:32:04","date_gmt":"2025-09-02T15:32:04","guid":{"rendered":"https:\/\/www.padaworks.com\/product\/ceramic-sugar-bowl-fruits-and-vegetables-shaped\/"},"modified":"2026-04-20T12:23:48","modified_gmt":"2026-04-20T12:23:48","slug":"acucareiro-de-ceramica-em-forma-de-frutas-e-legumes","status":"publish","type":"product","link":"https:\/\/www.padaworks.com\/pt\/product\/acucareiro-de-ceramica-em-forma-de-frutas-e-legumes\/","title":{"rendered":"A\u00e7ucareiro em cer\u00e2mica - Forma de frutas e legumes"},"content":{"rendered":"<p>A\u00e7ucareiro de cer\u00e2mica \u2013 em forma de frutas e legumes<\/p>\n<p>Feito em cer\u00e2mica com acabamento esmaltado e feito \u00e0 m\u00e3o. Conjunto de tr\u00eas pe\u00e7as, incluindo um a\u00e7ucareiro, uma colher e um suporte em forma de folha. Pode ser lavado \u00e0 m\u00e3o ou na m\u00e1quina de lavar lou\u00e7a.<br \/>\nUma pe\u00e7a tradicional portuguesa perfeita para a decora\u00e7\u00e3o da sua cozinha r\u00fastica.<\/p>\n<p>Feito \u00e0 m\u00e3o<br \/>\nFabricado em Portugal<\/p>\n<p>Dimens\u00f5es do conjunto:<br \/>\nAB\u00d3BORA<br \/>\n\u00d8 \u2013 14 cm, A \u2013 11 cm<br \/>\n\u00d8 \u2013 5,5 pol., A \u2013 4,3 pol.<\/p>\n<p>MORANGO<br \/>\n\u00d8 \u2013 14 cm, A \u2013 12,5 cm<br \/>\n\u00d8 \u2013 5,5 pol., A \u2013 4,9 pol.<\/p>\n<p>REPOLHO<br \/>\n\u00d8 \u2013 11,5 cm, A \u2013 9 cm<br \/>\n\u00d8 \u2013 4,5 pol., A \u2013 3,5 pol.<\/p>\n<p>LARANJA<br \/>\n\u00d8 \u2013 14 cm, A \u2013 12 cm<br \/>\n\u00d8 \u2013 5,5 pol., A \u2013 4,7 pol.<\/p>\n<p>As dimens\u00f5es podem variar ligeiramente.<\/p>","protected":false},"excerpt":{"rendered":"<p>Ceramic Sugar Bowl \u2013 Fruits and Vegetables Shaped Made of ceramic with a glazed finish and handmade. A three-piece set, including a sugar bowl, a spoon, and a leaf-shaped stand. Hand- or dishwasher-safe. A traditional portuguese piece perfect for your rustic kitchen decor. Artisan Made Made in Portugal Dimensions of the set: PUMPKIN \u00d8 \u2013 [&hellip;]<\/p>","protected":false},"featured_media":67084,"comment_status":"open","ping_status":"closed","template":"","meta":{"_acf_changed":false},"product_brand":[],"product_cat":[402,1767],"product_tag":[3137,3138,3139,2893,3140,3141,3142,2303,3143,3144,3145,3146,3147],"class_list":{"0":"post-67083","1":"product","2":"type-product","3":"status-publish","4":"has-post-thumbnail","6":"product_cat-pottery","7":"product_cat-kitchenware","8":"product_tag-antique-sugar-bowl","9":"product_tag-ceramic-pumpkin","10":"product_tag-ceramic-salt-bowl","11":"product_tag-ceramic-strawberry","12":"product_tag-fruit-shaped","13":"product_tag-kitchen-containers","14":"product_tag-pottery-sugar-bowl","15":"product_tag-storage-containers","16":"product_tag-sugar-bowl","17":"product_tag-sugar-bowl-lid","18":"product_tag-sugar-container","19":"product_tag-vegetable-shaped","20":"product_tag-vintage-sugar-bowl","21":"pa_shaped-cabbage","22":"pa_shaped-orange","23":"pa_shaped-pumpkin","24":"pa_shaped-strawberry","26":"first","27":"instock","28":"taxable","29":"shipping-taxable","30":"purchasable","31":"product-type-variable","32":"has-default-attributes","33":"wvs-archive-product-wrapper"},"acf":[],"gallery_images":[67085,67086,67087,67088,67089,67090,67091,67092],"_links":{"self":[{"href":"https:\/\/www.padaworks.com\/pt\/wp-json\/wp\/v2\/product\/67083","targetHints":{"allow":["GET"]}}],"collection":[{"href":"https:\/\/www.padaworks.com\/pt\/wp-json\/wp\/v2\/product"}],"about":[{"href":"https:\/\/www.padaworks.com\/pt\/wp-json\/wp\/v2\/types\/product"}],"replies":[{"embeddable":true,"href":"https:\/\/www.padaworks.com\/pt\/wp-json\/wp\/v2\/comments?post=67083"}],"wp:featuredmedia":[{"embeddable":true,"href":"https:\/\/www.padaworks.com\/pt\/wp-json\/wp\/v2\/media\/67084"}],"wp:attachment":[{"href":"https:\/\/www.padaworks.com\/pt\/wp-json\/wp\/v2\/media?parent=67083"}],"wp:term":[{"taxonomy":"product_brand","embeddable":true,"href":"https:\/\/www.padaworks.com\/pt\/wp-json\/wp\/v2\/product_brand?post=67083"},{"taxonomy":"product_cat","embeddable":true,"href":"https:\/\/www.padaworks.com\/pt\/wp-json\/wp\/v2\/product_cat?post=67083"},{"taxonomy":"product_tag","embeddable":true,"href":"https:\/\/www.padaworks.com\/pt\/wp-json\/wp\/v2\/product_tag?post=67083"}],"curies":[{"name":"wp","href":"https:\/\/api.w.org\/{rel}","templated":true}]}}