{"id":67076,"date":"2025-09-02T14:39:34","date_gmt":"2025-09-02T14:39:34","guid":{"rendered":"https:\/\/www.padaworks.com\/product\/cabbage-mug-11oz-mug\/"},"modified":"2026-04-13T22:17:47","modified_gmt":"2026-04-13T22:17:47","slug":"caneca-de-couve-caneca-de-11-oz","status":"publish","type":"product","link":"https:\/\/www.padaworks.com\/pt\/product\/caneca-de-couve-caneca-de-11-oz\/","title":{"rendered":"Caneca de repolho - Caneca de 11 oz"},"content":{"rendered":"<p>Caneca de repolho - Caneca de 11 oz<\/p>\n<p>Fabricado em cer\u00e2mica com acabamento vidrado e feito \u00e0 m\u00e3o.<br \/>Uma prenda para um amigo, para a sua m\u00e3e ou simplesmente uma prenda para si.<br \/>Uma pe\u00e7a tradicional portuguesa perfeita para a decora\u00e7\u00e3o da sua cozinha r\u00fastica.<\/p>\n<p>Feito \u00e0 m\u00e3o<br \/>Fabricado em Portugal<\/p>\n<p>Dimens\u00f5es:<br \/>\u00d8 - 8,5 cm, H - 10 cm<br \/>\u00d8 - 3,3 in, H - 3,9 in<\/p>\n<p>Capacidade: 330 ml; 11 on\u00e7as<\/p>\n<p>As dimens\u00f5es podem variar ligeiramente.<\/p>","protected":false},"excerpt":{"rendered":"<p>Cabbage Mug &#8211; 11oz Mug Made of ceramic with a glazed finish and handmade.A gift to a friend, your mother or simply a gift for yourself.A traditional portuguese piece perfect for your rustic kitchen decor. Artisan MadeMade in Portugal Dimensions:\u00d8 &#8211; 8,5 cm, H &#8211; 10 cm\u00d8 &#8211; 3,3 in, H &#8211; 3,9 in Capacity: [&hellip;]<\/p>","protected":false},"featured_media":67077,"comment_status":"open","ping_status":"closed","template":"","meta":{"_acf_changed":false},"product_brand":[],"product_cat":[402,1767],"product_tag":[2900,2901,2902,2903,2904,1760,2905,2906,2907,1682,2908,2896,2191],"class_list":{"0":"post-67076","1":"product","2":"type-product","3":"status-publish","4":"has-post-thumbnail","6":"product_cat-pottery","7":"product_cat-kitchenware","8":"product_tag-cabbage-ceramic-mug","9":"product_tag-cabbage-lovers","10":"product_tag-coffee-mug","11":"product_tag-faux-food","12":"product_tag-food-decor","13":"product_tag-funny-gift","14":"product_tag-glazed-mug","15":"product_tag-green-mug","16":"product_tag-handpainted-mug","17":"product_tag-portuguese-ceramics","18":"product_tag-pottery-mug","19":"product_tag-rustic-kitchen-decor","20":"product_tag-tea-mug","21":"product_shipping_class-small-package","23":"first","24":"instock","25":"sale","26":"taxable","27":"shipping-taxable","28":"purchasable","29":"product-type-simple"},"acf":[],"gallery_images":[67078,67079,67080,67081,67082],"_links":{"self":[{"href":"https:\/\/www.padaworks.com\/pt\/wp-json\/wp\/v2\/product\/67076","targetHints":{"allow":["GET"]}}],"collection":[{"href":"https:\/\/www.padaworks.com\/pt\/wp-json\/wp\/v2\/product"}],"about":[{"href":"https:\/\/www.padaworks.com\/pt\/wp-json\/wp\/v2\/types\/product"}],"replies":[{"embeddable":true,"href":"https:\/\/www.padaworks.com\/pt\/wp-json\/wp\/v2\/comments?post=67076"}],"wp:featuredmedia":[{"embeddable":true,"href":"https:\/\/www.padaworks.com\/pt\/wp-json\/wp\/v2\/media\/67077"}],"wp:attachment":[{"href":"https:\/\/www.padaworks.com\/pt\/wp-json\/wp\/v2\/media?parent=67076"}],"wp:term":[{"taxonomy":"product_brand","embeddable":true,"href":"https:\/\/www.padaworks.com\/pt\/wp-json\/wp\/v2\/product_brand?post=67076"},{"taxonomy":"product_cat","embeddable":true,"href":"https:\/\/www.padaworks.com\/pt\/wp-json\/wp\/v2\/product_cat?post=67076"},{"taxonomy":"product_tag","embeddable":true,"href":"https:\/\/www.padaworks.com\/pt\/wp-json\/wp\/v2\/product_tag?post=67076"}],"curies":[{"name":"wp","href":"https:\/\/api.w.org\/{rel}","templated":true}]}}