{"id":67067,"date":"2025-09-02T14:06:16","date_gmt":"2025-09-02T14:06:16","guid":{"rendered":"https:\/\/www.padaworks.com\/product\/strawberry-salt-and-pepper-shaker-with-leaf-base\/"},"modified":"2026-05-03T17:46:46","modified_gmt":"2026-05-03T16:46:46","slug":"saleiro-e-pimenteiro-em-forma-de-morango-com-base-em-forma-de-folha","status":"publish","type":"product","link":"https:\/\/www.padaworks.com\/pt\/product\/saleiro-e-pimenteiro-em-forma-de-morango-com-base-em-forma-de-folha\/","title":{"rendered":"Sal e pimenta em forma de morango com base em forma de folha"},"content":{"rendered":"<p>Sal e pimenta em forma de morango com base em forma de folha<\/p>\n<p>Feito em cer\u00e2mica com acabamento esmaltado e feito \u00e0 m\u00e3o. Conjunto de tr\u00eas pe\u00e7as, incluindo um saleiro, um pimenteiro e um suporte em forma de folha. Pode ser lavado \u00e0 m\u00e3o ou na m\u00e1quina de lavar lou\u00e7a.<br \/>Uma pe\u00e7a tradicional portuguesa perfeita para a decora\u00e7\u00e3o da sua cozinha r\u00fastica.<\/p>\n<p>Feito \u00e0 m\u00e3o<br \/>Fabricado em Portugal<\/p>\n<p>Dimens\u00f5es do conjunto:<br \/>C \u2013 15 cm, L \u2013 9 cm, A \u2013 6,5 cm<br \/>L \u2013 15 cm, L \u2013 9 cm, A \u2013 6,6 cm<\/p>\n<p>As dimens\u00f5es podem variar ligeiramente.<\/p>","protected":false},"excerpt":{"rendered":"<p>Strawberry Salt and Pepper Shaker with Leaf Base Made of ceramic with a glazed finish and handmade. A three-piece set, including a salt shaker, a pepper shaker, and a leaf-shaped stand. Hand- or dishwasher-safe.A traditional portuguese piece perfect for your rustic kitchen decor. Artisan MadeMade in Portugal Dimensions of the set:L &#8211; 15 cm, W [&hellip;]<\/p>","protected":false},"featured_media":67068,"comment_status":"open","ping_status":"open","template":"","meta":{"_acf_changed":false},"product_brand":[],"product_cat":[402,1767],"product_tag":[2892,2893,2854,1339,2894,331,2895,2896,2897,2856,2303,2898,2899],"class_list":{"0":"post-67067","1":"product","2":"type-product","3":"status-publish","4":"has-post-thumbnail","6":"product_cat-pottery","7":"product_cat-kitchenware","8":"product_tag-ceramic-shakers","9":"product_tag-ceramic-strawberry","10":"product_tag-cooking-utensils","11":"product_tag-cute-gift","12":"product_tag-kitchen-accessories","13":"product_tag-kitchen-decor","14":"product_tag-mini-fruit","15":"product_tag-rustic-kitchen-decor","16":"product_tag-salt-and-pepper","17":"product_tag-souvenir-portugal","18":"product_tag-storage-containers","19":"product_tag-strawberry-decor","20":"product_tag-strawberry-lovers","21":"product_shipping_class-small-package","23":"first","24":"instock","25":"sale","26":"taxable","27":"shipping-taxable","28":"purchasable","29":"product-type-simple"},"acf":[],"gallery_images":[67069,67070,67071,67072,67073,67074,67075],"_links":{"self":[{"href":"https:\/\/www.padaworks.com\/pt\/wp-json\/wp\/v2\/product\/67067","targetHints":{"allow":["GET"]}}],"collection":[{"href":"https:\/\/www.padaworks.com\/pt\/wp-json\/wp\/v2\/product"}],"about":[{"href":"https:\/\/www.padaworks.com\/pt\/wp-json\/wp\/v2\/types\/product"}],"replies":[{"embeddable":true,"href":"https:\/\/www.padaworks.com\/pt\/wp-json\/wp\/v2\/comments?post=67067"}],"wp:featuredmedia":[{"embeddable":true,"href":"https:\/\/www.padaworks.com\/pt\/wp-json\/wp\/v2\/media\/67068"}],"wp:attachment":[{"href":"https:\/\/www.padaworks.com\/pt\/wp-json\/wp\/v2\/media?parent=67067"}],"wp:term":[{"taxonomy":"product_brand","embeddable":true,"href":"https:\/\/www.padaworks.com\/pt\/wp-json\/wp\/v2\/product_brand?post=67067"},{"taxonomy":"product_cat","embeddable":true,"href":"https:\/\/www.padaworks.com\/pt\/wp-json\/wp\/v2\/product_cat?post=67067"},{"taxonomy":"product_tag","embeddable":true,"href":"https:\/\/www.padaworks.com\/pt\/wp-json\/wp\/v2\/product_tag?post=67067"}],"curies":[{"name":"wp","href":"https:\/\/api.w.org\/{rel}","templated":true}]}}