{"id":67061,"date":"2025-09-02T13:29:57","date_gmt":"2025-09-02T13:29:57","guid":{"rendered":"https:\/\/www.padaworks.com\/product\/oval-plate-sardines\/"},"modified":"2026-02-15T12:55:45","modified_gmt":"2026-02-15T12:55:45","slug":"sardinhas-em-prato-oval","status":"publish","type":"product","link":"https:\/\/www.padaworks.com\/pt\/product\/sardinhas-em-prato-oval\/","title":{"rendered":"Prato Oval Sardinhas"},"content":{"rendered":"<p>Prato Oval Sardinhas<\/p>\n<p>Prato oval de cer\u00e2mica com sardinhas vidradas. Um prato de cer\u00e2mica com um design vintage e peixe para a sua cozinha. Uma pe\u00e7a tradicional portuguesa. Pode ser lavado \u00e0 m\u00e3o ou na m\u00e1quina de lavar loi\u00e7a.<br \/>A palavra \u201cPortugal\u201d pode ou n\u00e3o aparecer ao lado da imagem de sardinhas.<\/p>\n<p>Feito \u00e0 m\u00e3o<br \/>Fabricado em Portugal<\/p>\n<p>Dimens\u00f5es:<br \/>C - 26 cm, L - 17 cm, A - 2 cm<br \/>C - 10,2 pol., L - 6,7 pol., A - 0,8 pol.<\/p>\n<p>As dimens\u00f5es podem variar ligeiramente.<\/p>","protected":false},"excerpt":{"rendered":"<p>Oval Plate Sardines Ceramic oval plate with sardines glazed. A ceramic plate with a vintage and fish design for your kitchen. A traditional portuguese piece. Hand- or dishwasher-safe.The word &#8220;Portugal&#8221; may or may not appear alongside the image of sardines. Artisan MadeMade in Portugal Dimensions:L &#8211; 26 cm, W &#8211; 17 cm, H &#8211; 2 [&hellip;]<\/p>","protected":false},"featured_media":67062,"comment_status":"open","ping_status":"closed","template":"","meta":{"_acf_changed":false},"product_brand":[],"product_cat":[402,1767],"product_tag":[1621,1560,2346,2885,2886,1684,2887,2888,2889,1797,1632,2890,2891],"class_list":{"0":"post-67061","1":"product","2":"type-product","3":"status-publish","4":"has-post-thumbnail","6":"product_cat-pottery","7":"product_cat-kitchenware","8":"product_tag-ceramic-dinnerware","9":"product_tag-ceramic-sardine","10":"product_tag-coastal-decor","11":"product_tag-cookie-plate","12":"product_tag-decorative-tray","13":"product_tag-fish-decor","14":"product_tag-handmade-plate","15":"product_tag-oval-dish","16":"product_tag-plate-with-fish","17":"product_tag-portugal-gifts","18":"product_tag-serving-plates","19":"product_tag-serving-tray","20":"product_tag-stoneware-plate","21":"product_shipping_class-small-package","23":"first","24":"instock","25":"taxable","26":"shipping-taxable","27":"purchasable","28":"product-type-simple"},"acf":[],"gallery_images":[67063,67064,67065,67066],"_links":{"self":[{"href":"https:\/\/www.padaworks.com\/pt\/wp-json\/wp\/v2\/product\/67061","targetHints":{"allow":["GET"]}}],"collection":[{"href":"https:\/\/www.padaworks.com\/pt\/wp-json\/wp\/v2\/product"}],"about":[{"href":"https:\/\/www.padaworks.com\/pt\/wp-json\/wp\/v2\/types\/product"}],"replies":[{"embeddable":true,"href":"https:\/\/www.padaworks.com\/pt\/wp-json\/wp\/v2\/comments?post=67061"}],"wp:featuredmedia":[{"embeddable":true,"href":"https:\/\/www.padaworks.com\/pt\/wp-json\/wp\/v2\/media\/67062"}],"wp:attachment":[{"href":"https:\/\/www.padaworks.com\/pt\/wp-json\/wp\/v2\/media?parent=67061"}],"wp:term":[{"taxonomy":"product_brand","embeddable":true,"href":"https:\/\/www.padaworks.com\/pt\/wp-json\/wp\/v2\/product_brand?post=67061"},{"taxonomy":"product_cat","embeddable":true,"href":"https:\/\/www.padaworks.com\/pt\/wp-json\/wp\/v2\/product_cat?post=67061"},{"taxonomy":"product_tag","embeddable":true,"href":"https:\/\/www.padaworks.com\/pt\/wp-json\/wp\/v2\/product_tag?post=67061"}],"curies":[{"name":"wp","href":"https:\/\/api.w.org\/{rel}","templated":true}]}}