{"id":67042,"date":"2025-09-02T11:54:44","date_gmt":"2025-09-02T11:54:44","guid":{"rendered":"https:\/\/www.padaworks.com\/product\/ceramic-divided-plate-with-sardines\/"},"modified":"2026-04-03T08:17:00","modified_gmt":"2026-04-03T08:17:00","slug":"prato-dividido-em-ceramica-com-sardinhas","status":"publish","type":"product","link":"https:\/\/www.padaworks.com\/pt\/product\/prato-dividido-em-ceramica-com-sardinhas\/","title":{"rendered":"Prato dividido em cer\u00e2mica com sardinhas"},"content":{"rendered":"<p>Prato dividido em cer\u00e2mica com sardinhas<\/p>\n<p>Prato dividido em cer\u00e2mica com sardinhas vidradas. Prato com tr\u00eas divis\u00f5es. Um prato de cer\u00e2mica com um design vintage e peixe para a sua cozinha. Uma pe\u00e7a tradicional portuguesa. Pode ser lavado \u00e0 m\u00e3o ou na m\u00e1quina de lavar loi\u00e7a.<br \/>\nA palavra \u201cPortugal\u201d pode ou n\u00e3o aparecer ao lado da imagem de sardinhas.<\/p>\n<p>Feito \u00e0 m\u00e3o<br \/>\nFabricado em Portugal<\/p>\n<p>Dimens\u00f5es:<br \/>\nC - 30 cm, L - 8 cm, A - 2,5 cm<br \/>\nC - 11,8 pol., L - 3,1 pol., A - 0,9 pol.<\/p>\n<p>As dimens\u00f5es podem variar ligeiramente.<\/p>","protected":false},"excerpt":{"rendered":"<p>Ceramic Divided Plate With Sardines Ceramic divided plate with sardines glazed. Plate with three divisions. A ceramic plate with a vintage and fish design for your kitchen. A traditional portuguese piece. Hand- or dishwasher-safe. The word \u201cPortugal\u201d may or may not appear alongside the image of sardines. Artisan Made Made in Portugal Dimensions: L \u2013 [&hellip;]<\/p>","protected":false},"featured_media":67043,"comment_status":"open","ping_status":"closed","template":"","meta":{"_acf_changed":false},"product_brand":[],"product_cat":[1767],"product_tag":[3135,1621,2938,1560,3095,544,2887,3136,1229,2935,3134,1632,2891],"class_list":{"0":"post-67042","1":"product","2":"type-product","3":"status-publish","4":"has-post-thumbnail","6":"product_cat-kitchenware","7":"product_tag-appetizer-plates","8":"product_tag-ceramic-dinnerware","9":"product_tag-ceramic-plates","10":"product_tag-ceramic-sardine","11":"product_tag-gift-for-friend","12":"product_tag-gift-from-portugal","13":"product_tag-handmade-plate","14":"product_tag-kitchenware","15":"product_tag-new-home-gift","16":"product_tag-olive-plate","17":"product_tag-sardines-art","18":"product_tag-serving-plates","19":"product_tag-stoneware-plate","20":"product_shipping_class-small-package","22":"first","23":"instock","24":"taxable","25":"shipping-taxable","26":"purchasable","27":"product-type-variable","28":"has-default-attributes","29":"wvs-archive-product-wrapper"},"acf":[],"gallery_images":[67044,67045,67046,67047,67048,67049,67050,67051,67052],"_links":{"self":[{"href":"https:\/\/www.padaworks.com\/pt\/wp-json\/wp\/v2\/product\/67042","targetHints":{"allow":["GET"]}}],"collection":[{"href":"https:\/\/www.padaworks.com\/pt\/wp-json\/wp\/v2\/product"}],"about":[{"href":"https:\/\/www.padaworks.com\/pt\/wp-json\/wp\/v2\/types\/product"}],"replies":[{"embeddable":true,"href":"https:\/\/www.padaworks.com\/pt\/wp-json\/wp\/v2\/comments?post=67042"}],"wp:featuredmedia":[{"embeddable":true,"href":"https:\/\/www.padaworks.com\/pt\/wp-json\/wp\/v2\/media\/67043"}],"wp:attachment":[{"href":"https:\/\/www.padaworks.com\/pt\/wp-json\/wp\/v2\/media?parent=67042"}],"wp:term":[{"taxonomy":"product_brand","embeddable":true,"href":"https:\/\/www.padaworks.com\/pt\/wp-json\/wp\/v2\/product_brand?post=67042"},{"taxonomy":"product_cat","embeddable":true,"href":"https:\/\/www.padaworks.com\/pt\/wp-json\/wp\/v2\/product_cat?post=67042"},{"taxonomy":"product_tag","embeddable":true,"href":"https:\/\/www.padaworks.com\/pt\/wp-json\/wp\/v2\/product_tag?post=67042"}],"curies":[{"name":"wp","href":"https:\/\/api.w.org\/{rel}","templated":true}]}}