{"id":67025,"date":"2025-09-02T11:19:02","date_gmt":"2025-09-02T11:19:02","guid":{"rendered":"https:\/\/www.padaworks.com\/product\/ceramic-olive-plate-with-sardines-design\/"},"modified":"2026-04-03T08:17:06","modified_gmt":"2026-04-03T08:17:06","slug":"prato-de-ceramica-para-azeitonas-com-desenho-de-sardinhas","status":"publish","type":"product","link":"https:\/\/www.padaworks.com\/pt\/product\/prato-de-ceramica-para-azeitonas-com-desenho-de-sardinhas\/","title":{"rendered":"Prato de cer\u00e2mica para azeitonas com desenho de sardinhas"},"content":{"rendered":"<p>Prato de azeitonas com desenho de sardinhas<\/p>\n<p>Prato de cer\u00e2mica para azeitonas com sardinhas vidradas. Um prato de cer\u00e2mica com um design vintage e peixe para a sua cozinha. Uma pe\u00e7a tradicional portuguesa. Pode ser lavado \u00e0 m\u00e3o ou na m\u00e1quina de lavar loi\u00e7a.<br \/>\nA palavra \u201cPortugal\u201d pode ou n\u00e3o aparecer ao lado da imagem de sardinhas.<\/p>\n<p>Feito \u00e0 m\u00e3o<br \/>\nFabricado em Portugal<\/p>\n<p>Dimens\u00f5es:<br \/>\nC - 13 cm, L - 12 cm, A - 3 cm<br \/>\nC - 5,1 pol., L - 4,7 pol., A - 1,2 pol.<\/p>\n<p>As dimens\u00f5es podem variar ligeiramente.<\/p>","protected":false},"excerpt":{"rendered":"<p>Olive Plate With Sardines Design Ceramic olive plate with sardines glazed. A ceramic plate with a vintage and fish design for your kitchen. A traditional portuguese piece. Hand- or dishwasher-safe. The word \u201cPortugal\u201d may or may not appear alongside the image of sardines. Artisan Made Made in Portugal Dimensions: L \u2013 13 cm, W \u2013 [&hellip;]<\/p>","protected":false},"featured_media":67026,"comment_status":"open","ping_status":"closed","template":"","meta":{"_acf_changed":false},"product_brand":[],"product_cat":[402,1767],"product_tag":[1621,1647,1643,1560,2934,2887,573,3133,2935,390,3134,1632,2891],"class_list":{"0":"post-67025","1":"product","2":"type-product","3":"status-publish","4":"has-post-thumbnail","6":"product_cat-pottery","7":"product_cat-kitchenware","8":"product_tag-ceramic-dinnerware","9":"product_tag-ceramic-dishes","10":"product_tag-ceramic-platter","11":"product_tag-ceramic-sardine","12":"product_tag-divided-plate","13":"product_tag-handmade-plate","14":"product_tag-housewarming-gift","15":"product_tag-mini-plates","16":"product_tag-olive-plate","17":"product_tag-portuguese-ceramic","18":"product_tag-sardines-art","19":"product_tag-serving-plates","20":"product_tag-stoneware-plate","21":"product_shipping_class-small-package","23":"first","24":"instock","25":"taxable","26":"shipping-taxable","27":"purchasable","28":"product-type-variable","29":"has-default-attributes","30":"wvs-archive-product-wrapper"},"acf":[],"gallery_images":[67027,67028,67029,67030,67031,67032,67033],"_links":{"self":[{"href":"https:\/\/www.padaworks.com\/pt\/wp-json\/wp\/v2\/product\/67025","targetHints":{"allow":["GET"]}}],"collection":[{"href":"https:\/\/www.padaworks.com\/pt\/wp-json\/wp\/v2\/product"}],"about":[{"href":"https:\/\/www.padaworks.com\/pt\/wp-json\/wp\/v2\/types\/product"}],"replies":[{"embeddable":true,"href":"https:\/\/www.padaworks.com\/pt\/wp-json\/wp\/v2\/comments?post=67025"}],"wp:featuredmedia":[{"embeddable":true,"href":"https:\/\/www.padaworks.com\/pt\/wp-json\/wp\/v2\/media\/67026"}],"wp:attachment":[{"href":"https:\/\/www.padaworks.com\/pt\/wp-json\/wp\/v2\/media?parent=67025"}],"wp:term":[{"taxonomy":"product_brand","embeddable":true,"href":"https:\/\/www.padaworks.com\/pt\/wp-json\/wp\/v2\/product_brand?post=67025"},{"taxonomy":"product_cat","embeddable":true,"href":"https:\/\/www.padaworks.com\/pt\/wp-json\/wp\/v2\/product_cat?post=67025"},{"taxonomy":"product_tag","embeddable":true,"href":"https:\/\/www.padaworks.com\/pt\/wp-json\/wp\/v2\/product_tag?post=67025"}],"curies":[{"name":"wp","href":"https:\/\/api.w.org\/{rel}","templated":true}]}}