{"id":66991,"date":"2025-09-01T17:42:44","date_gmt":"2025-09-01T17:42:44","guid":{"rendered":"https:\/\/www.padaworks.com\/product\/large-wicker-pet-carrier-basket-with-cushion\/"},"modified":"2026-03-21T02:03:08","modified_gmt":"2026-03-21T02:03:08","slug":"cesto-grande-de-vime-para-transporte-de-animais-de-estimacao-com-almofada","status":"publish","type":"product","link":"https:\/\/www.padaworks.com\/pt\/product\/cesto-grande-de-vime-para-transporte-de-animais-de-estimacao-com-almofada\/","title":{"rendered":"Cesto grande de vime para transporte de animais de estima\u00e7\u00e3o com almofada"},"content":{"rendered":"<p>Cesto grande de vime para transporte de animais de estima\u00e7\u00e3o<\/p>\n<p>Porta-animais com almofada confort\u00e1vel para o seu animal de estima\u00e7\u00e3o, feito \u00e0 m\u00e3o e com materiais naturais e sustent\u00e1veis.<br \/>Ideal para transportar o seu ador\u00e1vel animal de estima\u00e7\u00e3o ao ar livre, para o veterin\u00e1rio ou mesmo em casa.<br \/>Proporcione boas experi\u00eancias ao seu animal de estima\u00e7\u00e3o com acess\u00f3rios confort\u00e1veis.<\/p>\n<p>Feito \u00e0 m\u00e3o<br \/>Fabricado em Portugal<\/p>\n<p>Dimens\u00f5es:<br \/>C \u2013 50 cm, L \u2013 35 cm, A \u2013 42 cm<br \/>L \u2013 50 cm, L \u2013 35 cm, A \u2013 42 cm<\/p>\n<p>As dimens\u00f5es podem variar ligeiramente.<\/p>","protected":false},"excerpt":{"rendered":"<p>Large Wicker Pet Carrier Basket Pet carrier with comfortable cushion for your pet, handcrafted and made with natural and sustainable materials.Ideal for transporting your lovely pet outdoors, to the vet, or even at home.Provide good experiences for your pet with comfortable accessories. Artisan MadeMade in Portugal Dimensions:L &#8211; 50 cm, W &#8211; 35 cm, H [&hellip;]<\/p>","protected":false},"featured_media":66992,"comment_status":"open","ping_status":"open","template":"","meta":{"_acf_changed":false},"product_brand":[],"product_cat":[509,2546],"product_tag":[1821,3126,3127,3113,3114,3115,3117,2962,3128,439,3121,3129,3122],"class_list":{"0":"post-66991","1":"product","2":"type-product","3":"status-publish","4":"has-post-thumbnail","6":"product_cat-pet-supplies","7":"product_cat-pet-accessories","8":"product_tag-basket-for-pet","9":"product_tag-cat-basket","10":"product_tag-cat-carrier","11":"product_tag-cat-carrier-basket","12":"product_tag-dog-travel-bag","13":"product_tag-outdoor-pet-bed","14":"product_tag-pet-supplies","15":"product_tag-porch-decor","16":"product_tag-portable-carrier","17":"product_tag-wicker-basket","18":"product_tag-wicker-cat-basket","19":"product_tag-wicker-dog-basket","20":"product_tag-wicker-pet-house","21":"product_shipping_class-large-package","22":"pa_cushion-cats","23":"pa_cushion-dogs","24":"pa_cushion-jungle-animals","26":"first","27":"instock","28":"taxable","29":"shipping-taxable","30":"purchasable","31":"product-type-variable","32":"wvs-archive-product-wrapper"},"acf":[],"gallery_images":[66993,66994,66995,66996,66997,66998,66999,67000,67001],"_links":{"self":[{"href":"https:\/\/www.padaworks.com\/pt\/wp-json\/wp\/v2\/product\/66991","targetHints":{"allow":["GET"]}}],"collection":[{"href":"https:\/\/www.padaworks.com\/pt\/wp-json\/wp\/v2\/product"}],"about":[{"href":"https:\/\/www.padaworks.com\/pt\/wp-json\/wp\/v2\/types\/product"}],"replies":[{"embeddable":true,"href":"https:\/\/www.padaworks.com\/pt\/wp-json\/wp\/v2\/comments?post=66991"}],"wp:featuredmedia":[{"embeddable":true,"href":"https:\/\/www.padaworks.com\/pt\/wp-json\/wp\/v2\/media\/66992"}],"wp:attachment":[{"href":"https:\/\/www.padaworks.com\/pt\/wp-json\/wp\/v2\/media?parent=66991"}],"wp:term":[{"taxonomy":"product_brand","embeddable":true,"href":"https:\/\/www.padaworks.com\/pt\/wp-json\/wp\/v2\/product_brand?post=66991"},{"taxonomy":"product_cat","embeddable":true,"href":"https:\/\/www.padaworks.com\/pt\/wp-json\/wp\/v2\/product_cat?post=66991"},{"taxonomy":"product_tag","embeddable":true,"href":"https:\/\/www.padaworks.com\/pt\/wp-json\/wp\/v2\/product_tag?post=66991"}],"curies":[{"name":"wp","href":"https:\/\/api.w.org\/{rel}","templated":true}]}}