{"id":66974,"date":"2025-09-01T17:16:53","date_gmt":"2025-09-01T17:16:53","guid":{"rendered":"https:\/\/www.padaworks.com\/product\/wicker-pet-carrier-with-cute-cushion\/"},"modified":"2026-01-19T18:33:33","modified_gmt":"2026-01-19T18:33:33","slug":"transportador-de-vime-para-animais-de-estimacao-com-almofada-gira","status":"publish","type":"product","link":"https:\/\/www.padaworks.com\/pt\/product\/transportador-de-vime-para-animais-de-estimacao-com-almofada-gira\/","title":{"rendered":"Porta-animais de vime com almofada gira"},"content":{"rendered":"<p>Porta-animais de vime com almofada gira<\/p>\n<p>Porta-animais com almofada confort\u00e1vel para o seu animal de estima\u00e7\u00e3o, feito \u00e0 m\u00e3o e com materiais naturais e sustent\u00e1veis.<br \/>Ideal para transportar o seu ador\u00e1vel animal de estima\u00e7\u00e3o ao ar livre, para o veterin\u00e1rio ou mesmo em casa.<br \/>Proporcione boas experi\u00eancias ao seu animal de estima\u00e7\u00e3o com acess\u00f3rios confort\u00e1veis.<\/p>\n<p>Feito \u00e0 m\u00e3o<br \/>Fabricado em Portugal<\/p>\n<p>Dimens\u00f5es:<br \/>C - 39 cm, L - 35 cm, A - 42 cm<br \/>C - 15,4 pol., L - 13,8 pol., A - 16,5 pol.<\/p>\n<p>As dimens\u00f5es podem variar ligeiramente.<\/p>","protected":false},"excerpt":{"rendered":"<p>Wicker Pet Carrier With Cute Cushion Pet carrier with comfortable cushion for your pet, handcrafted and made with natural and sustainable materials.Ideal for transporting your lovely pet outdoors, to the vet, or even at home.Provide good experiences for your pet with comfortable accessories. Artisan MadeMade in Portugal Dimensions:L &#8211; 39 cm, W &#8211; 35 cm, [&hellip;]<\/p>","protected":false},"featured_media":66975,"comment_status":"open","ping_status":"open","template":"","meta":{"_acf_changed":false},"product_brand":[],"product_cat":[509,2546],"product_tag":[1821,3113,3114,3115,3116,3117,3118,3119,3120,439,3121,3122,538],"class_list":{"0":"post-66974","1":"product","2":"type-product","3":"status-publish","4":"has-post-thumbnail","6":"product_cat-pet-supplies","7":"product_cat-pet-accessories","8":"product_tag-basket-for-pet","9":"product_tag-cat-carrier-basket","10":"product_tag-dog-travel-bag","11":"product_tag-outdoor-pet-bed","12":"product_tag-pet-carrier","13":"product_tag-pet-supplies","14":"product_tag-portable-pet-carrier","15":"product_tag-small-pet-carrier","16":"product_tag-vintage-wicker","17":"product_tag-wicker-basket","18":"product_tag-wicker-cat-basket","19":"product_tag-wicker-pet-house","20":"product_tag-woven-basket","21":"product_shipping_class-large-package","22":"pa_cushion-cats","23":"pa_cushion-dogs","24":"pa_cushion-jungle-animals","26":"first","27":"instock","28":"taxable","29":"shipping-taxable","30":"purchasable","31":"product-type-variable","32":"wvs-archive-product-wrapper"},"acf":[],"gallery_images":[66976,66977,66978,66979,66980,66981,66982,66983,66984,66986],"_links":{"self":[{"href":"https:\/\/www.padaworks.com\/pt\/wp-json\/wp\/v2\/product\/66974","targetHints":{"allow":["GET"]}}],"collection":[{"href":"https:\/\/www.padaworks.com\/pt\/wp-json\/wp\/v2\/product"}],"about":[{"href":"https:\/\/www.padaworks.com\/pt\/wp-json\/wp\/v2\/types\/product"}],"replies":[{"embeddable":true,"href":"https:\/\/www.padaworks.com\/pt\/wp-json\/wp\/v2\/comments?post=66974"}],"wp:featuredmedia":[{"embeddable":true,"href":"https:\/\/www.padaworks.com\/pt\/wp-json\/wp\/v2\/media\/66975"}],"wp:attachment":[{"href":"https:\/\/www.padaworks.com\/pt\/wp-json\/wp\/v2\/media?parent=66974"}],"wp:term":[{"taxonomy":"product_brand","embeddable":true,"href":"https:\/\/www.padaworks.com\/pt\/wp-json\/wp\/v2\/product_brand?post=66974"},{"taxonomy":"product_cat","embeddable":true,"href":"https:\/\/www.padaworks.com\/pt\/wp-json\/wp\/v2\/product_cat?post=66974"},{"taxonomy":"product_tag","embeddable":true,"href":"https:\/\/www.padaworks.com\/pt\/wp-json\/wp\/v2\/product_tag?post=66974"}],"curies":[{"name":"wp","href":"https:\/\/api.w.org\/{rel}","templated":true}]}}