{"id":66829,"date":"2025-08-30T14:20:58","date_gmt":"2025-08-30T14:20:58","guid":{"rendered":"https:\/\/www.padaworks.com\/product\/large-light-brown-rug-100x150cm-traditional-rug\/"},"modified":"2025-11-19T09:15:07","modified_gmt":"2025-11-19T09:15:07","slug":"tapete-castanho-claro-grande-100x150cm-tapete-tradicional","status":"publish","type":"product","link":"https:\/\/www.padaworks.com\/pt\/product\/tapete-castanho-claro-grande-100x150cm-tapete-tradicional\/","title":{"rendered":"Tapete grande castanho claro \u2013 100 x 150 cm \u2013 Tapete tradicional"},"content":{"rendered":"<p>Tapete grande castanho claro 100x150cm<\/p>\n<p>Este tapete \u00e9 tecido num tear manual com tecidos reutilizados.<br \/>Estes tapetes s\u00e3o robustos, leves e podem ser lavados regularmente \u00e0 m\u00e3o ou \u00e0 m\u00e1quina.<br \/>\u00c9 ecol\u00f3gico porque reutiliza a mat\u00e9ria-prima desperdi\u00e7ada pela ind\u00fastria t\u00eaxtil.<br \/>Recomendamos a lavagem a frio ou a 30\u00b0C.<br \/>Uma vez que este tapete \u00e9 fabricado com produtos reciclados das ind\u00fastrias t\u00eaxteis, pode haver ligeiras varia\u00e7\u00f5es de cor.<\/p>\n<p>Dependendo do lote de materiais reciclados, pode conter um fio dourado brilhante juntamente com a cor castanha clara.<\/p>\n<p>Feito \u00e0 m\u00e3o<br \/>Fabricado em Portugal<\/p>\n<p>Dimens\u00f5es:<br \/>C - 150 cm, L - 100 cm<br \/>C - 59,1 pol., L - 39,4 pol.<br \/>C - 4,9 p\u00e9s, L - 3,3 p\u00e9s<br \/>Espessura - cerca de 0,8 cm; 0,2 in<\/p>\n<p>As dimens\u00f5es podem variar ligeiramente.<\/p>","protected":false},"excerpt":{"rendered":"<p>Large Light Brown Rug 100x150cm This rug is woven in a manual loom with fabrics reused.These rugs are robust, light, and can be regularly washed by hand or machine.It is ecological because they reuse raw material wasted by the textil industry.We recommend cold washing or to 30\u00b0C.Since this rug is made with recycled products from [&hellip;]<\/p>","protected":false},"featured_media":66830,"comment_status":"open","ping_status":"open","template":"","meta":{"_acf_changed":false},"product_brand":[],"product_cat":[2730],"product_tag":[477,1076,478,1806,2085,585,420,886,2101,2772,296,1656,656],"class_list":{"0":"post-66829","1":"product","2":"type-product","3":"status-publish","4":"has-post-thumbnail","6":"product_cat-traditional","7":"product_tag-bedside-rug","8":"product_tag-bohemian-rug","9":"product_tag-boho-rug","10":"product_tag-cotton-area-rug","11":"product_tag-decorative-rug","12":"product_tag-entryway-rug","13":"product_tag-handmade-rug","14":"product_tag-light-brown-rug","15":"product_tag-made-in-portugal","16":"product_tag-recycled-materials","17":"product_tag-recycled-rug","18":"product_tag-rug-for-bedroom","19":"product_tag-washable-area-rug","20":"product_shipping_class-small-package","22":"first","23":"instock","24":"taxable","25":"shipping-taxable","26":"purchasable","27":"product-type-simple"},"acf":[],"gallery_images":[66831,66832,66833,66834,66835,66836,66837,66838,66839],"_links":{"self":[{"href":"https:\/\/www.padaworks.com\/pt\/wp-json\/wp\/v2\/product\/66829","targetHints":{"allow":["GET"]}}],"collection":[{"href":"https:\/\/www.padaworks.com\/pt\/wp-json\/wp\/v2\/product"}],"about":[{"href":"https:\/\/www.padaworks.com\/pt\/wp-json\/wp\/v2\/types\/product"}],"replies":[{"embeddable":true,"href":"https:\/\/www.padaworks.com\/pt\/wp-json\/wp\/v2\/comments?post=66829"}],"wp:featuredmedia":[{"embeddable":true,"href":"https:\/\/www.padaworks.com\/pt\/wp-json\/wp\/v2\/media\/66830"}],"wp:attachment":[{"href":"https:\/\/www.padaworks.com\/pt\/wp-json\/wp\/v2\/media?parent=66829"}],"wp:term":[{"taxonomy":"product_brand","embeddable":true,"href":"https:\/\/www.padaworks.com\/pt\/wp-json\/wp\/v2\/product_brand?post=66829"},{"taxonomy":"product_cat","embeddable":true,"href":"https:\/\/www.padaworks.com\/pt\/wp-json\/wp\/v2\/product_cat?post=66829"},{"taxonomy":"product_tag","embeddable":true,"href":"https:\/\/www.padaworks.com\/pt\/wp-json\/wp\/v2\/product_tag?post=66829"}],"curies":[{"name":"wp","href":"https:\/\/api.w.org\/{rel}","templated":true}]}}