{"id":66607,"date":"2025-08-28T14:01:23","date_gmt":"2025-08-28T14:01:23","guid":{"rendered":"https:\/\/www.padaworks.com\/product\/medium-cream-glitter-rug-70x140cm-tradional-rug\/"},"modified":"2026-04-17T16:39:26","modified_gmt":"2026-04-17T16:39:26","slug":"medium-cream-rug-with-gold-threads-70x140cm-traditional-rug","status":"publish","type":"product","link":"https:\/\/www.padaworks.com\/pt\/product\/medium-cream-rug-with-gold-threads-70x140cm-traditional-rug\/","title":{"rendered":"Tapete creme m\u00e9dio com fios de ouro - 70x140cm - Tapete tradicional"},"content":{"rendered":"<p>Tapete creme m\u00e9dio com fios de ouro 70x140cm<\/p>\n<p>Este tapete \u00e9 tecido num tear manual com tecidos reutilizados.<br \/>\nEstes tapetes s\u00e3o robustos, leves e podem ser lavados regularmente \u00e0 m\u00e3o ou \u00e0 m\u00e1quina.<br \/>\n\u00c9 ecol\u00f3gico porque reutiliza a mat\u00e9ria-prima desperdi\u00e7ada pela ind\u00fastria t\u00eaxtil.<br \/>\nRecomendamos a lavagem a frio ou a 30\u00b0C.<br \/>\nUma vez que este tapete \u00e9 fabricado com produtos reciclados das ind\u00fastrias t\u00eaxteis, pode haver ligeiras varia\u00e7\u00f5es de cor.<\/p>\n<p>Feito \u00e0 m\u00e3o<br \/>\nFabricado em Portugal<\/p>\n<p>Dimens\u00f5es:<br \/>\nC \u2013 140 cm, L \u2013 70 cm<br \/>\nC \u2013 140 cm, L \u2013 70 cm<br \/>\nC \u2013 1,4 m, L \u2013 0,7 m<br \/>\nEspessura \u2013 cerca de 0,8 cm; 0,3 pol.<\/p>\n<p>As dimens\u00f5es podem variar ligeiramente.<\/p>","protected":false},"excerpt":{"rendered":"<p>Medium Cream Rug With Gold Threads 70x140cm This rug is woven in a manual loom with fabrics reused. These rugs are robust, light, and can be regularly washed by hand or machine. It is ecological because they reuse raw material wasted by the textil industry. We recommend cold washing or to 30\u00b0C. Since this rug [&hellip;]<\/p>","protected":false},"featured_media":66608,"comment_status":"open","ping_status":"closed","template":"","meta":{"_acf_changed":false},"product_brand":[],"product_cat":[2730],"product_tag":[1419,465,477,727,1076,1666,483,630,624,480,482,2090,628],"class_list":{"0":"post-66607","1":"product","2":"type-product","3":"status-publish","4":"has-post-thumbnail","6":"product_cat-traditional","7":"product_tag-3x5-rug","8":"product_tag-bedroom-rug","9":"product_tag-bedside-rug","10":"product_tag-beige-rug","11":"product_tag-bohemian-rug","12":"product_tag-doormat-rug","13":"product_tag-front-door-rug","14":"product_tag-kids-room-rug","15":"product_tag-laundry-rug","16":"product_tag-rag-rug","17":"product_tag-rugs-for-bedroom","18":"product_tag-small-rugs","19":"product_tag-soft-rug","20":"product_shipping_class-small-package","22":"first","23":"instock","24":"taxable","25":"shipping-taxable","26":"purchasable","27":"product-type-simple"},"acf":[],"gallery_images":[66609,66610,66611,66612,66613,66614,66615,66616,66617],"_links":{"self":[{"href":"https:\/\/www.padaworks.com\/pt\/wp-json\/wp\/v2\/product\/66607","targetHints":{"allow":["GET"]}}],"collection":[{"href":"https:\/\/www.padaworks.com\/pt\/wp-json\/wp\/v2\/product"}],"about":[{"href":"https:\/\/www.padaworks.com\/pt\/wp-json\/wp\/v2\/types\/product"}],"replies":[{"embeddable":true,"href":"https:\/\/www.padaworks.com\/pt\/wp-json\/wp\/v2\/comments?post=66607"}],"wp:featuredmedia":[{"embeddable":true,"href":"https:\/\/www.padaworks.com\/pt\/wp-json\/wp\/v2\/media\/66608"}],"wp:attachment":[{"href":"https:\/\/www.padaworks.com\/pt\/wp-json\/wp\/v2\/media?parent=66607"}],"wp:term":[{"taxonomy":"product_brand","embeddable":true,"href":"https:\/\/www.padaworks.com\/pt\/wp-json\/wp\/v2\/product_brand?post=66607"},{"taxonomy":"product_cat","embeddable":true,"href":"https:\/\/www.padaworks.com\/pt\/wp-json\/wp\/v2\/product_cat?post=66607"},{"taxonomy":"product_tag","embeddable":true,"href":"https:\/\/www.padaworks.com\/pt\/wp-json\/wp\/v2\/product_tag?post=66607"}],"curies":[{"name":"wp","href":"https:\/\/api.w.org\/{rel}","templated":true}]}}