{"id":66455,"date":"2025-08-23T15:25:10","date_gmt":"2025-08-23T15:25:10","guid":{"rendered":"https:\/\/www.padaworks.com\/product\/ceramic-kitchen-spoon-base-with-sardines\/"},"modified":"2026-04-05T21:32:22","modified_gmt":"2026-04-05T21:32:22","slug":"base-de-colher-de-cozinha-em-ceramica-com-sardinhas","status":"publish","type":"product","link":"https:\/\/www.padaworks.com\/pt\/product\/base-de-colher-de-cozinha-em-ceramica-com-sardinhas\/","title":{"rendered":"Base de colher de cozinha em cer\u00e2mica com sardinhas"},"content":{"rendered":"<p>Base de colher de cozinha em cer\u00e2mica com sardinhas<\/p>\n<p>Descanso de colher de cozinha em cer\u00e2mica com sardinhas esmaltadas. Um descanso de colher \u00fanico e divertido com um design vintage e de peixe para a sua cozinha. Uma pe\u00e7a tradicional portuguesa. Pode ser lavado \u00e0 m\u00e3o ou na m\u00e1quina de lavar loi\u00e7a.<br \/>\nA palavra \u201cPortugal\u201d pode ou n\u00e3o aparecer ao lado da imagem de sardinhas.<\/p>\n<p>Feito \u00e0 m\u00e3o<br \/>\nFabricado em Portugal<\/p>\n<p>Dimens\u00f5es:<br \/>\nC - 27 cm, L - 11 cm, A - 2 cm<br \/>\nC - 10,6 pol., L - 4,3 pol., A - 0,8 pol.<\/p>\n<p>As dimens\u00f5es podem variar ligeiramente.<\/p>","protected":false},"excerpt":{"rendered":"<p>Ceramic Kitchen Spoon Base With Sardines Ceramic kitchen spoon restwith sardines glazed. A unique and fun spoon rest with a vintage and fish design for your kitchen. A traditional portuguese piece. Hand- or dishwasher-safe. The word \u201cPortugal\u201d may or may not appear alongside the image of sardines. Artisan Made Made in Portugal Dimensions: L \u2013 [&hellip;]<\/p>","protected":false},"featured_media":66456,"comment_status":"open","ping_status":"closed","template":"","meta":{"_acf_changed":false},"product_brand":[],"product_cat":[1767],"product_tag":[1741,2319,1685,1684,1023,241,1229,2931,3112,2856,2857,2858,1124],"class_list":{"0":"post-66455","1":"product","2":"type-product","3":"status-publish","4":"has-post-thumbnail","6":"product_cat-kitchenware","7":"product_tag-ceramics-handmade","8":"product_tag-decorative-utensils","9":"product_tag-fish-art","10":"product_tag-fish-decor","11":"product_tag-gift-for-mom","12":"product_tag-kitchen-tools","13":"product_tag-new-home-gift","14":"product_tag-portugal-lovers","15":"product_tag-sardines","16":"product_tag-souvenir-portugal","17":"product_tag-spoon-rest","18":"product_tag-stoneware-pottery","19":"product_tag-vintage-ceramic","20":"product_shipping_class-small-package","22":"first","23":"instock","24":"taxable","25":"shipping-taxable","26":"purchasable","27":"product-type-variable","28":"has-default-attributes","29":"wvs-archive-product-wrapper"},"acf":[],"gallery_images":[66457,66458,66459,66461],"_links":{"self":[{"href":"https:\/\/www.padaworks.com\/pt\/wp-json\/wp\/v2\/product\/66455","targetHints":{"allow":["GET"]}}],"collection":[{"href":"https:\/\/www.padaworks.com\/pt\/wp-json\/wp\/v2\/product"}],"about":[{"href":"https:\/\/www.padaworks.com\/pt\/wp-json\/wp\/v2\/types\/product"}],"replies":[{"embeddable":true,"href":"https:\/\/www.padaworks.com\/pt\/wp-json\/wp\/v2\/comments?post=66455"}],"wp:featuredmedia":[{"embeddable":true,"href":"https:\/\/www.padaworks.com\/pt\/wp-json\/wp\/v2\/media\/66456"}],"wp:attachment":[{"href":"https:\/\/www.padaworks.com\/pt\/wp-json\/wp\/v2\/media?parent=66455"}],"wp:term":[{"taxonomy":"product_brand","embeddable":true,"href":"https:\/\/www.padaworks.com\/pt\/wp-json\/wp\/v2\/product_brand?post=66455"},{"taxonomy":"product_cat","embeddable":true,"href":"https:\/\/www.padaworks.com\/pt\/wp-json\/wp\/v2\/product_cat?post=66455"},{"taxonomy":"product_tag","embeddable":true,"href":"https:\/\/www.padaworks.com\/pt\/wp-json\/wp\/v2\/product_tag?post=66455"}],"curies":[{"name":"wp","href":"https:\/\/api.w.org\/{rel}","templated":true}]}}