{"id":66449,"date":"2025-08-23T14:57:49","date_gmt":"2025-08-23T14:57:49","guid":{"rendered":"https:\/\/www.padaworks.com\/product\/porcelain-spoon-rest-with-portuguese-love-messages\/"},"modified":"2025-11-19T09:15:45","modified_gmt":"2025-11-19T09:15:45","slug":"descanso-de-colher-em-porcelana-com-mensagens-de-amor-portuguesas","status":"publish","type":"product","link":"https:\/\/www.padaworks.com\/pt\/product\/descanso-de-colher-em-porcelana-com-mensagens-de-amor-portuguesas\/","title":{"rendered":"Descanso de colher em porcelana com mensagens de amor portuguesas"},"content":{"rendered":"<p>Descanso de colher em porcelana com mensagens de amor portuguesas<\/p>\n<p>Descanso de colher de cozinha em porcelana. Descanso de colher com mensagens de amor. Uma pe\u00e7a tradicional portuguesa com hist\u00f3ria portuguesa. Pode ser lavado \u00e0 m\u00e3o ou na m\u00e1quina de lavar loi\u00e7a.<br \/>A mensagem de amor e as ilustra\u00e7\u00f5es em portugu\u00eas podem variar de pe\u00e7a para pe\u00e7a.<\/p>\n<p>Feito \u00e0 m\u00e3o<br \/>Fabricado em Portugal<\/p>\n<p>Dimens\u00f5es:<br \/>C - 26 cm, L - 11 cm, A - 2 cm<br \/>C - 10,2 pol., L - 4,3 pol., A - 0,8 pol.<\/p>\n<p>As dimens\u00f5es podem variar ligeiramente.<\/p>","protected":false},"excerpt":{"rendered":"<p>Porcelain Spoon Rest With Portuguese Love Messages Porcelain kitchen spoon rest. Spoon rest with love messages. A traditional portuguese piece with portuguese history. Hand- or dishwasher-safe.The portuguese message of love and illustrations may vary from piece to piece. Artisan MadeMade in Portugal Dimensions:L &#8211; 26 cm, W &#8211; 11 cm, H &#8211; 2 cmL &#8211; [&hellip;]<\/p>","protected":false},"featured_media":66450,"comment_status":"open","ping_status":"open","template":"","meta":{"_acf_changed":false},"product_brand":[],"product_cat":[402,1767],"product_tag":[2852,2859,1741,2854,2319,573,241,2860,667,2861,2857,2862,1124],"class_list":{"0":"post-66449","1":"product","2":"type-product","3":"status-publish","4":"has-post-thumbnail","6":"product_cat-pottery","7":"product_cat-kitchenware","8":"product_tag-ceramic-rest","9":"product_tag-ceramic-spoon-rest","10":"product_tag-ceramics-handmade","11":"product_tag-cooking-utensils","12":"product_tag-decorative-utensils","13":"product_tag-housewarming-gift","14":"product_tag-kitchen-tools","15":"product_tag-porcelain-spoon-rest","16":"product_tag-portuguese-gift","17":"product_tag-spoon-holder","18":"product_tag-spoon-rest","19":"product_tag-stoneware-spoon-rest","20":"product_tag-vintage-ceramic","21":"product_shipping_class-small-package","23":"first","24":"instock","25":"sale","26":"taxable","27":"shipping-taxable","28":"purchasable","29":"product-type-simple"},"acf":[],"gallery_images":[66451,66452,66453,66454],"_links":{"self":[{"href":"https:\/\/www.padaworks.com\/pt\/wp-json\/wp\/v2\/product\/66449","targetHints":{"allow":["GET"]}}],"collection":[{"href":"https:\/\/www.padaworks.com\/pt\/wp-json\/wp\/v2\/product"}],"about":[{"href":"https:\/\/www.padaworks.com\/pt\/wp-json\/wp\/v2\/types\/product"}],"replies":[{"embeddable":true,"href":"https:\/\/www.padaworks.com\/pt\/wp-json\/wp\/v2\/comments?post=66449"}],"wp:featuredmedia":[{"embeddable":true,"href":"https:\/\/www.padaworks.com\/pt\/wp-json\/wp\/v2\/media\/66450"}],"wp:attachment":[{"href":"https:\/\/www.padaworks.com\/pt\/wp-json\/wp\/v2\/media?parent=66449"}],"wp:term":[{"taxonomy":"product_brand","embeddable":true,"href":"https:\/\/www.padaworks.com\/pt\/wp-json\/wp\/v2\/product_brand?post=66449"},{"taxonomy":"product_cat","embeddable":true,"href":"https:\/\/www.padaworks.com\/pt\/wp-json\/wp\/v2\/product_cat?post=66449"},{"taxonomy":"product_tag","embeddable":true,"href":"https:\/\/www.padaworks.com\/pt\/wp-json\/wp\/v2\/product_tag?post=66449"}],"curies":[{"name":"wp","href":"https:\/\/api.w.org\/{rel}","templated":true}]}}