{"id":66443,"date":"2025-08-23T14:19:29","date_gmt":"2025-08-23T14:19:29","guid":{"rendered":"https:\/\/www.padaworks.com\/product\/sunflower-kitchen-spoon-base\/"},"modified":"2026-04-27T08:32:06","modified_gmt":"2026-04-27T08:32:06","slug":"base-para-colher-de-cozinha-girassol","status":"publish","type":"product","link":"https:\/\/www.padaworks.com\/pt\/product\/base-para-colher-de-cozinha-girassol\/","title":{"rendered":"Base de colher de cozinha girassol"},"content":{"rendered":"<p>Base de colher de cozinha girassol<\/p>\n<p>Apoio para colheres de cozinha em forma de girassol, pintado \u00e0 m\u00e3o e esmaltado. Um apoio para colheres \u00fanico e divertido, com um design vintage para a sua cozinha. Uma pe\u00e7a tradicional portuguesa.<\/p>\n<p>Feito \u00e0 m\u00e3o<br \/>Fabricado em Portugal<\/p>\n<p>Dimens\u00f5es:<br \/>C \u2013 23 cm, L \u2013 11 cm, A \u2013 2 cm<br \/>L \u2013 23 cm, L \u2013 11 cm, A \u2013 2 cm<\/p>\n<p>As dimens\u00f5es podem variar ligeiramente.<\/p>","protected":false},"excerpt":{"rendered":"<p>Sunflower Kitchen Spoon Base Sunflower kitchen spoon rest, hand-painted and glazed. A unique and fun spoon rest with a vintage design for your kitchen. A traditional portuguese piece. Artisan MadeMade in Portugal Dimensions:L &#8211; 23 cm, W &#8211; 11 cm, H &#8211; 2 cmL &#8211; 9,1 in, W &#8211; 4,3 in, H &#8211; 0,8 in [&hellip;]<\/p>","protected":false},"featured_media":66444,"comment_status":"open","ping_status":"open","template":"","meta":{"_acf_changed":false},"product_brand":[],"product_cat":[402,1767],"product_tag":[2852,2853,1741,2854,2319,241,2855,1229,667,2856,2857,2858,1124],"class_list":{"0":"post-66443","1":"product","2":"type-product","3":"status-publish","4":"has-post-thumbnail","6":"product_cat-pottery","7":"product_cat-kitchenware","8":"product_tag-ceramic-rest","9":"product_tag-ceramic-sunflower","10":"product_tag-ceramics-handmade","11":"product_tag-cooking-utensils","12":"product_tag-decorative-utensils","13":"product_tag-kitchen-tools","14":"product_tag-mid-century-decor","15":"product_tag-new-home-gift","16":"product_tag-portuguese-gift","17":"product_tag-souvenir-portugal","18":"product_tag-spoon-rest","19":"product_tag-stoneware-pottery","20":"product_tag-vintage-ceramic","21":"product_shipping_class-small-package","23":"first","24":"instock","25":"sale","26":"taxable","27":"shipping-taxable","28":"purchasable","29":"product-type-simple"},"acf":[],"gallery_images":[66445,66446,66447,66448],"_links":{"self":[{"href":"https:\/\/www.padaworks.com\/pt\/wp-json\/wp\/v2\/product\/66443","targetHints":{"allow":["GET"]}}],"collection":[{"href":"https:\/\/www.padaworks.com\/pt\/wp-json\/wp\/v2\/product"}],"about":[{"href":"https:\/\/www.padaworks.com\/pt\/wp-json\/wp\/v2\/types\/product"}],"replies":[{"embeddable":true,"href":"https:\/\/www.padaworks.com\/pt\/wp-json\/wp\/v2\/comments?post=66443"}],"wp:featuredmedia":[{"embeddable":true,"href":"https:\/\/www.padaworks.com\/pt\/wp-json\/wp\/v2\/media\/66444"}],"wp:attachment":[{"href":"https:\/\/www.padaworks.com\/pt\/wp-json\/wp\/v2\/media?parent=66443"}],"wp:term":[{"taxonomy":"product_brand","embeddable":true,"href":"https:\/\/www.padaworks.com\/pt\/wp-json\/wp\/v2\/product_brand?post=66443"},{"taxonomy":"product_cat","embeddable":true,"href":"https:\/\/www.padaworks.com\/pt\/wp-json\/wp\/v2\/product_cat?post=66443"},{"taxonomy":"product_tag","embeddable":true,"href":"https:\/\/www.padaworks.com\/pt\/wp-json\/wp\/v2\/product_tag?post=66443"}],"curies":[{"name":"wp","href":"https:\/\/api.w.org\/{rel}","templated":true}]}}