{"id":66388,"date":"2025-08-20T16:52:30","date_gmt":"2025-08-20T16:52:30","guid":{"rendered":"https:\/\/www.padaworks.com\/product\/black-birds-with-flowers-relief\/"},"modified":"2026-05-03T21:02:36","modified_gmt":"2026-05-03T20:02:36","slug":"passaros-pretos-com-relevo-de-flores","status":"publish","type":"product","link":"https:\/\/www.padaworks.com\/pt\/product\/passaros-pretos-com-relevo-de-flores\/","title":{"rendered":"P\u00e1ssaros pretos com flores Relevo"},"content":{"rendered":"<p>P\u00e1ssaros pretos com flores Relevo<\/p>\n<p>Fabricado em barro com acabamento vidrado. Dispon\u00edvel em dois tamanhos.<br \/>\nAs andorinhas s\u00e3o aves migrat\u00f3rias que assinalam a chegada da primavera. Estas aves t\u00eam uma carater\u00edstica que as distingue. Regressam quase sempre ao mesmo local onde fizeram o primeiro ninho e t\u00eam apenas um parceiro durante a viagem!<br \/>\nEm Portugal \u00e9 t\u00edpico ver estas andorinhas penduradas nas paredes das casas! S\u00e3o o s\u00edmbolo do Amor, da Fam\u00edlia, da Lealdade, do Lar e da Fidelidade.<br \/>\nSimbolizam os membros da fam\u00edlia. Os de tamanho grande s\u00e3o os pais, os de tamanho m\u00e9dio s\u00e3o os filhos e os de tamanho pequeno s\u00e3o os netos.<br \/>\nCrie tamb\u00e9m esta bela tradi\u00e7\u00e3o portuguesa na sua casa \ud83d\ude42<\/p>\n<p>Feito \u00e0 m\u00e3o<br \/>\nFeito em Portugal com produtos portugueses, dedica\u00e7\u00e3o e amor!!<\/p>\n<p>Dimens\u00f5es:<br \/>\nPEQUENO<br \/>\nC - 11 cm, L - 9 cm, P - 2,5 cm<br \/>\nC - 4,3 pol., L - 3,5 pol., P - 1,0 pol.<\/p>\n<p>GRANDE<br \/>\nC - 17 cm, L - 12,5 cm, P - 3 cm<br \/>\nC - 6,7 pol., L - 4,9 pol., P - 1,2 pol.<\/p>\n<p>O acabamento vidrado pode, por vezes, apresentar pequenas linhas e deforma\u00e7\u00f5es normais do processo de produ\u00e7\u00e3o manual.<br \/>\nT\u00eam uma abertura na parte de tr\u00e1s para serem pendurados na parede.<\/p>\n<p>As dimens\u00f5es podem variar ligeiramente.<\/p>","protected":false},"excerpt":{"rendered":"<p>Black Birds With Flowers Relief Made of clay with a glazed finish. Available in two sizes. Swallows are migratory birds that indicate the arrival of spring. These birds have a characteristic that sets them apart. They almost always return to the same place where they first made the nest and have only one partner along [&hellip;]<\/p>","protected":false},"featured_media":66389,"comment_status":"open","ping_status":"closed","template":"","meta":{"_acf_changed":false},"product_brand":[],"product_cat":[1550],"product_tag":[1011,699,1800,1231,1622,1008,494,479,1545,1682,540,698,662],"class_list":{"0":"post-66388","1":"product","2":"type-product","3":"status-publish","4":"has-post-thumbnail","6":"product_cat-birds","7":"product_tag-bird-wall-art","8":"product_tag-bird-wall-hanging","9":"product_tag-black-bird","10":"product_tag-ceramic-decor","11":"product_tag-ceramic-pottery","12":"product_tag-ceramic-wall-art","13":"product_tag-ceramic-wall-hanging","14":"product_tag-gift-for-her","15":"product_tag-handmade-art","16":"product_tag-portuguese-ceramics","17":"product_tag-traditional-ceramic","18":"product_tag-wall-decor-swallow","19":"product_tag-wall-swallows","20":"product_shipping_class-small-package","22":"first","23":"instock","24":"taxable","25":"shipping-taxable","26":"purchasable","27":"product-type-variable","28":"has-default-attributes","29":"wvs-archive-product-wrapper"},"acf":[],"gallery_images":[66390,66391,66392,66393,66394,66395],"_links":{"self":[{"href":"https:\/\/www.padaworks.com\/pt\/wp-json\/wp\/v2\/product\/66388","targetHints":{"allow":["GET"]}}],"collection":[{"href":"https:\/\/www.padaworks.com\/pt\/wp-json\/wp\/v2\/product"}],"about":[{"href":"https:\/\/www.padaworks.com\/pt\/wp-json\/wp\/v2\/types\/product"}],"replies":[{"embeddable":true,"href":"https:\/\/www.padaworks.com\/pt\/wp-json\/wp\/v2\/comments?post=66388"}],"wp:featuredmedia":[{"embeddable":true,"href":"https:\/\/www.padaworks.com\/pt\/wp-json\/wp\/v2\/media\/66389"}],"wp:attachment":[{"href":"https:\/\/www.padaworks.com\/pt\/wp-json\/wp\/v2\/media?parent=66388"}],"wp:term":[{"taxonomy":"product_brand","embeddable":true,"href":"https:\/\/www.padaworks.com\/pt\/wp-json\/wp\/v2\/product_brand?post=66388"},{"taxonomy":"product_cat","embeddable":true,"href":"https:\/\/www.padaworks.com\/pt\/wp-json\/wp\/v2\/product_cat?post=66388"},{"taxonomy":"product_tag","embeddable":true,"href":"https:\/\/www.padaworks.com\/pt\/wp-json\/wp\/v2\/product_tag?post=66388"}],"curies":[{"name":"wp","href":"https:\/\/api.w.org\/{rel}","templated":true}]}}