{"id":66323,"date":"2025-08-20T13:57:52","date_gmt":"2025-08-20T13:57:52","guid":{"rendered":"https:\/\/www.padaworks.com\/product\/large-cream-rug-with-mustard-yellow-lines-140x200cm-traditional-rug\/"},"modified":"2026-02-02T10:19:38","modified_gmt":"2026-02-02T10:19:38","slug":"tapete-grande-creme-com-linhas-amarelo-mostarda-140x200cm-tapete-tradicional","status":"publish","type":"product","link":"https:\/\/www.padaworks.com\/pt\/product\/tapete-grande-creme-com-linhas-amarelo-mostarda-140x200cm-tapete-tradicional\/","title":{"rendered":"Tapete creme grande com linhas amarelas mostarda - 140x200cm - Tapete tradicional"},"content":{"rendered":"<p>Tapete grande em creme com linhas amarelas mostarda 140x200cm<\/p>\n<p>Este tapete \u00e9 tecido num tear manual com tecidos reutilizados.<br \/>Estes tapetes s\u00e3o robustos, leves e podem ser lavados regularmente \u00e0 m\u00e3o ou \u00e0 m\u00e1quina.<br \/>\u00c9 ecol\u00f3gico porque reutiliza a mat\u00e9ria-prima desperdi\u00e7ada pela ind\u00fastria t\u00eaxtil.<br \/>Recomendamos a lavagem a frio ou a 30\u00b0C.<br \/>Uma vez que este tapete \u00e9 fabricado com produtos reciclados das ind\u00fastrias t\u00eaxteis, pode haver ligeiras varia\u00e7\u00f5es de cor.<\/p>\n<p>Feito \u00e0 m\u00e3o<br \/>Fabricado em Portugal<\/p>\n<p>Dimens\u00f5es:<br \/>C - 200 cm, L - 140 cm<br \/>C - 78,7 pol., L - 55,1 pol.<br \/>C - 6,6 p\u00e9s, L - 4,6 p\u00e9s<br \/>Espessura - cerca de 0,5 cm; 0,2 in<\/p>\n<p>As dimens\u00f5es podem variar ligeiramente.<\/p>","protected":false},"excerpt":{"rendered":"<p>Tapete grande creme com linhas amarelo mostarda 140x200cm Este tapete \u00e9 tecido num tear manual com tecidos reutilizados.Estes tapetes s\u00e3o robustos, leves e podem ser lavados regularmente \u00e0 m\u00e3o ou \u00e0 m\u00e1quina.\u00c9 ecol\u00f3gico porque reutiliza mat\u00e9ria-prima desperdi\u00e7ada pela ind\u00fastria t\u00eaxtil.Recomendamos a lavagem a frio ou a 30\u00b0C.Uma vez que este tapete \u00e9 feito com [...]<\/p>","protected":false},"featured_media":66324,"comment_status":"open","ping_status":"closed","template":"","meta":{"_acf_changed":false},"product_brand":[],"product_cat":[2730],"product_tag":[586,421,648,293,726,420,575,717,841,2850,594,482,620],"class_list":{"0":"post-66323","1":"product","2":"type-product","3":"status-publish","4":"has-post-thumbnail","6":"product_cat-traditional","7":"product_tag-5x8-rug","8":"product_tag-bathroom-rug","9":"product_tag-carpet-rug","10":"product_tag-cotton-rug","11":"product_tag-geometric-rug","12":"product_tag-handmade-rug","13":"product_tag-kitchen-rug","14":"product_tag-large-rug","15":"product_tag-modern-rug","16":"product_tag-mustard-yellow-rug","17":"product_tag-rug-for-living-room","18":"product_tag-rugs-for-bedroom","19":"product_tag-woven-rug","20":"product_shipping_class-small-package","22":"first","23":"instock","24":"taxable","25":"shipping-taxable","26":"purchasable","27":"product-type-simple"},"acf":[],"gallery_images":[66325,66326,66327,66328,66329,66330,66331,66332,66333],"_links":{"self":[{"href":"https:\/\/www.padaworks.com\/pt\/wp-json\/wp\/v2\/product\/66323","targetHints":{"allow":["GET"]}}],"collection":[{"href":"https:\/\/www.padaworks.com\/pt\/wp-json\/wp\/v2\/product"}],"about":[{"href":"https:\/\/www.padaworks.com\/pt\/wp-json\/wp\/v2\/types\/product"}],"replies":[{"embeddable":true,"href":"https:\/\/www.padaworks.com\/pt\/wp-json\/wp\/v2\/comments?post=66323"}],"wp:featuredmedia":[{"embeddable":true,"href":"https:\/\/www.padaworks.com\/pt\/wp-json\/wp\/v2\/media\/66324"}],"wp:attachment":[{"href":"https:\/\/www.padaworks.com\/pt\/wp-json\/wp\/v2\/media?parent=66323"}],"wp:term":[{"taxonomy":"product_brand","embeddable":true,"href":"https:\/\/www.padaworks.com\/pt\/wp-json\/wp\/v2\/product_brand?post=66323"},{"taxonomy":"product_cat","embeddable":true,"href":"https:\/\/www.padaworks.com\/pt\/wp-json\/wp\/v2\/product_cat?post=66323"},{"taxonomy":"product_tag","embeddable":true,"href":"https:\/\/www.padaworks.com\/pt\/wp-json\/wp\/v2\/product_tag?post=66323"}],"curies":[{"name":"wp","href":"https:\/\/api.w.org\/{rel}","templated":true}]}}