{"id":66304,"date":"2025-08-18T19:02:11","date_gmt":"2025-08-18T19:02:11","guid":{"rendered":"https:\/\/www.padaworks.com\/product\/mini-cream-rug-with-colorful-lines-60x45cm-traditional-rug\/"},"modified":"2026-04-21T21:32:11","modified_gmt":"2026-04-21T21:32:11","slug":"mini-tapete-creme-com-linhas-coloridas-60x50cm-tapete-tradicional","status":"publish","type":"product","link":"https:\/\/www.padaworks.com\/pt\/product\/mini-tapete-creme-com-linhas-coloridas-60x50cm-tapete-tradicional\/","title":{"rendered":"Mini Tapete Creme com Linhas Coloridas \u2013 60x50cm \u2013 Tapete Tradicional"},"content":{"rendered":"<p>Mini tapete creme com linhas coloridas<\/p>\n<p>Este tapete \u00e9 tecido num tear manual com tecidos reutilizados.<br \/>\nEstes tapetes s\u00e3o robustos, leves e podem ser lavados regularmente \u00e0 m\u00e3o ou \u00e0 m\u00e1quina.<br \/>\n\u00c9 ecol\u00f3gico porque reutiliza a mat\u00e9ria-prima desperdi\u00e7ada pela ind\u00fastria t\u00eaxtil.<br \/>\nRecomendamos a lavagem a frio ou a 30\u00b0C.<br \/>\nUma vez que este tapete \u00e9 fabricado com produtos reciclados das ind\u00fastrias t\u00eaxteis, pode haver ligeiras varia\u00e7\u00f5es de cor.<\/p>\n<p>Feito \u00e0 m\u00e3o<br \/>\nFabricado em Portugal<\/p>\n<p>Dimens\u00f5es:<br \/>\nC \u2013 50 cm, L \u2013 60 cm<br \/>\nL \u2013 50 cm, W \u2013 60 cm<br \/>\nC \u2013 48 cm, L \u2013 60 cm<br \/>\nEspessura - cerca de 0,8 cm; 0,3 in<\/p>\n<p>As dimens\u00f5es podem variar ligeiramente.<\/p>","protected":false},"excerpt":{"rendered":"<p>Mini Cream Rug With Colorful Lines This rug is woven in a manual loom with fabrics reused. These rugs are robust, light, and can be regularly washed by hand or machine. It is ecological because they reuse raw material wasted by the textil industry. We recommend cold washing or to 30\u00b0C. Since this rug is [&hellip;]<\/p>","protected":false},"featured_media":66305,"comment_status":"open","ping_status":"closed","template":"","meta":{"_acf_changed":false},"product_brand":[],"product_cat":[2730],"product_tag":[421,465,718,293,588,590,1596,1007,480,296,817,1331,595],"class_list":{"0":"post-66304","1":"product","2":"type-product","3":"status-publish","4":"has-post-thumbnail","6":"product_cat-traditional","7":"product_tag-bathroom-rug","8":"product_tag-bedroom-rug","9":"product_tag-colorful-rug","10":"product_tag-cotton-rug","11":"product_tag-door-mat","12":"product_tag-floor-mat","13":"product_tag-knotted-rug","14":"product_tag-mini-rug","15":"product_tag-rag-rug","16":"product_tag-recycled-rug","17":"product_tag-shower-mat","18":"product_tag-striped-rug","19":"product_tag-washable-rug","20":"product_shipping_class-small-package","22":"first","23":"onbackorder","24":"taxable","25":"shipping-taxable","26":"purchasable","27":"product-type-simple"},"acf":[],"gallery_images":[66306,66307,66308,66309,66310,66311,66312],"_links":{"self":[{"href":"https:\/\/www.padaworks.com\/pt\/wp-json\/wp\/v2\/product\/66304","targetHints":{"allow":["GET"]}}],"collection":[{"href":"https:\/\/www.padaworks.com\/pt\/wp-json\/wp\/v2\/product"}],"about":[{"href":"https:\/\/www.padaworks.com\/pt\/wp-json\/wp\/v2\/types\/product"}],"replies":[{"embeddable":true,"href":"https:\/\/www.padaworks.com\/pt\/wp-json\/wp\/v2\/comments?post=66304"}],"wp:featuredmedia":[{"embeddable":true,"href":"https:\/\/www.padaworks.com\/pt\/wp-json\/wp\/v2\/media\/66305"}],"wp:attachment":[{"href":"https:\/\/www.padaworks.com\/pt\/wp-json\/wp\/v2\/media?parent=66304"}],"wp:term":[{"taxonomy":"product_brand","embeddable":true,"href":"https:\/\/www.padaworks.com\/pt\/wp-json\/wp\/v2\/product_brand?post=66304"},{"taxonomy":"product_cat","embeddable":true,"href":"https:\/\/www.padaworks.com\/pt\/wp-json\/wp\/v2\/product_cat?post=66304"},{"taxonomy":"product_tag","embeddable":true,"href":"https:\/\/www.padaworks.com\/pt\/wp-json\/wp\/v2\/product_tag?post=66304"}],"curies":[{"name":"wp","href":"https:\/\/api.w.org\/{rel}","templated":true}]}}