{"id":66278,"date":"2025-08-18T17:57:19","date_gmt":"2025-08-18T17:57:19","guid":{"rendered":"https:\/\/www.padaworks.com\/product\/large-palm-basket-suitcase-style\/"},"modified":"2026-04-30T19:03:03","modified_gmt":"2026-04-30T19:03:03","slug":"cesto-grande-de-palma-estilo-mala","status":"publish","type":"product","link":"https:\/\/www.padaworks.com\/pt\/product\/cesto-grande-de-palma-estilo-mala\/","title":{"rendered":"Cesto de palma grande estilo mala"},"content":{"rendered":"<p>Cesto de palma grande estilo mala<\/p>\n<p>Esta cesta de palma em estilo mala \u00e9 perfeita para decorar um quarto de beb\u00e9, casa de banho ou quarto. Esta cesta artesanal \u00e9 ecol\u00f3gica, feita de materiais naturais. Resistente e duradoura.<\/p>\n<p>Feito \u00e0 m\u00e3o<\/p>\n<p>Dimens\u00f5es:<br \/>Pequeno<br \/>C \u2013 33 cm, L \u2013 25 cm, A \u2013 13 cm<br \/>L \u2013 33 cm, L \u2013 25 cm, A \u2013 13 cm<\/p>\n<p>Grande<br \/>C \u2013 40 cm, L \u2013 32 cm, A \u2013 14 cm<br \/>L \u2013 15,7 pol., L \u2013 12,6 pol., A \u2013 5,5 pol.<\/p>\n<p>As dimens\u00f5es podem variar ligeiramente.<\/p>","protected":false},"excerpt":{"rendered":"<p>Large Palm Basket Suitcase Style This palm basket suitcase-style is perfect for decorating a nursery, bathroom, or bedroom. This handmade basket is environmentally friendly, made from natural materials. Resistant and long-life. Artisan Made Dimensions:SmallL &#8211; 33 cm, W &#8211; 25 cm, H &#8211; 13 cmL &#8211; 13,0 in, W &#8211; 9,8 in, H &#8211; 5,1 [&hellip;]<\/p>","protected":false},"featured_media":66279,"comment_status":"open","ping_status":"closed","template":"","meta":{"_acf_changed":false},"product_brand":[],"product_cat":[2721],"product_tag":[3111,300,728,2116,654,319,445,642,2118,1514,2120,2117,1033],"class_list":{"0":"post-66278","1":"product","2":"type-product","3":"status-publish","4":"has-post-thumbnail","6":"product_cat-decorative","7":"product_tag-baby-room-basket","8":"product_tag-bathroom-basket","9":"product_tag-boho-decor","10":"product_tag-decorative-basket","11":"product_tag-easter-basket","12":"product_tag-farmhouse-decor","13":"product_tag-gift-basket","14":"product_tag-laundry-basket","15":"product_tag-nursery-storage","16":"product_tag-organizer-basket","17":"product_tag-storage-organization","18":"product_tag-toy-storage","19":"product_tag-toys-basket","20":"product_shipping_class-small-package","22":"first","23":"instock","24":"taxable","25":"shipping-taxable","26":"purchasable","27":"product-type-variable","28":"has-default-attributes","29":"wvs-archive-product-wrapper"},"acf":[],"gallery_images":[66280,66281,66282,66283,66284,66285,66286,66287,66288,66292],"_links":{"self":[{"href":"https:\/\/www.padaworks.com\/pt\/wp-json\/wp\/v2\/product\/66278","targetHints":{"allow":["GET"]}}],"collection":[{"href":"https:\/\/www.padaworks.com\/pt\/wp-json\/wp\/v2\/product"}],"about":[{"href":"https:\/\/www.padaworks.com\/pt\/wp-json\/wp\/v2\/types\/product"}],"replies":[{"embeddable":true,"href":"https:\/\/www.padaworks.com\/pt\/wp-json\/wp\/v2\/comments?post=66278"}],"wp:featuredmedia":[{"embeddable":true,"href":"https:\/\/www.padaworks.com\/pt\/wp-json\/wp\/v2\/media\/66279"}],"wp:attachment":[{"href":"https:\/\/www.padaworks.com\/pt\/wp-json\/wp\/v2\/media?parent=66278"}],"wp:term":[{"taxonomy":"product_brand","embeddable":true,"href":"https:\/\/www.padaworks.com\/pt\/wp-json\/wp\/v2\/product_brand?post=66278"},{"taxonomy":"product_cat","embeddable":true,"href":"https:\/\/www.padaworks.com\/pt\/wp-json\/wp\/v2\/product_cat?post=66278"},{"taxonomy":"product_tag","embeddable":true,"href":"https:\/\/www.padaworks.com\/pt\/wp-json\/wp\/v2\/product_tag?post=66278"}],"curies":[{"name":"wp","href":"https:\/\/api.w.org\/{rel}","templated":true}]}}