{"id":66250,"date":"2025-08-17T11:01:08","date_gmt":"2025-08-17T11:01:08","guid":{"rendered":"https:\/\/www.padaworks.com\/product\/curved-ceramic-glazed-sardines-irregularly-shaped-sardines\/"},"modified":"2026-04-16T08:46:55","modified_gmt":"2026-04-16T08:46:55","slug":"sardinhas-curvas-esmaltadas-em-ceramica-sardinhas-de-formato-irregular","status":"publish","type":"product","link":"https:\/\/www.padaworks.com\/pt\/product\/sardinhas-curvas-esmaltadas-em-ceramica-sardinhas-de-formato-irregular\/","title":{"rendered":"Sardinhas curvas esmaltadas em cer\u00e2mica - Sardinhas com formas irregulares"},"content":{"rendered":"<p>Sardinhas Curvas Esmaltadas em Cer\u00e2mica<\/p>\n<p>Sardinhas de cer\u00e2mica com formas irregulares, feitas \u00e0 m\u00e3o com um acabamento esmaltado que lhes confere cores vibrantes. Perfeitas para decorar a sua casa, para oferecer ou simplesmente para ter por perto e recordar Portugal.<\/p>\n<p>Feito \u00e0 m\u00e3o<br \/>\nPequenas irregularidades comprovam um trabalho artesanal 100% e pe\u00e7as \u00fanicas!<br \/>\nFeito em Portugal com produtos portugueses, dedica\u00e7\u00e3o e amor!!<\/p>\n<p>Dimens\u00f5es:<br \/>\nC - 16 cm, L - 3,5 cm, A - 2 cm, A com curvatura - 3,5 cm<br \/>\nC - 6,3 pol., L - 1,4 pol., A - 0,8 pol., A com curvatura - 1,4 pol.<\/p>\n<p>T\u00eam uma abertura na parte de tr\u00e1s para serem pendurados na parede.<\/p>\n<p>O acabamento vidrado pode, por vezes, apresentar pequenas linhas e deforma\u00e7\u00f5es normais do processo de produ\u00e7\u00e3o manual.<\/p>\n<p>As dimens\u00f5es podem variar ligeiramente.<\/p>","protected":false},"excerpt":{"rendered":"<p>Curved Ceramic Glazed Sardines Irregularly shaped ceramic sardines, handmade with a glazed finish that gives them vibrant colors. Perfect for decorating your home, as a gift, or simply to keep close by and remind you of Portugal. Artisan Made Small irregularities prove a 100% handmade work and unique pieces! Made in Portugal with portuguese products, [&hellip;]<\/p>","protected":false},"featured_media":66251,"comment_status":"open","ping_status":"closed","template":"","meta":{"_acf_changed":false},"product_brand":[],"product_cat":[1551],"product_tag":[495,492,1008,494,1685,1684,396,544,1508,493,1564,491,1124],"class_list":{"0":"post-66250","1":"product","2":"type-product","3":"status-publish","4":"has-post-thumbnail","6":"product_cat-fishes","7":"product_tag-ceramic-art","8":"product_tag-ceramic-fish","9":"product_tag-ceramic-wall-art","10":"product_tag-ceramic-wall-hanging","11":"product_tag-fish-art","12":"product_tag-fish-decor","13":"product_tag-fish-wall-hanging","14":"product_tag-gift-from-portugal","15":"product_tag-kitchen-wall-hanging","16":"product_tag-outdoor-wall-decor","17":"product_tag-sardine-gifts","18":"product_tag-sardine-wall-hanging","19":"product_tag-vintage-ceramic","20":"product_shipping_class-small-package","22":"first","23":"instock","24":"taxable","25":"shipping-taxable","26":"purchasable","27":"product-type-variable","28":"has-default-attributes","29":"wvs-archive-product-wrapper"},"acf":[],"gallery_images":[66260,66252,66253,66254,66255,66256,102614,66257,102616,66259,102615,102613,66261],"_links":{"self":[{"href":"https:\/\/www.padaworks.com\/pt\/wp-json\/wp\/v2\/product\/66250","targetHints":{"allow":["GET"]}}],"collection":[{"href":"https:\/\/www.padaworks.com\/pt\/wp-json\/wp\/v2\/product"}],"about":[{"href":"https:\/\/www.padaworks.com\/pt\/wp-json\/wp\/v2\/types\/product"}],"replies":[{"embeddable":true,"href":"https:\/\/www.padaworks.com\/pt\/wp-json\/wp\/v2\/comments?post=66250"}],"wp:featuredmedia":[{"embeddable":true,"href":"https:\/\/www.padaworks.com\/pt\/wp-json\/wp\/v2\/media\/66251"}],"wp:attachment":[{"href":"https:\/\/www.padaworks.com\/pt\/wp-json\/wp\/v2\/media?parent=66250"}],"wp:term":[{"taxonomy":"product_brand","embeddable":true,"href":"https:\/\/www.padaworks.com\/pt\/wp-json\/wp\/v2\/product_brand?post=66250"},{"taxonomy":"product_cat","embeddable":true,"href":"https:\/\/www.padaworks.com\/pt\/wp-json\/wp\/v2\/product_cat?post=66250"},{"taxonomy":"product_tag","embeddable":true,"href":"https:\/\/www.padaworks.com\/pt\/wp-json\/wp\/v2\/product_tag?post=66250"}],"curies":[{"name":"wp","href":"https:\/\/api.w.org\/{rel}","templated":true}]}}