{"id":66208,"date":"2025-08-16T13:43:33","date_gmt":"2025-08-16T13:43:33","guid":{"rendered":"https:\/\/www.padaworks.com\/product\/two-tone-glazed-ceramic-swallows-wall-hanging\/"},"modified":"2026-04-29T11:01:26","modified_gmt":"2026-04-29T11:01:26","slug":"enfeite-de-parede-em-ceramica-esmaltada-com-duas-cores-em-forma-de-andorinhas","status":"publish","type":"product","link":"https:\/\/www.padaworks.com\/pt\/product\/enfeite-de-parede-em-ceramica-esmaltada-com-duas-cores-em-forma-de-andorinhas\/","title":{"rendered":"Andorinhas em cer\u00e2mica vidrada de dois tons - Pendurar na parede"},"content":{"rendered":"<p>Andorinhas em cer\u00e2mica esmaltada bicolor<\/p>\n<p>Made of clay with a glazed finish. Available in one size and 11 different colors.<br \/>\nSwallows are migratory birds that indicate the arrival of spring. These birds have a characteristic that sets them apart. They almost always return to the same place where they first made the nest and have only one partner along the way!<br \/>\nEm Portugal \u00e9 t\u00edpico ver estas andorinhas penduradas nas paredes das casas! S\u00e3o o s\u00edmbolo do Amor, da Fam\u00edlia, da Lealdade, do Lar e da Fidelidade.<br \/>\nEles simbolizam os membros da fam\u00edlia.<br \/>\nCrie tamb\u00e9m esta bela tradi\u00e7\u00e3o portuguesa na sua casa \ud83d\ude42<\/p>\n<p>Feito \u00e0 m\u00e3o<br \/>\nFeito em Portugal com produtos portugueses, dedica\u00e7\u00e3o e amor!!<\/p>\n<p>Dimens\u00f5es:<br \/>\nC \u2013 16,5 cm, L \u2013 12 cm, P \u2013 3,5 cm<br \/>\nL \u2013 16,5 cm, L \u2013 12 cm, P \u2013 3,5 cm<\/p>\n<p>O acabamento vidrado pode, por vezes, apresentar pequenas linhas e deforma\u00e7\u00f5es normais do processo de produ\u00e7\u00e3o manual.<br \/>\nT\u00eam uma abertura na parte de tr\u00e1s para serem pendurados na parede.<\/p>\n<p>As dimens\u00f5es podem variar ligeiramente.<\/p>","protected":false},"excerpt":{"rendered":"<p>Two-Tone Glazed Ceramic Swallows Made of clay with a glazed finish. Available in one size and 11 different colors. Swallows are migratory birds that indicate the arrival of spring. These birds have a characteristic that sets them apart. They almost always return to the same place where they first made the nest and have only [&hellip;]<\/p>","protected":false},"featured_media":66209,"comment_status":"open","ping_status":"closed","template":"","meta":{"_acf_changed":false},"product_brand":[],"product_cat":[1550],"product_tag":[700,1740,1739,1038,580,1738,1008,664,1741,1682,667,94,668],"class_list":{"0":"post-66208","1":"product","2":"type-product","3":"status-publish","4":"has-post-thumbnail","6":"product_cat-birds","7":"product_tag-bird-decor","8":"product_tag-bird-figurines","9":"product_tag-bird-ornament","10":"product_tag-birds-wall-hanging","11":"product_tag-ceramic-sculpture","12":"product_tag-ceramic-set","13":"product_tag-ceramic-wall-art","14":"product_tag-ceramic-wall-swallow","15":"product_tag-ceramics-handmade","16":"product_tag-portuguese-ceramics","17":"product_tag-portuguese-gift","18":"product_tag-wall-decor","19":"product_tag-wall-hanging-swallow","20":"product_shipping_class-small-package","22":"first","23":"instock","24":"taxable","25":"shipping-taxable","26":"purchasable","27":"product-type-variable","28":"has-default-attributes","29":"wvs-archive-product-wrapper"},"acf":[],"gallery_images":[66210,66211,66212,66213,66214,66215,66216,66217,66218,66219,66220,66221,66222,66223,66224,66225,66226,66227],"_links":{"self":[{"href":"https:\/\/www.padaworks.com\/pt\/wp-json\/wp\/v2\/product\/66208","targetHints":{"allow":["GET"]}}],"collection":[{"href":"https:\/\/www.padaworks.com\/pt\/wp-json\/wp\/v2\/product"}],"about":[{"href":"https:\/\/www.padaworks.com\/pt\/wp-json\/wp\/v2\/types\/product"}],"replies":[{"embeddable":true,"href":"https:\/\/www.padaworks.com\/pt\/wp-json\/wp\/v2\/comments?post=66208"}],"wp:featuredmedia":[{"embeddable":true,"href":"https:\/\/www.padaworks.com\/pt\/wp-json\/wp\/v2\/media\/66209"}],"wp:attachment":[{"href":"https:\/\/www.padaworks.com\/pt\/wp-json\/wp\/v2\/media?parent=66208"}],"wp:term":[{"taxonomy":"product_brand","embeddable":true,"href":"https:\/\/www.padaworks.com\/pt\/wp-json\/wp\/v2\/product_brand?post=66208"},{"taxonomy":"product_cat","embeddable":true,"href":"https:\/\/www.padaworks.com\/pt\/wp-json\/wp\/v2\/product_cat?post=66208"},{"taxonomy":"product_tag","embeddable":true,"href":"https:\/\/www.padaworks.com\/pt\/wp-json\/wp\/v2\/product_tag?post=66208"}],"curies":[{"name":"wp","href":"https:\/\/api.w.org\/{rel}","templated":true}]}}